{"id":52,"date":"2026-03-23T13:50:24","date_gmt":"2026-03-23T11:50:24","guid":{"rendered":"https:\/\/manifestation.com.ua\/?page_id=52"},"modified":"2026-04-08T14:50:45","modified_gmt":"2026-04-08T14:50:45","slug":"o","status":"publish","type":"page","link":"https:\/\/manifestation.com.ua\/cs\/o\/","title":{"rendered":"O webu"},"content":{"rendered":"<div class=\"wp-block-image\">\n<figure class=\"alignright size-full is-resized\"><img loading=\"lazy\" decoding=\"async\" width=\"640\" height=\"640\" src=\"https:\/\/manifestation.com.ua\/wp-content\/uploads\/2026\/04\/5197470157344202509.jpg\" alt=\"\" class=\"wp-image-384\" style=\"object-fit:contain;width:350px;height:350px\" srcset=\"https:\/\/manifestation.com.ua\/wp-content\/uploads\/2026\/04\/5197470157344202509.jpg 640w, https:\/\/manifestation.com.ua\/wp-content\/uploads\/2026\/04\/5197470157344202509-12x12.jpg 12w, https:\/\/manifestation.com.ua\/wp-content\/uploads\/2026\/04\/5197470157344202509-148x148.jpg 148w, https:\/\/manifestation.com.ua\/wp-content\/uploads\/2026\/04\/5197470157344202509-296x296.jpg 296w, https:\/\/manifestation.com.ua\/wp-content\/uploads\/2026\/04\/5197470157344202509-512x512.jpg 512w, https:\/\/manifestation.com.ua\/wp-content\/uploads\/2026\/04\/5197470157344202509-300x300.jpg 300w, https:\/\/manifestation.com.ua\/wp-content\/uploads\/2026\/04\/5197470157344202509-600x600.jpg 600w, https:\/\/manifestation.com.ua\/wp-content\/uploads\/2026\/04\/5197470157344202509-100x100.jpg 100w\" sizes=\"auto, (max-width: 640px) 100vw, 640px\" \/><\/figure>\n<\/div>\n\n\n<p>Dobr\u00fd den. Jmenuji se Roman a tyto str\u00e1nky jsou v\u00fdsledkem m\u00e9ho dlouholet\u00e9ho v\u00fdzkumu v oblasti prol\u00edn\u00e1n\u00ed psychologie, metafyziky a praktick\u00fdch zku\u0161enost\u00ed s transformac\u00ed \u017eivota.<br>Vytvo\u0159il jsem ji jako platformu pro ty, kte\u0159\u00ed p\u0159erostli povrchn\u00ed rady o \u00abpozitivn\u00edm my\u0161len\u00ed\u00bb a hledaj\u00ed z\u00e1sadn\u00ed odpov\u011bdi na ot\u00e1zku: jak na\u0161e v\u011bdom\u00ed utv\u00e1\u0159\u00ed objektivn\u00ed realitu?<\/p>\n\n\n\n<p>Z\u00e1kladem m\u00e9ho p\u0159\u00edstupu je v\u00fduka <strong>Neville Goddard<\/strong> \u2014 jeden z nejv\u00fdznamn\u011bj\u0161\u00edch metafyzik\u016f 20. stolet\u00ed. Jeho koncept <strong>Z\u00e1kon p\u0159edpoklad\u016f<\/strong> (Z\u00e1kon p\u0159edpokladu) dokazuje, \u017ee sv\u011bt kolem n\u00e1s je jen \u00abvytla\u010denou\u00bb kopi\u00ed na\u0161eho vnit\u0159n\u00edho stavu.<\/p>\n\n\n\n<p>Na tomto webu se nebav\u00edme jen o snech. Studujeme jejich mechanismy. <strong>Spln\u011bn\u00ed p\u0159\u00e1n\u00ed<\/strong> p\u0159es:<\/p>\n\n\n\n<ul class=\"wp-block-list\">\n<li><strong>S\u00edla my\u0161lenky a p\u0159edstavivosti:<\/strong> Jako n\u00e1stroje pro zm\u011bnu va\u0161eho vnit\u0159n\u00edho autoportr\u00e9tu.<\/li>\n\n\n\n<li><strong>Stav spln\u011bn\u00e9ho p\u0159\u00e1n\u00ed:<\/strong> Praktick\u00e9 techniky pro soust\u0159ed\u011bn\u00ed v\u011bdom\u00ed na kone\u010dn\u00fd v\u00fdsledek.<\/li>\n\n\n\n<li><strong>Metafyzick\u00e1 anal\u00fdza:<\/strong> Hlubok\u00e1 interpretace symboliky a starov\u011bk\u00fdch text\u016f prizmatem modern\u00ed psychologie.<\/li>\n<\/ul>\n\n\n\n<p>V\u011b\u0159\u00edm, \u017ee ka\u017ed\u00fd z n\u00e1s m\u00e1 vrozenou schopnost b\u00fdt v\u011bdom\u00fdm architektem sv\u00e9ho vlastn\u00edho osudu. M\u00fdm c\u00edlem je p\u0159ev\u00e9st slo\u017eit\u00e9 metafyzick\u00e9 principy do praktick\u00fdch krok\u016f, kter\u00e9 v\u00e1m pomohou zm\u011bnit va\u0161i realitu: od kari\u00e9ry a financ\u00ed a\u017e po osobn\u00ed vztahy a vnit\u0159n\u00ed klid.<\/p>\n\n\n\n<p>Tohle nen\u00ed jen blog. Tohle je prostor pro ty, kte\u0159\u00ed jsou p\u0159ipraveni p\u0159evz\u00edt plnou zodpov\u011bdnost za sv\u016fj sv\u011bt a za\u010d\u00edt \u017e\u00edt z pozice s\u00edly, ne okolnost\u00ed.<\/p>\n\n\n\n<h3 class=\"wp-block-heading\">Kdo bude m\u00edt o tento zdroj z\u00e1jem?<\/h3>\n\n\n\n<p>M\u016fj p\u0159\u00edstup spojuje hleda\u010de pravdy z r\u016fzn\u00fdch obor\u016f, proto\u017ee ko\u0159en zm\u011bny je v\u017edy stejn\u00fd - na\u0161e v\u011bdom\u00ed. Pokud jsou v\u00e1m tyto my\u0161lenky bl\u00edzk\u00e9 <strong>Transurfing reality<\/strong>, postupy <strong>Meditace<\/strong> nebo hluboce metafyzick\u00e9 <strong>Modlitba<\/strong>, najdete zde spole\u010dn\u00e9 jmenovatele. Prozkoum\u00e1me, jak <strong>S\u00edla my\u0161lenky<\/strong> a <strong>Vizualizace<\/strong> rezonuj\u00ed s modern\u00edm <strong>Kvantov\u00e1 psychologie<\/strong> a v\u00fdzkum <strong>Retrozraky<\/strong>. Tato str\u00e1nka bude u\u017eite\u010dn\u00e1 pro ty, kte\u0159\u00ed studuj\u00ed <strong>Bible<\/strong> jako metafyzick\u00fd pr\u016fvodce, zaj\u00edmaj\u00edc\u00ed se o <strong>Hermetismus<\/strong> a <strong>Ezoterick\u00e9 k\u0159es\u0165anstv\u00ed<\/strong>, nebo praktiky <strong>J\u00f3ga<\/strong> k dosa\u017een\u00ed vnit\u0159n\u00ed rovnov\u00e1hy. Od <strong>Afirmace<\/strong> na <strong>Epigenetika<\/strong>, z <strong>Lucidn\u00ed sn\u011bn\u00ed<\/strong> k princip\u016fm <strong>Stoicismus<\/strong> \u2014 v\u0161echna tato t\u00e9mata posuzujeme prizmatem praktick\u00e9ho projevu a transformujeme znalosti do re\u00e1ln\u00fdch v\u00fdsledk\u016f ve va\u0161em \u017eivot\u011b.<\/p>\n\n\n\n<h2 class=\"wp-block-heading\">Editor webu<\/h2>\n\n\n\n<div class=\"wp-block-columns is-layout-flex wp-container-core-columns-is-layout-9d6595d7 wp-block-columns-is-layout-flex\">\n<div class=\"wp-block-column is-layout-flow wp-block-column-is-layout-flow\" style=\"flex-basis:15%\">\n<figure class=\"wp-block-image size-full is-style-rounded\"><img loading=\"lazy\" decoding=\"async\" width=\"800\" height=\"800\" src=\"https:\/\/manifestation.com.ua\/wp-content\/uploads\/2026\/03\/image-1.png\" alt=\"\" class=\"wp-image-130\" style=\"aspect-ratio:1;object-fit:cover\" srcset=\"https:\/\/manifestation.com.ua\/wp-content\/uploads\/2026\/03\/image-1.png 800w, https:\/\/manifestation.com.ua\/wp-content\/uploads\/2026\/03\/image-1-300x300.png 300w, https:\/\/manifestation.com.ua\/wp-content\/uploads\/2026\/03\/image-1-100x100.png 100w, https:\/\/manifestation.com.ua\/wp-content\/uploads\/2026\/03\/image-1-600x600.png 600w, https:\/\/manifestation.com.ua\/wp-content\/uploads\/2026\/03\/image-1-150x150.png 150w, https:\/\/manifestation.com.ua\/wp-content\/uploads\/2026\/03\/image-1-768x768.png 768w\" sizes=\"auto, (max-width: 800px) 100vw, 800px\" \/><\/figure>\n<\/div>\n\n\n\n<div class=\"wp-block-column is-layout-flow wp-block-column-is-layout-flow\" style=\"flex-basis:66.66%\">\n<h3 class=\"wp-block-heading\">Roman S.<\/h3>\n\n\n\n<ul class=\"wp-block-social-links is-layout-flex wp-block-social-links-is-layout-flex\"><li class=\"wp-social-link wp-social-link-linkedin  wp-block-social-link\"><a href=\"https:\/\/www.linkedin.com\/in\/smyrnovee\/\" title=\"LinkedIn\" class=\"wp-block-social-link-anchor\" target=\"_blank\" rel=\"noopener\"><svg width=\"24\" height=\"24\" viewbox=\"0 0 24 24\" version=\"1.1\" xmlns=\"http:\/\/www.w3.org\/2000\/svg\" aria-hidden=\"true\" focusable=\"false\"><path d=\"M19.7,3H4.3C3.582,3,3,3.582,3,4.3v15.4C3,20.418,3.582,21,4.3,21h15.4c0.718,0,1.3-0.582,1.3-1.3V4.3 C21,3.582,20.418,3,19.7,3z M8.339,18.338H5.667v-8.59h2.672V18.338z M7.004,8.574c-0.857,0-1.549-0.694-1.549-1.548 c0-0.855,0.691-1.548,1.549-1.548c0.854,0,1.547,0.694,1.547,1.548C8.551,7.881,7.858,8.574,7.004,8.574z M18.339,18.338h-2.669 v-4.177c0-0.996-0.017-2.278-1.387-2.278c-1.389,0-1.601,1.086-1.601,2.206v4.249h-2.667v-8.59h2.559v1.174h0.037 c0.356-0.675,1.227-1.387,2.526-1.387c2.703,0,3.203,1.779,3.203,4.092V18.338z\"><\/path><\/svg><span class=\"wp-block-social-link-label screen-reader-text\">LinkedIn<\/span><\/a><\/li><\/ul>\n<\/div>\n<\/div>\n\n\n\n<p>Pro zp\u011btnou vazbu pros\u00edm napi\u0161te do n\u00ed\u017ee uveden\u00e9ho formul\u00e1\u0159e pro koment\u00e1\u0159e nebo na <a href=\"https:\/\/www.linkedin.com\/in\/smyrnovee\/\" data-type=\"link\" data-id=\"https:\/\/www.linkedin.com\/in\/smyrnovee\/\" target=\"_blank\" rel=\"noopener\">Linedin<\/a>, <a href=\"https:\/\/t.me\/manifestationua?direct\" data-type=\"link\" data-id=\"https:\/\/t.me\/manifestationua?direct\">Telegram Direct<\/a>, <\/p>\n\n\n\n<p>P\u0159ihl\u00e1sit se k odb\u011bru <a href=\"https:\/\/t.me\/manifestationua\" data-type=\"link\" data-id=\"https:\/\/t.me\/manifestationua\">Telegramov\u00fd kan\u00e1l<\/a><\/p>\n\n\n\n<p><a href=\"https:\/\/send.monobank.ua\/jar\/5hv2Sq1Ks4\" data-type=\"link\" data-id=\"https:\/\/send.monobank.ua\/jar\/5hv2Sq1Ks4\" target=\"_blank\" rel=\"noopener\">Podpo\u0159te web<\/a><\/p>\n\n\n\n<p><\/p>\n\n\n<p><script src=\"https:\/\/cdn.pulse.is\/livechat\/loader.js\" data-live-chat-id=\"69d6386a993f9fa03c044097\" async><\/script><\/p>","protected":false},"excerpt":{"rendered":"\u0412\u0456\u0442\u0430\u044e. \u041c\u0435\u043d\u0435 \u0437\u0432\u0430\u0442\u0438 \u0420\u043e\u043c\u0430\u043d, \u0456 \u0446\u0435\u0439 \u0441\u0430\u0439\u0442 \u2014 \u0440\u0435\u0437\u0443\u043b\u044c\u0442\u0430\u0442 \u043c\u043e\u0433\u043e \u0431\u0430\u0433\u0430\u0442\u043e\u0440\u0456\u0447\u043d\u043e\u0433\u043e \u0434\u043e\u0441\u043b\u0456\u0434\u0436\u0435\u043d\u043d\u044f \u043f\u0435\u0440\u0435\u0442\u0438\u043d\u0443 \u043f\u0441\u0438\u0445\u043e\u043b\u043e\u0433\u0456\u0457, \u043c\u0435\u0442\u0430\u0444\u0456\u0437\u0438\u043a\u0438 \u0442\u0430 \u043f\u0440\u0430\u043a\u0442\u0438\u0447\u043d\u043e\u0433\u043e \u0434\u043e\u0441\u0432\u0456\u0434\u0443&hellip;","protected":false},"author":1,"featured_media":0,"parent":0,"menu_order":0,"comment_status":"closed","ping_status":"closed","template":"","meta":{"csco_display_header_overlay":false,"csco_singular_sidebar":"","csco_page_header_type":"title","footnotes":""},"class_list":{"0":"post-52","1":"page","2":"type-page","3":"status-publish","5":"cs-entry"},"_hostinger_reach_plugin_has_subscription_block":false,"_hostinger_reach_plugin_is_elementor":false,"_links":{"self":[{"href":"https:\/\/manifestation.com.ua\/cs\/wp-json\/wp\/v2\/pages\/52","targetHints":{"allow":["GET"]}}],"collection":[{"href":"https:\/\/manifestation.com.ua\/cs\/wp-json\/wp\/v2\/pages"}],"about":[{"href":"https:\/\/manifestation.com.ua\/cs\/wp-json\/wp\/v2\/types\/page"}],"author":[{"embeddable":true,"href":"https:\/\/manifestation.com.ua\/cs\/wp-json\/wp\/v2\/users\/1"}],"replies":[{"embeddable":true,"href":"https:\/\/manifestation.com.ua\/cs\/wp-json\/wp\/v2\/comments?post=52"}],"version-history":[{"count":3,"href":"https:\/\/manifestation.com.ua\/cs\/wp-json\/wp\/v2\/pages\/52\/revisions"}],"predecessor-version":[{"id":386,"href":"https:\/\/manifestation.com.ua\/cs\/wp-json\/wp\/v2\/pages\/52\/revisions\/386"}],"wp:attachment":[{"href":"https:\/\/manifestation.com.ua\/cs\/wp-json\/wp\/v2\/media?parent=52"}],"curies":[{"name":"wp","href":"https:\/\/api.w.org\/{rel}","templated":true}]}}