{"id":351,"date":"2026-03-30T11:12:56","date_gmt":"2026-03-30T11:12:56","guid":{"rendered":"https:\/\/manifestation.com.ua\/?page_id=351"},"modified":"2026-03-30T11:40:09","modified_gmt":"2026-03-30T11:40:09","slug":"neville-goddard-boger","status":"publish","type":"page","link":"https:\/\/manifestation.com.ua\/da\/neville-goddard-boger\/","title":{"rendered":"Neville Goddard-b\u00f8ger: L\u00e6s online og download"},"content":{"rendered":"<p>Neville Goddard er en legendarisk mystiker og ophavsmand til konceptet <strong>\u00ab&quot;Antagelsesloven&quot;\u00bb<\/strong>. Hans v\u00e6rker blev grundlaget for moderne l\u00e6re om tankens kraft og virkelighedens manifestation. Hvis du leder efter et sted at l\u00e6se Neville Goddard p\u00e5 ukrainsk, vil denne komplette guide hj\u00e6lpe dig med at finde alle de vigtigste publikationer.<\/p>\n\n\n\n<p>Denne artikel samler alle 14 b\u00f8ger af forfatteren med korte resum\u00e9er og direkte links til de fulde tekster.<\/p>\n\n\n\n<p>Neville Goddard er en legendarisk mystiker og ophavsmand til konceptet <strong>\u00ab&quot;Antagelsesloven&quot;\u00bb<\/strong>. Hans v\u00e6rker blev grundlaget for moderne l\u00e6re om tankens kraft og virkelighedens manifestation. Hvis du leder efter et sted at l\u00e6se Neville Goddard p\u00e5 ukrainsk, vil denne komplette guide hj\u00e6lpe dig med at finde alle de vigtigste publikationer.<\/p>\n\n\n\n<h2 class=\"wp-block-heading\">Komplet liste over Neville Goddards b\u00f8ger (kronologi)<\/h2>\n\n\n\n<h3 class=\"wp-block-heading\">1. <a href=\"https:\/\/manifestation.com.ua\/da\/pa-din-kommando\/\">Til din kommando (1939)<\/a><\/h3>\n\n\n\n<p>Et fundamentalt v\u00e6rk, der \u00e5bner l\u00e6ringscyklussen. I dette korte, men utroligt kraftfulde v\u00e6rk introducerer Neville f\u00f8rst l\u00e6seren til konceptet &quot;JEG ER&quot; som den eneste kilde til alt, der eksisterer. Forfatteren forklarer, at din bevidsthed er den eneste virkelighed, og omst\u00e6ndighederne har ingen magt over en person, medmindre de bevidst giver dem denne magt. Bogen l\u00e6rer dig at give bevidste &quot;ordrer&quot; til universet, ikke gennem b\u00f8n, men gennem indre bekr\u00e6ftelse. Den er ideel for dem, der lige er begyndt at studere manifestation, da den l\u00e6gger et grundl\u00e6ggende fundament for at forst\u00e5, hvordan vores dybe overbevisninger former den fysiske verden.<\/p>\n\n\n\n<h3 class=\"wp-block-heading\">2. <a href=\"https:\/\/manifestation.com.ua\/da\/tvoya-vira-tvoya-udacha\/\">Din tro er din formue (1941)<\/a><\/h3>\n\n\n\n<p>Et dybdeg\u00e5ende indblik i den psykologiske fortolkning af Bibelen. Neville tilbyder et revolutionerende syn p\u00e5 De Hellige Skrifter og afkoder dem som et psykologisk drama, der udfolder sig i hver enkelt persons bevidsthed. I stedet for at opfatte bibelske personer som historiske figurer, fortolker forfatteren dem som forskellige sindstilstande og stadier af \u00e5ndelig opv\u00e5gning. Bogen beviser, at alle religi\u00f8se tekster beskriver en persons indre tilstand og hj\u00e6lper med at befri sig fra dogmatisk t\u00e6nkning for at forst\u00e5: det virkelige mirakel er en \u00e6ndring i ens egen opfattelse og urokkelige tro p\u00e5 ens ideal.<\/p>\n\n\n\n<h3 class=\"wp-block-heading\">3. <a href=\"https:\/\/manifestation.com.ua\/da\/nevill-goddard-frihed-for-alle-1942-fuld-bog\/\">Frihed for alle (1942)<\/a><\/h3>\n\n\n\n<p>En guide til at mestre din indre frihed. Den udforsker ideen om, at det virkelige f\u00e6ngsel ikke er ydre omst\u00e6ndigheder, men vores egne begr\u00e6nsende overbevisninger. Bogen afsl\u00f8rer hemmelighederne bag, hvordan vi befrier os selv fra den fysiske verdens begr\u00e6nsninger gennem en radikal \u00e6ndring i opm\u00e6rksomhedsfokus. Hovedv\u00e6gten er p\u00e5 evnen til at ignorere beviserne fra de fysiske sanser og fuldst\u00e6ndigt overf\u00f8re opm\u00e6rksomheden til den \u00f8nskede virkelighed skabt i fantasien. Neville tilbyder praktiske v\u00e6rkt\u00f8jer til at overvinde den materielle verdens modstand og f\u00f8le sig som den sande skaber af din sk\u00e6bne.<\/p>\n\n\n\n<h3 class=\"wp-block-heading\">4. <a href=\"https:\/\/manifestation.com.ua\/da\/nevill-goddard-vidchuttya-cze-tayemnyczya-1944-fuld-bog\/\">F\u00f8lelsen er hemmeligheden (1944)<\/a><\/h3>\n\n\n\n<p><strong>Bestseller.<\/strong> Den korteste og mest effektive bog om at arbejde med underbevidstheden, som forbliver utrolig popul\u00e6r p\u00e5 grund af sin krystalklarhed. Neville forklarer samspillet mellem det bevidste sind (som genererer ideer) og underbevidstheden (som materialiserer dem). Hovedhemmeligheden bag manifestation er ikke overdreven anstrengelse eller kamp, men evnen til at blive gennemsyret af f\u00f8lelsen af et allerede opfyldt \u00f8nske. Forfatteren beskriver i detaljer, hvordan man bruger naturlige tilstande, is\u00e6r perioden f\u00f8r s\u00f8vn, for blidt at &quot;s\u00e5&quot; underbevidstheden med de n\u00f8dvendige f\u00f8lelser og forvandle dem til en uundg\u00e5elig fysisk virkelighed.<\/p>\n\n\n\n<h3 class=\"wp-block-heading\">5. <a href=\"https:\/\/manifestation.com.ua\/da\/nevill-goddard-molytva-mystecztvo-viry-1945-povna-knyga\/\" data-type=\"page\" data-id=\"176\">B\u00f8n: Kunsten at tro (1945)<\/a><\/h3>\n\n\n\n<p>Hvordan beder man korrekt for altid at modtage svar? I dette v\u00e6rk bliver den klassiske forst\u00e5else af b\u00f8n som en b\u00f8n til en ydre guddom fuldst\u00e6ndig \u00f8delagt. Neville betragter b\u00f8n som en videnskabelig proces - kunsten at tr\u00e6de ind i en tilstand af opfyldt \u00f8nske ved hj\u00e6lp af visualiseringsteknikker. Han forklarer mekanismerne bag tankeoverf\u00f8rsel, mental telepati og hvordan vores skjulte overbevisninger p\u00e5virker andre menneskers adf\u00e6rd. Bogen unders\u00f8ger i detaljer den s\u00f8vnlignende tilstand (SATS), hvor b\u00f8n bliver et redskab til \u00f8jeblikkelig omprogrammering af virkeligheden.<\/p>\n\n\n\n<h3 class=\"wp-block-heading\">6. <a href=\"https:\/\/manifestation.com.ua\/da\/nevill-goddard-poshuk-1946-fuld-bog\/\" data-type=\"page\" data-id=\"193\">Efters\u00f8gningen (1946)<\/a><\/h3>\n\n\n\n<p>Et essay om s\u00f8gen efter meningen med livet og den indre Gud. Dette er en dybt personlig, lille bog med et enormt filosofisk indhold, der afspejler forfatterens egne mystiske s\u00f8gen. Den appellerer til dem, der er tr\u00e6tte af at lede efter svar i den ydre verden, filosofier eller religi\u00f8se institutioner, og som er klar til at se ind i sig selv. Neville beskriver processen med den forbl\u00f8ffende erkendelse af, at Skaberen faktisk er vores egen menneskelige fantasi. Dette er en st\u00e6rk p\u00e5mindelse om, at alle svarene p\u00e5 globale sp\u00f8rgsm\u00e5l allerede er indlejret i vores sind.<\/p>\n\n\n\n<h3 class=\"wp-block-heading\">7. <a href=\"https:\/\/manifestation.com.ua\/da\/\">Fem lektioner (1948)<\/a><\/h3>\n\n\n\n<p>En udskrift af et praktisk kursus, som Neville afholdt live i Los Angeles. Det er af stor v\u00e6rdi p\u00e5 grund af dets praktiske format: det indeholder specifikke \u00f8velser og forklaringer af &quot;Antagelsesloven&quot;-teknikken. Hver lektion indeholder trinvise instruktioner, og til sidst er der en sp\u00f8rgsm\u00e5l-og-svar-sektion med et rigtigt publikum. Det er i denne bog, at forfatteren unders\u00f8ger &quot;Revisions&quot;-teknikken i detaljer - en unik metode til at \u00e6ndre tidligere begivenheder i fantasien for at hele psykologiske traumer og korrigere fremtidige resultater.<\/p>\n\n\n\n<h3 class=\"wp-block-heading\">8. <a href=\"https:\/\/manifestation.com.ua\/da\/neville-goddard-ud-over-verden-1949-fuld-bog\/\" data-type=\"page\" data-id=\"200\">Ude af denne verden (1949)<\/a><\/h3>\n\n\n\n<p>En udforskning af den fjerde dimension og tidsrejser gennem sindet. Dette v\u00e6rk var \u00e5rtier forud for sin tid og fremlagde koncepter, der resonerer med kvantepsykologi og fysik i dag. Neville ser vores tredimensionelle verden som blot en skygge af en st\u00f8rre, flerdimensionel virkelighed, hvor fortid, nutid og fremtid eksisterer samtidigt. Med denne bog l\u00e6rer du, hvordan du kan flytte dit fokus i rum og tid gennem din fantasi for at &quot;bebo&quot; den fremtid, du \u00f8nsker, f\u00f8r den fysisk ankommer.<\/p>\n\n\n\n<h3 class=\"wp-block-heading\">9. <a href=\"https:\/\/manifestation.com.ua\/da\/neville-goddard-sovnens-opvagnen-hele-bogen-fra-1954\/\" data-type=\"page\" data-id=\"244\">V\u00e6kket fantasi (1954)<\/a><\/h3>\n\n\n\n<p>Et skels\u00e6ttende v\u00e6rk om, hvordan menneskelig fantasi bogstaveligt talt skaber virkelighed. Neville viser den sl\u00e5ende forskel mellem en &quot;sovende&quot; person, der passivt reagerer p\u00e5 omst\u00e6ndighederne, og en &quot;v\u00e5gen&quot; person, der p\u00e5tager sig rollen som en bevidst skaber af sit eget liv. Bogen indeholder mange eksempler og historier om virkelige mennesker, der radikalt har \u00e6ndret deres liv ved hj\u00e6lp af Nevilles metoder: fra at helbrede alvorlige sygdomme til at opn\u00e5 utrolig social og \u00f8konomisk succes udelukkende gennem aktiv brug af indre vision.<\/p>\n\n\n\n<h3 class=\"wp-block-heading\">10. <a href=\"https:\/\/manifestation.com.ua\/da\/nevill-goddard-chas-nasinnya-i-vrozhaj-mistychnyj-poglyad-na-pysannya-1956-povna-knyga\/\" data-type=\"page\" data-id=\"282\">S\u00e5tid og h\u00f8st (1956)<\/a><\/h3>\n\n\n\n<p>Om vores tankers cykliske natur og m\u00f8nstrene for deres materialisering. I dette v\u00e6rk drager forfatteren en dyb analogi mellem naturlige landbrugscyklusser og processen med at opfylde \u00f8nsker. Ligesom hvert fr\u00f8 har sin egen unikke tid til at spire, beh\u00f8ver hver tanke et bestemt &quot;tidsinterval&quot;, f\u00f8r den bliver synlig. Bogen l\u00e6rer t\u00e5lmodighed, tillid til resultatet og er en fremragende guide til at bek\u00e6mpe angst. Den forklarer, hvorfor man ikke b\u00f8r &quot;grave fr\u00f8et op&quot; hver dag for at tjekke, om det vokser.<\/p>\n\n\n\n<h3 class=\"wp-block-heading\">11. <a href=\"https:\/\/manifestation.com.ua\/da\/nevil-goddard-ya-znayu-svogo-batka-1960-povna-knyga\/\">Jeg kender min far (1960)<\/a><\/h3>\n\n\n\n<p>En bog om menneskets dybe enhed med kilden til alt, hvad der eksisterer. Dette er en meget intim mystisk historie, hvor Neville deler sin oplevelse af at erkende, at Skaberen (Faderen) og skabelsen (S\u00f8nnen) er \u00e9n udelelig helhed. Bogen har til form\u00e5l at \u00f8del\u00e6gge illusionen af menneskelig adskillelse og ensomhed i universet. Den hj\u00e6lper l\u00e6seren med at f\u00f8le deres guddommelige natur ikke som en abstrakt id\u00e9, men som en reel tilstand, der giver absolut fred og magt over deres egen sk\u00e6bne.<\/p>\n\n\n\n<h3 class=\"wp-block-heading\">12. <a href=\"https:\/\/manifestation.com.ua\/da\/nevil-goddard-ya-znayu-svogo-batka-1960-povna-knyga\/\" data-type=\"page\" data-id=\"285\">Loven og l\u00f8ftet (1961)<\/a><\/h3>\n\n\n\n<p>Den bedste samling af cases, som traditionelt er opdelt i to komplement\u00e6re dele. Den f\u00f8rste del er dedikeret til &quot;Loven&quot; - den praktiske anvendelse af fantasi til at n\u00e5 m\u00e5l. Her er et stort antal virkelige, dokumenterede breve fra Nevilles elever med detaljerede beskrivelser af deres sejre. Den anden del fokuserer p\u00e5 &quot;L\u00f8ftet&quot; - den uundg\u00e5elige spirituelle opv\u00e5gning af hver person. Hvis du tvivler p\u00e5, at manifestationsbegreberne virker - s\u00e5 s\u00f8rg for at l\u00e6se de utrolige vidnesbyrd i denne bog.<\/p>\n\n\n\n<h3 class=\"wp-block-heading\">13. <a href=\"https:\/\/manifestation.com.ua\/da\/nevil-goddard-vin-rozbyvaye-obolonku-1964-ridkisna-povna-knyga\/\" data-type=\"page\" data-id=\"344\">Han bryder skallen (1964)<\/a><\/h3>\n\n\n\n<p>En mystisk oplevelse af at v\u00e6kke det \u00e5ndelige selv. Her bruger forfatteren den kraftfulde metafor om &quot;skallen&quot; (eller hylsteret), som repr\u00e6senterer vores fysiske krop, d\u00f8delige ego og begr\u00e6nsede tredimensionelle opfattelse. Bogen fort\u00e6ller historien om processen med mystisk &quot;f\u00f8dsel ovenfra&quot;, n\u00e5r bevidstheden bryder igennem denne skal og tr\u00e6der frem i en st\u00f8rre virkelighed. Dette er en bog for dem, der s\u00f8ger dybere oplysning, og den markerer den afd\u00f8de Nevilles overgang fra materielle beg\u00e6r til ren \u00e5ndelig evolution.<\/p>\n\n\n\n<h3 class=\"wp-block-heading\">14. <a href=\"https:\/\/manifestation.com.ua\/da\/nevill-goddard-voskresinnya-1966-povna-knyga\/\" data-type=\"page\" data-id=\"347\">Genopstandelsen (1966)<\/a><\/h3>\n\n\n\n<p>Forfatterens sidste bog, der tjener som en ideel opsummering af hele hans liv og l\u00e6re om menneskets evige natur. Neville gent\u00e6nker radikalt begrebet opstandelse og argumenterer for, at det ikke er en begivenhed, der vil indtr\u00e6ffe efter den fysiske d\u00f8d, men en psykologisk proces, der finder sted her og nu. Opstandelse er evnen til at &quot;genoplive&quot; den \u00f8nskede bevidsthedstilstand, at bev\u00e6ge sig fra den d\u00f8de fortid til en levende, bevidst skabelse. Den store mystikers sidste akkord, fyldt med de vigtigste \u00e5benbaringer.<\/p>\n\n\n\n<h2 class=\"wp-block-heading\">Ofte stillede sp\u00f8rgsm\u00e5l (FAQ)<\/h2>\n\n\n\n<h3 class=\"wp-block-heading\">Hvilken Neville Goddard-bog skal jeg starte med?<\/h3>\n\n\n\n<p>Det er bedst at starte med en bog. <strong>\u201c&quot;F\u00f8lelser er et mysterium&quot;\u201d<\/strong>. Den er kort, praktisk og giver en klar forst\u00e5else af forfatterens metode. Vi anbefaler ogs\u00e5 <strong>\u201c&quot;Fem lektioner&quot;\u201d<\/strong> for praktisk beherskelse af basen.<\/p>\n\n\n\n<h3 class=\"wp-block-heading\">Hvad er &quot;Antagelsesloven&quot;?<\/h3>\n\n\n\n<p>Dette er et koncept af Neville Goddard, der lyder: hvis du antager, at dit \u00f8nske allerede er blevet opfyldt, og lever i denne tilstand, vil den ydre verden blive tvunget til at tilpasse sig din indre overbevisning.<\/p>\n\n\n\n<h3 class=\"wp-block-heading\">Er Neville Goddards b\u00f8ger tilg\u00e6ngelige i lydformat?<\/h3>\n\n\n\n<p>Du kan finde amat\u00f8rvoiceovers p\u00e5 mange ressourcer, men at l\u00e6se de fulde tekster (tilg\u00e6ngelige via linkene ovenfor) giver dig mulighed for bedre at fordybe dig i forfatterens terminologi.<\/p>\n\n\n\n<p><em>Bem\u00e6rk: Alt materiale er kun til orientering. At l\u00e6se Neville Goddards originale v\u00e6rker er det f\u00f8rste skridt mod at transformere din bevidsthed.<\/em><\/p>","protected":false},"excerpt":{"rendered":"\u041d\u0435\u0432\u0456\u043b\u043b \u0413\u043e\u0434\u0434\u0430\u0440\u0434 \u2014 \u043b\u0435\u0433\u0435\u043d\u0434\u0430\u0440\u043d\u0438\u0439 \u043c\u0456\u0441\u0442\u0438\u043a \u0442\u0430 \u0430\u0432\u0442\u043e\u0440 \u043a\u043e\u043d\u0446\u0435\u043f\u0446\u0456\u0457 \u00ab\u0417\u0430\u043a\u043e\u043d\u0443 \u043f\u0440\u0438\u043f\u0443\u0449\u0435\u043d\u043d\u044f\u00bb. \u0419\u043e\u0433\u043e \u043f\u0440\u0430\u0446\u0456 \u0441\u0442\u0430\u043b\u0438 \u043e\u0441\u043d\u043e\u0432\u043e\u044e \u0434\u043b\u044f \u0441\u0443\u0447\u0430\u0441\u043d\u0438\u0445 \u0432\u0447\u0435\u043d\u044c \u043f\u0440\u043e&hellip;","protected":false},"author":1,"featured_media":0,"parent":0,"menu_order":0,"comment_status":"closed","ping_status":"closed","template":"","meta":{"csco_display_header_overlay":false,"csco_singular_sidebar":"","csco_page_header_type":"","footnotes":""},"class_list":{"0":"post-351","1":"page","2":"type-page","3":"status-publish","5":"cs-entry"},"_hostinger_reach_plugin_has_subscription_block":false,"_hostinger_reach_plugin_is_elementor":false,"_links":{"self":[{"href":"https:\/\/manifestation.com.ua\/da\/wp-json\/wp\/v2\/pages\/351","targetHints":{"allow":["GET"]}}],"collection":[{"href":"https:\/\/manifestation.com.ua\/da\/wp-json\/wp\/v2\/pages"}],"about":[{"href":"https:\/\/manifestation.com.ua\/da\/wp-json\/wp\/v2\/types\/page"}],"author":[{"embeddable":true,"href":"https:\/\/manifestation.com.ua\/da\/wp-json\/wp\/v2\/users\/1"}],"replies":[{"embeddable":true,"href":"https:\/\/manifestation.com.ua\/da\/wp-json\/wp\/v2\/comments?post=351"}],"version-history":[{"count":5,"href":"https:\/\/manifestation.com.ua\/da\/wp-json\/wp\/v2\/pages\/351\/revisions"}],"predecessor-version":[{"id":361,"href":"https:\/\/manifestation.com.ua\/da\/wp-json\/wp\/v2\/pages\/351\/revisions\/361"}],"wp:attachment":[{"href":"https:\/\/manifestation.com.ua\/da\/wp-json\/wp\/v2\/media?parent=351"}],"curies":[{"name":"wp","href":"https:\/\/api.w.org\/{rel}","templated":true}]}}