{"id":52,"date":"2026-03-23T13:50:24","date_gmt":"2026-03-23T11:50:24","guid":{"rendered":"https:\/\/manifestation.com.ua\/?page_id=52"},"modified":"2026-04-08T14:50:45","modified_gmt":"2026-04-08T14:50:45","slug":"om","status":"publish","type":"page","link":"https:\/\/manifestation.com.ua\/da\/om\/","title":{"rendered":"Om siden"},"content":{"rendered":"<div class=\"wp-block-image\">\n<figure class=\"alignright size-full is-resized\"><img loading=\"lazy\" decoding=\"async\" width=\"640\" height=\"640\" src=\"https:\/\/manifestation.com.ua\/wp-content\/uploads\/2026\/04\/5197470157344202509.jpg\" alt=\"\" class=\"wp-image-384\" style=\"object-fit:contain;width:350px;height:350px\" srcset=\"https:\/\/manifestation.com.ua\/wp-content\/uploads\/2026\/04\/5197470157344202509.jpg 640w, https:\/\/manifestation.com.ua\/wp-content\/uploads\/2026\/04\/5197470157344202509-12x12.jpg 12w, https:\/\/manifestation.com.ua\/wp-content\/uploads\/2026\/04\/5197470157344202509-148x148.jpg 148w, https:\/\/manifestation.com.ua\/wp-content\/uploads\/2026\/04\/5197470157344202509-296x296.jpg 296w, https:\/\/manifestation.com.ua\/wp-content\/uploads\/2026\/04\/5197470157344202509-512x512.jpg 512w, https:\/\/manifestation.com.ua\/wp-content\/uploads\/2026\/04\/5197470157344202509-300x300.jpg 300w, https:\/\/manifestation.com.ua\/wp-content\/uploads\/2026\/04\/5197470157344202509-600x600.jpg 600w, https:\/\/manifestation.com.ua\/wp-content\/uploads\/2026\/04\/5197470157344202509-100x100.jpg 100w\" sizes=\"auto, (max-width: 640px) 100vw, 640px\" \/><\/figure>\n<\/div>\n\n\n<p>Hej. Mit navn er Roman, og denne hjemmeside er resultatet af mine mange \u00e5rs forskning i krydsfeltet mellem psykologi, metafysik og praktisk erfaring med livsforvandling.<br>Jeg skabte den som en platform for dem, der er vokset fra overfladiske r\u00e5d om &quot;positiv t\u00e6nkning&quot; og leder efter grundl\u00e6ggende svar p\u00e5 sp\u00f8rgsm\u00e5let: hvordan former vores bevidsthed den objektive virkelighed?<\/p>\n\n\n\n<p>Grundlaget for min tilgang er undervisning <strong>Neville Goddard<\/strong> \u2014 en af de mest fremtr\u00e6dende metafysikere i det 20. \u00e5rhundrede. Hans koncept <strong>Antagelsesloven<\/strong> (Antagelsesloven) beviser, at verden omkring os blot er en &quot;udst\u00f8dt&quot; kopi af vores indre tilstand.<\/p>\n\n\n\n<p>P\u00e5 denne side taler vi ikke kun om dr\u00f8mme. Vi studerer mekanikken. <strong>Opfyldelse af \u00f8nsker<\/strong> ved:<\/p>\n\n\n\n<ul class=\"wp-block-list\">\n<li><strong>Tankens og fantasiens kraft:<\/strong> Som v\u00e6rkt\u00f8jer til at \u00e6ndre dit indre selvportr\u00e6t.<\/li>\n\n\n\n<li><strong>Status for et opfyldt \u00f8nske:<\/strong> Praktiske teknikker til at fiksere bevidstheden p\u00e5 det endelige resultat.<\/li>\n\n\n\n<li><strong>Metafysisk analyse:<\/strong> En dybdeg\u00e5ende fortolkning af symbolik og gamle tekster gennem moderne psykologis prisme.<\/li>\n<\/ul>\n\n\n\n<p>Jeg tror p\u00e5, at vi hver is\u00e6r har den medf\u00f8dte evne til at v\u00e6re den bevidste arkitekt bag vores egen sk\u00e6bne. Mit m\u00e5l er at oms\u00e6tte komplekse metafysiske principper til praktiske trin, der vil hj\u00e6lpe dig med at \u00e6ndre din virkelighed: fra karriere og \u00f8konomi til personlige relationer og indre fred.<\/p>\n\n\n\n<p>Dette er ikke bare en blog. Dette er et rum for dem, der er klar til at tage fuldt ansvar for deres verden og begynde at leve ud fra en styrkeposition, ikke omst\u00e6ndigheder.<\/p>\n\n\n\n<h3 class=\"wp-block-heading\">Hvem vil v\u00e6re interesseret i denne ressource?<\/h3>\n\n\n\n<p>Min tilgang forener sandhedss\u00f8gende fra forskellige felter, fordi roden til forandring altid er den samme - vores bevidsthed. Hvis du er t\u00e6t p\u00e5 ideerne <strong>Virkelighedstransurfing<\/strong>, praksis <strong>Meditationer<\/strong> eller dyb metafysisk <strong>B\u00f8n<\/strong>, finder du f\u00e6llesn\u00e6vnere her. Vi unders\u00f8ger hvordan <strong>Tankens kraft<\/strong> og <strong>Visualisering<\/strong> resonerer med moderne <strong>Kvantepsykologi<\/strong> og forskning <strong>Retrocasualities<\/strong>. Denne hjemmeside vil v\u00e6re nyttig for dem, der studerer <strong>Bibelen<\/strong> som en metafysisk guide, interesseret i <strong>Hermetisme<\/strong> og <strong>Esoterisk kristendom<\/strong>, eller praksis <strong>Yoga<\/strong> at opn\u00e5 indre balance. Fra <strong>Bekr\u00e6ftelser<\/strong> til <strong>Epigenetik<\/strong>, fra <strong>Klardr\u00f8mning<\/strong> til principperne <strong>Stoicisme<\/strong> \u2014 vi betragter alle disse emner gennem et praktisk udtryk og omdanner viden til virkelige resultater i dit liv.<\/p>\n\n\n\n<h2 class=\"wp-block-heading\">Webstedsredakt\u00f8r<\/h2>\n\n\n\n<div class=\"wp-block-columns is-layout-flex wp-container-core-columns-is-layout-9d6595d7 wp-block-columns-is-layout-flex\">\n<div class=\"wp-block-column is-layout-flow wp-block-column-is-layout-flow\" style=\"flex-basis:15%\">\n<figure class=\"wp-block-image size-full is-style-rounded\"><img loading=\"lazy\" decoding=\"async\" width=\"800\" height=\"800\" src=\"https:\/\/manifestation.com.ua\/wp-content\/uploads\/2026\/03\/image-1.png\" alt=\"\" class=\"wp-image-130\" style=\"aspect-ratio:1;object-fit:cover\" srcset=\"https:\/\/manifestation.com.ua\/wp-content\/uploads\/2026\/03\/image-1.png 800w, https:\/\/manifestation.com.ua\/wp-content\/uploads\/2026\/03\/image-1-300x300.png 300w, https:\/\/manifestation.com.ua\/wp-content\/uploads\/2026\/03\/image-1-100x100.png 100w, https:\/\/manifestation.com.ua\/wp-content\/uploads\/2026\/03\/image-1-600x600.png 600w, https:\/\/manifestation.com.ua\/wp-content\/uploads\/2026\/03\/image-1-150x150.png 150w, https:\/\/manifestation.com.ua\/wp-content\/uploads\/2026\/03\/image-1-768x768.png 768w\" sizes=\"auto, (max-width: 800px) 100vw, 800px\" \/><\/figure>\n<\/div>\n\n\n\n<div class=\"wp-block-column is-layout-flow wp-block-column-is-layout-flow\" style=\"flex-basis:66.66%\">\n<h3 class=\"wp-block-heading\">Romersk S.<\/h3>\n\n\n\n<ul class=\"wp-block-social-links is-layout-flex wp-block-social-links-is-layout-flex\"><li class=\"wp-social-link wp-social-link-linkedin  wp-block-social-link\"><a href=\"https:\/\/www.linkedin.com\/in\/smyrnovee\/\" title=\"LinkedIn\" class=\"wp-block-social-link-anchor\" target=\"_blank\" rel=\"noopener\"><svg width=\"24\" height=\"24\" viewbox=\"0 0 24 24\" version=\"1.1\" xmlns=\"http:\/\/www.w3.org\/2000\/svg\" aria-hidden=\"true\" focusable=\"false\"><path d=\"M19.7,3H4.3C3.582,3,3,3.582,3,4.3v15.4C3,20.418,3.582,21,4.3,21h15.4c0.718,0,1.3-0.582,1.3-1.3V4.3 C21,3.582,20.418,3,19.7,3z M8.339,18.338H5.667v-8.59h2.672V18.338z M7.004,8.574c-0.857,0-1.549-0.694-1.549-1.548 c0-0.855,0.691-1.548,1.549-1.548c0.854,0,1.547,0.694,1.547,1.548C8.551,7.881,7.858,8.574,7.004,8.574z M18.339,18.338h-2.669 v-4.177c0-0.996-0.017-2.278-1.387-2.278c-1.389,0-1.601,1.086-1.601,2.206v4.249h-2.667v-8.59h2.559v1.174h0.037 c0.356-0.675,1.227-1.387,2.526-1.387c2.703,0,3.203,1.779,3.203,4.092V18.338z\"><\/path><\/svg><span class=\"wp-block-social-link-label screen-reader-text\">LinkedIn<\/span><\/a><\/li><\/ul>\n<\/div>\n<\/div>\n\n\n\n<p>For feedback, skriv venligst til kommentarformularen nedenfor, eller til <a href=\"https:\/\/www.linkedin.com\/in\/smyrnovee\/\" data-type=\"link\" data-id=\"https:\/\/www.linkedin.com\/in\/smyrnovee\/\" target=\"_blank\" rel=\"noopener\">Linedin<\/a>, <a href=\"https:\/\/t.me\/manifestationua?direct\" data-type=\"link\" data-id=\"https:\/\/t.me\/manifestationua?direct\">Telegram Direkte<\/a>, <\/p>\n\n\n\n<p>Abonner p\u00e5 <a href=\"https:\/\/t.me\/manifestationua\" data-type=\"link\" data-id=\"https:\/\/t.me\/manifestationua\">Telegram-kanal<\/a><\/p>\n\n\n\n<p><a href=\"https:\/\/send.monobank.ua\/jar\/5hv2Sq1Ks4\" data-type=\"link\" data-id=\"https:\/\/send.monobank.ua\/jar\/5hv2Sq1Ks4\" target=\"_blank\" rel=\"noopener\">St\u00f8t siden<\/a><\/p>\n\n\n\n<p><\/p>\n\n\n<p><script src=\"https:\/\/cdn.pulse.is\/livechat\/loader.js\" data-live-chat-id=\"69d6386a993f9fa03c044097\" async><\/script><\/p>","protected":false},"excerpt":{"rendered":"\u0412\u0456\u0442\u0430\u044e. \u041c\u0435\u043d\u0435 \u0437\u0432\u0430\u0442\u0438 \u0420\u043e\u043c\u0430\u043d, \u0456 \u0446\u0435\u0439 \u0441\u0430\u0439\u0442 \u2014 \u0440\u0435\u0437\u0443\u043b\u044c\u0442\u0430\u0442 \u043c\u043e\u0433\u043e \u0431\u0430\u0433\u0430\u0442\u043e\u0440\u0456\u0447\u043d\u043e\u0433\u043e \u0434\u043e\u0441\u043b\u0456\u0434\u0436\u0435\u043d\u043d\u044f \u043f\u0435\u0440\u0435\u0442\u0438\u043d\u0443 \u043f\u0441\u0438\u0445\u043e\u043b\u043e\u0433\u0456\u0457, \u043c\u0435\u0442\u0430\u0444\u0456\u0437\u0438\u043a\u0438 \u0442\u0430 \u043f\u0440\u0430\u043a\u0442\u0438\u0447\u043d\u043e\u0433\u043e \u0434\u043e\u0441\u0432\u0456\u0434\u0443&hellip;","protected":false},"author":1,"featured_media":0,"parent":0,"menu_order":0,"comment_status":"closed","ping_status":"closed","template":"","meta":{"csco_display_header_overlay":false,"csco_singular_sidebar":"","csco_page_header_type":"title","footnotes":""},"class_list":{"0":"post-52","1":"page","2":"type-page","3":"status-publish","5":"cs-entry"},"_hostinger_reach_plugin_has_subscription_block":false,"_hostinger_reach_plugin_is_elementor":false,"_links":{"self":[{"href":"https:\/\/manifestation.com.ua\/da\/wp-json\/wp\/v2\/pages\/52","targetHints":{"allow":["GET"]}}],"collection":[{"href":"https:\/\/manifestation.com.ua\/da\/wp-json\/wp\/v2\/pages"}],"about":[{"href":"https:\/\/manifestation.com.ua\/da\/wp-json\/wp\/v2\/types\/page"}],"author":[{"embeddable":true,"href":"https:\/\/manifestation.com.ua\/da\/wp-json\/wp\/v2\/users\/1"}],"replies":[{"embeddable":true,"href":"https:\/\/manifestation.com.ua\/da\/wp-json\/wp\/v2\/comments?post=52"}],"version-history":[{"count":3,"href":"https:\/\/manifestation.com.ua\/da\/wp-json\/wp\/v2\/pages\/52\/revisions"}],"predecessor-version":[{"id":386,"href":"https:\/\/manifestation.com.ua\/da\/wp-json\/wp\/v2\/pages\/52\/revisions\/386"}],"wp:attachment":[{"href":"https:\/\/manifestation.com.ua\/da\/wp-json\/wp\/v2\/media?parent=52"}],"curies":[{"name":"wp","href":"https:\/\/api.w.org\/{rel}","templated":true}]}}