{"id":344,"date":"2026-03-30T09:56:02","date_gmt":"2026-03-30T09:56:02","guid":{"rendered":"https:\/\/manifestation.com.ua\/?page_id=344"},"modified":"2026-03-30T11:16:48","modified_gmt":"2026-03-30T11:16:48","slug":"nevil-goddard-wine-breaking-up-the-obolonku-1964-rare-full-book","status":"publish","type":"page","link":"https:\/\/manifestation.com.ua\/de\/nevil-goddard-wine-breaking-up-the-obolonku-1964-rare-full-book\/","title":{"rendered":"\u041d\u0435\u0432\u0456\u043b \u0413\u043e\u0434\u0434\u0430\u0440\u0434: \u00ab\u0412\u0456\u043d \u0440\u043e\u0437\u0431\u0438\u0432\u0430\u0454 \u043e\u0431\u043e\u043b\u043e\u043d\u043a\u0443\u00bb (1964) [\u0420\u0406\u0414\u041a\u0406\u0421\u041d\u0410 \u041f\u041e\u0412\u041d\u0410 \u041a\u041d\u0418\u0413\u0410]"},"content":{"rendered":"<div class=\"wp-block-rank-math-toc-block\" id=\"rank-math-toc\"><h2>Inhalt<\/h2><nav><ul><li class=\"\"><a href=\"#\u0431\u043e\u0433-\u0432\u0456\u0434\u043a\u0440\u0438\u0432\u0430\u0454-\u0441\u0432\u0456\u0439-\u043e\u0431\u0440\u0430\u0437-\u0443-\u0447\u043e\u0442\u0438\u0440\u044c\u043e\u0445-\u0430\u043a\u0442\u0430\u0445\">GOTT OFFENBART SEIN BILD IN VIER AKTEN<\/a><\/li><li class=\"\"><a href=\"#\u0432\u0441\u0442\u0443\u043f\">EINF\u00dcHRUNG<\/a><ul><li class=\"\"><a href=\"#\u043f\u0435\u0440\u0448\u0438\u0439-\u0430\u043a\u0442-\u0432\u043e\u0441\u043a\u0440\u0435\u0441\u0456\u043d\u043d\u044f-\u0442\u0430-\u043d\u043e\u0432\u0435-\u043d\u0430\u0440\u043e\u0434\u0436\u0435\u043d\u043d\u044f\">ERSTER AKT: AUFERSTEHUNG UND NEUE GEBURT<\/a><\/li><li class=\"\"><a href=\"#\u0434\u0440\u0443\u0433\u0438\u0439-\u0430\u043a\u0442-\u0432\u0456\u0434\u043a\u0440\u0438\u0442\u0442\u044f-\u0431\u0430\u0442\u044c\u043a\u0456\u0432\u0441\u0442\u0432\u0430\">ZWEITER AKT: DIE ENTDECKUNG DER ELTERNSCHAFT<\/a><\/li><li class=\"\"><a href=\"#\u0442\u0440\u0435\u0442\u0456\u0439-\u0430\u043a\u0442-\u0440\u043e\u0437\u0456\u0440\u0432\u0430\u043d\u043d\u044f-\u0437\u0430\u0432\u0456\u0441\u0438-\u0442\u0430-\u043f\u0456\u0434\u0439\u043e\u043c\">DRITTER AKT: VORHANG F\u00c4LLT UND H\u00d6HT SICH<\/a><\/li><li class=\"\"><a href=\"#\u0447\u0435\u0442\u0432\u0435\u0440\u0442\u0438\u0439-\u0430\u043a\u0442-\u0433\u043e\u043b\u0443\u0431-\u0442\u0430-\u0431\u043e\u0436\u0435\u0441\u0442\u0432\u0435\u043d\u043d\u0435-\u0441\u0445\u0432\u0430\u043b\u0435\u043d\u043d\u044f\">VIERTER AKT: DIE TAUBE UND DIE G\u00d6TTLICHE ZUSTIMMUNG<\/a><\/li><li class=\"\"><a href=\"#\u043f\u0456\u0434\u0441\u0443\u043c\u043e\u043a-\u0442\u0430-\u0442\u0430\u0454\u043c\u043d\u0438\u0446\u044f\">ZUSAMMENFASSUNG UND R\u00c4TSEL<\/a><\/li><\/ul><\/li><\/ul><\/nav><\/div>\n\n\n\n<h2 class=\"wp-block-heading\" id=\"\u0431\u043e\u0433-\u0432\u0456\u0434\u043a\u0440\u0438\u0432\u0430\u0454-\u0441\u0432\u0456\u0439-\u043e\u0431\u0440\u0430\u0437-\u0443-\u0447\u043e\u0442\u0438\u0440\u044c\u043e\u0445-\u0430\u043a\u0442\u0430\u0445\">GOTT OFFENBART SEIN BILD IN VIER AKTEN<\/h2>\n\n\n\n<blockquote class=\"wp-block-quote is-layout-flow wp-block-quote-is-layout-flow\">\n<p>\u201cLehre mich, o Heiliger Geist, das Zeugnis Jesu! Lass mich die wunderbaren Dinge des g\u00f6ttlichen Gesetzes verstehen!\u00bb<\/p>\n\n\n\n<p><strong>Blake: Jerusalem, Tafel 74.<\/strong><\/p>\n<\/blockquote>\n\n\n\n<blockquote class=\"wp-block-quote is-layout-flow wp-block-quote-is-layout-flow\">\n<p>\u201cIch bin nur ein Mitdiener von euch und euren Br\u00fcdern, die das Zeugnis von Jesus haben.\u00bb<\/p>\n\n\n\n<p><strong>Offenbarung 19:10<\/strong><\/p>\n<\/blockquote>\n\n\n\n<blockquote class=\"wp-block-quote is-layout-flow wp-block-quote-is-layout-flow\">\n<p>\u201cNehmt mein Joch auf euch und lernt von mir.\u201d<\/p>\n\n\n\n<p><strong>Matth\u00e4us 11:29<\/strong><\/p>\n<\/blockquote>\n\n\n\n<p>\u00abDas Joch des Gesetzes\u00bb ist ein g\u00e4ngiger rabbinischer Ausdruck f\u00fcr das Studium der Heiligen Schrift. \u00abJesus Christus, der treue Zeuge, der Erstgeborene von den Toten\u00bb (Offenbarung 1,5) bietet einen Austausch der Schrift, basierend auf der eigenen pers\u00f6nlichen Erfahrung, mit anderen, die lediglich auf Vermutungen beruhen.<\/p>\n\n\n\n<h2 class=\"wp-block-heading\" id=\"\u0432\u0441\u0442\u0443\u043f\">EINF\u00dcHRUNG<\/h2>\n\n\n\n<p>Es f\u00e4llt einem Menschen sehr schwer, sein Verst\u00e4ndnis der Bedeutung eines Ereignisses zu \u00e4ndern, wenn alte, anerkannte Interpretationen fest in seinem Denken verankert sind. Doch die vier Taten Gottes, die sein \u00abBild\u00bb verh\u00fcllen \u2013 \u00abLasst uns Menschen machen nach unserem Bild\u00bb (1. Mose 1,26) \u2013, erscheinen aus der Perspektive betrachtet in einem ganz anderen Licht, als sie im Nachhinein tats\u00e4chlich wahrgenommen werden.<\/p>\n\n\n\n<p>Die Auferstehung ist Gottes erster Akt der Offenbarung seines Ebenbildes. Sie geschieht auf eine Weise, die der Mensch niemals h\u00e4tte erahnen k\u00f6nnen \u2013 durch ein Erwachen in seinem Sch\u00e4del, nicht am Ende seiner Geschichte, sondern mitten in seiner eigenen. Die Auferstehung ist ein Ereignis, das sich im irdischen Leben des Menschen ereignet. Unser menschliches Leben hat seinen Sinn nur und immer im Zusammenhang mit unserer Auferstehung. Der so erweckte Mensch wird \u00abdurch die Kraft der Auferstehung von den Toten als Sohn Gottes eingesetzt; dies ist Jesus Christus, unser Herr\u00bb (R\u00f6m 1,4). Die Teilhabe am zuk\u00fcnftigen Leben h\u00e4ngt von Gottes Akt der Auferweckung der Toten ab.<\/p>\n\n\n\n<p>Wir werden einzeln auferweckt, um zu einem Menschen vereint zu werden, der Gott ist: \u00abUnd der HERR wird K\u00f6nig sein \u00fcber die ganze Erde; an jenem Tag wird der HERR allein sein und sein Name allein.\u00bb (Sacharja 14,9). Die Auferstehung ist ein individuelles Erlebnis, ein Erwachen des eigenen Sch\u00e4dels, unmittelbar gefolgt von einer \u00fcbernat\u00fcrlichen Geburt aus dem Sch\u00e4del, einer privilegierten Geburt in eine neue Sch\u00f6pfung. Dies geschieht allein durch Gottes Gnade; und nur f\u00fcr ein solches Erwachen verwendet das Neue Testament den Begriff \u00abAuferstehung\u00bb. Alle anderen Menschen, au\u00dfer den Auferstandenen, kehren nach dem Tod ins Leben zur\u00fcck, um erneut zu sterben.<\/p>\n\n\n\n<blockquote class=\"wp-block-quote is-layout-flow wp-block-quote-is-layout-flow\">\n<p>\u201cEinige Sadduz\u00e4er, die die Auferstehung leugnen, kamen zu ihm und fragten: \u00bbMeister, Mose hat uns geschrieben: Wenn ein Mann seinen Bruder verliert, der eine Frau, aber keine Kinder hat, soll der Mann seine Frau nehmen und seinem Bruder Kinder zeugen\u2026\u2018 Jesus antwortete ihnen: \u201aDie Kinder dieser Welt heiraten und werden verheiratet; aber die, die es wert sind, jenes Alter und die Auferstehung von den Toten zu erlangen, heiraten nicht und werden nicht verheiratet, denn sie k\u00f6nnen nicht mehr sterben, weil sie den Engeln gleich sind und Kinder Gottes sind, da sie Kinder der Auferstehung sind.\u2018\u201c (Lukas 20,27\u201336)<\/p>\n<\/blockquote>\n\n\n\n<blockquote class=\"wp-block-quote is-layout-flow wp-block-quote-is-layout-flow\">\n<p>\u201cEr erwachte aus dem Schlaf des Lebens. Wir aber, verloren in st\u00fcrmischen Visionen, f\u00fchren einen fruchtlosen Kampf mit Trugbildern.\u201d<\/p>\n\n\n\n<p><strong>Shelley<\/strong><\/p>\n<\/blockquote>\n\n\n\n<p>Gottes Ziel ist nicht die Weiterentwicklung der nat\u00fcrlichen Ordnung, sondern die Erweckung der mit ihr verbundenen S\u00f6hne. \u201cDenn die Sch\u00f6pfung wartet sehns\u00fcchtig auf das Offenbarwerden der S\u00f6hne Gottes\u201d (R\u00f6m 8,19).<\/p>\n\n\n\n<h3 class=\"wp-block-heading\" id=\"\u043f\u0435\u0440\u0448\u0438\u0439-\u0430\u043a\u0442-\u0432\u043e\u0441\u043a\u0440\u0435\u0441\u0456\u043d\u043d\u044f-\u0442\u0430-\u043d\u043e\u0432\u0435-\u043d\u0430\u0440\u043e\u0434\u0436\u0435\u043d\u043d\u044f\">ERSTER AKT: AUFERSTEHUNG UND NEUE GEBURT<\/h3>\n\n\n\n<p>\u201cDenkt nicht, ich sei gekommen, das Gesetz oder die Propheten aufzul\u00f6sen; ich bin nicht gekommen, sie aufzul\u00f6sen, sondern sie zu erf\u00fcllen. Denn ich sage euch: Bis Himmel und Erde vergehen, wird nicht ein Jota noch ein Strichlein vom Gesetz vergehen, bis alles, was kommen soll, geschehen ist.\u00bb (Mt 5,17-18).<\/p>\n\n\n\n<p>\u201cMeine Aufgabe ist es, f\u00fcr die Wahrheit Zeugnis abzulegen. Dazu bin ich geboren und dazu bin ich in die Welt gekommen, damit jeder, der nicht taub ist gegen\u00fcber der Wahrheit, meine Stimme h\u00f6rt.\u00bb (Johannes 18,37-38)<\/p>\n\n\n\n<p>\u00abIch war tot, und siehe, ich lebe in alle Ewigkeit.\u00bb (Offenbarung 1,18)<\/p>\n\n\n\n<p>\u00abJesus Christus, der treue Zeuge, der Erstgeborene von den Toten\u00bb (Offenbarung 1,5)<\/p>\n\n\n\n<p>Das Zeugnis Jesu muss geh\u00f6rt und angenommen werden. Manche werden von seinen Worten \u00fcberzeugt sein, andere nicht. Das Zeugnis Jesu l\u00e4sst sich nicht erzwingen. Es ist die Offenbarung des Ebenbildes Gottes. Es ist das pl\u00f6tzliche und v\u00f6llig unerwartete Erwachen im Sch\u00e4del, wenn man sich im Grab wiederfindet, in dem man bestattet wurde \u2013 \u00fcberraschend und verwirrend.<\/p>\n\n\n\n<p>Die Auferstehung ist Gottes erster Akt, mit dem er seinen urspr\u00fcnglichen Willen offenbart: \u00abLasst uns Menschen machen nach unserem Bild\u00bb (1. Mose 1,26). \u00abDer, der ein gutes Werk in euch begonnen hat, wird es vollenden bis zum Tag Jesu Christi\u00bb (Philipper 1,6). Jesus Christus ist \u00abdas Bild des unsichtbaren Gottes\u00bb (Kolosser 1,15). Gottes Werk in euch ist vollendet, wenn ihr \u00abdem Bild Christi gleichgestaltet seid\u00bb (Galater 4,19). Dann werdet ihr erweckt und von den Toten auferweckt werden.<\/p>\n\n\n\n<p>Der erste Akt, durch den Gott \u00abden Sohn, der der Abglanz seiner Herrlichkeit und das Ebenbild seines Wesens ist\u00bb (Hebr. 1,3), offenbart, ist ein zweifacher Akt. Er erweckt den Schl\u00e4fer und befreit ihn aus seinem Sch\u00e4del: Er wird wiedergeboren.<\/p>\n\n\n\n<blockquote class=\"wp-block-quote is-layout-flow wp-block-quote-is-layout-flow\">\n<p>\u201c&quot;Wach auf, Schl\u00e4fer,<\/p>\n\n\n\n<p>Auferstehen,<\/p>\n\n\n\n<p>Und Christus wird dich erleuchten.\u201d<\/p>\n\n\n\n<p><strong>Epheser 5:14<\/strong><\/p>\n<\/blockquote>\n\n\n\n<p>Er ist \u00abwiedergeboren \u2026 durch die Auferstehung Jesu Christi von den Toten zu einem unverg\u00e4nglichen, unbefleckten und unverwelklichen Erbe, das ihm im Himmel aufbewahrt ist\u00bb (1 Petrus 1,3-4).<\/p>\n\n\n\n<p>\u00abDie \u00bbneue Geburt\u00ab folgt der \u00bbAuferstehung\u201c.<\/p>\n\n\n\n<p>\u201cVom Fleisch kann nur Fleisch geb\u00e4ren; vom Geist aber geb\u00e4ren Geist. Wundert euch also nicht, dass ich euch gesagt habe: Ihr m\u00fcsst von neuem geboren werden. Der Wind weht, wo er will; du h\u00f6rst sein Sausen, aber du wei\u00dft nicht, woher er kommt und wohin er geht. So ist es mit jedem, der aus dem Geist geboren ist.\u201d (Johannes 3,6\u20138)<\/p>\n\n\n\n<p>Ein Mann erwacht in seinem Sch\u00e4del und findet sich darin begraben. Instinktiv wei\u00df er, dass sich ein Loch \u00f6ffnet, wenn er gegen den Sch\u00e4delansatz dr\u00fcckt, und so geschieht es. Er dr\u00fcckt gegen den Ansatz, findet das Loch und schl\u00fcpft mit dem Kopf voran heraus, wie ein Neugeborenes. W\u00e4hrend er den Sch\u00e4del betrachtet, aus dem er gerade hervorgekommen ist, ert\u00f6nt pl\u00f6tzlich ein Ger\u00e4usch, wie ein starker Wind, der den ganzen Raum erf\u00fcllt; er h\u00f6rt das Ger\u00e4usch, wei\u00df aber nicht, \u00abwoher es kommt und wohin es geht\u00bb. Seine Aufmerksamkeit wird kurz von dem K\u00f6rper abgelenkt, aus dem er gerade hervorgekommen ist. Als er zur\u00fcckblickt, ist er \u00fcberrascht, festzustellen, dass der K\u00f6rper herausgezogen wurde und drei M\u00e4nner an seiner Stelle sitzen; einer sitzt dort, wo der Kopf war, und zwei dort, wo die F\u00fc\u00dfe waren.<\/p>\n\n\n\n<p>Auch sie h\u00f6ren den Jubelruf des Sieges der Starken, aber sie wissen nicht, \u00abwoher er kommt und wohin er geht\u00bb. Sie sehen nicht den Menschen, der aus seinem Sch\u00e4del geboren wird, aber sie finden das Zeichen seiner Geburt: ein in Windeln gewickeltes Kind, das auf dem Boden liegt.<\/p>\n\n\n\n<p>\u201cHeute ist euch in der Stadt Davids der Retter geboren, welcher ist Christus, der Herr. Und dies soll euch zum Zeichen sein: Ihr werdet ein Kind finden, in Windeln gewickelt und in einer Krippe liegend\u00bb (Lukas 2,11-12).<\/p>\n\n\n\n<p>Sie finden das Zeichen seiner Geburt, aber nicht einen zweimal geborenen Menschen, denn er ist nun \u00abals Sohn Gottes in Macht eingesetzt durch die Auferstehung von den Toten\u00bb (R\u00f6m 1-4).<\/p>\n\n\n\n<h3 class=\"wp-block-heading\" id=\"\u0434\u0440\u0443\u0433\u0438\u0439-\u0430\u043a\u0442-\u0432\u0456\u0434\u043a\u0440\u0438\u0442\u0442\u044f-\u0431\u0430\u0442\u044c\u043a\u0456\u0432\u0441\u0442\u0432\u0430\">ZWEITER AKT: DIE ENTDECKUNG DER ELTERNSCHAFT<\/h3>\n\n\n\n<p>\u00abMein Vater und ich sind eins.\u00bb \u2013 Johannes 10:30.<\/p>\n\n\n\n<p>Der zweite m\u00e4chtige Gott enth\u00fcllt das Geheimnis der menschlichen Vaterschaft und Br\u00fcderlichkeit. Der Mensch begegnet dem David der Bibel und erkennt, dass Davids Wesen und Auftrag spiritueller, nicht physischer oder historischer Natur sind. \u201cIch habe David gefunden \u2026 Er wird zu mir rufen: \u00bbDu bist mein Vater, mein Gott und der Fels meines Heils\u00ab\u00bb (Psalm 89,20.26). \u00abDu bist mein Sohn, heute habe ich dich gezeugt\u00bb (Psalm 2,7). \u201eNiemand kennt den Sohn au\u00dfer dem Vater und den Vater au\u00dfer dem Sohn und dem, dem der Sohn ihn offenbaren will\u201c (Lukas 10,22).<\/p>\n\n\n\n<p>\u201cEr sagte zu ihnen: \u00abWie k\u00f6nnen sie behaupten, der Messias sei der Sohn Davids? Denn David selbst nennt ihn \u00bbHerr\u00bb; wie kann er dann Davids Sohn sein?\u00ab (Lukas 20,41\u201344). David nennt ihn im Geiste \u00bbmeinen Vater\u00ab. Wenn der Messias, das Ebenbild des unsichtbaren Gottes, im Menschen Gestalt annimmt, wird dieser Mensch David finden, und David wird ihn Vater nennen. Schlie\u00dflich werden alle Menschen zu David sagen: \u00bbDu bist mein Sohn, heute habe ich dich gezeugt\u00ab (Psalm 2,7), und alle werden Vaterschaft und Br\u00fcderlichkeit unter den Menschen erfahren.<\/p>\n\n\n\n<p>\u201cPhilippus sagte zu ihm: \u2018Herr, zeig uns den Vater, und wir werden niemanden sonst bitten.\u2019 Jesus antwortete: \u00abSo lange bin ich schon bei euch, Philippus, und du kennst mich immer noch nicht? Wer mich gesehen hat, hat den Vater gesehen. Wie kannst du da sagen: \u00bbZeig uns den Vater?\u201d Glaubst du nicht, dass ich im Vater bin und der Vater in mir ist?\u2018\u201c (Johannes 14,8-10).<\/p>\n\n\n\n<h3 class=\"wp-block-heading\" id=\"\u0442\u0440\u0435\u0442\u0456\u0439-\u0430\u043a\u0442-\u0440\u043e\u0437\u0456\u0440\u0432\u0430\u043d\u043d\u044f-\u0437\u0430\u0432\u0456\u0441\u0438-\u0442\u0430-\u043f\u0456\u0434\u0439\u043e\u043c\">DRITTER AKT: VORHANG F\u00c4LLT UND H\u00d6HT SICH<\/h3>\n\n\n\n<p>Der dritte, wirkungsvolle Akt offenbart, dass das Ebenbild Gottes eine duale Natur besitzt.<\/p>\n\n\n\n<p>\u00abIhr seid der Tempel Gottes, und der Geist Gottes wohnt in euch\u00bb (1. Korinther 3,16). \u00abUnd der Vorhang im Tempel zerriss von oben bis unten in zwei Teile\u00bb (Markus 15,38). \u00abDarum, Freunde, erm\u00f6glicht uns das Blut Jesu den Zugang zum Heiligtum auf einem neuen und lebendigen Weg, den er uns durch den Vorhang er\u00f6ffnet hat, das hei\u00dft durch den Weg seines Fleisches\u201c (Hebr\u00e4er 10,19\u201320).<\/p>\n\n\n\n<p>Ein Blitz spaltet einen Mann vom Scheitel bis zum Stei\u00dfbein in zwei H\u00e4lften. Er wird entzweigerissen wie ein vom Blitz getroffener Baum. Am Ende seines zerteilten K\u00f6rpers sieht er das \u00abBlut Jesu\u00bb, eine Lache aus geschmolzenem Gold; er erkennt sich selbst; dann verschmilzt es mit dem \u00abBlut Jesu\u00bb und steigt in einer schlangenartigen Bewegung die durchtrennte Wirbels\u00e4ule hinauf in den Sch\u00e4del. Dies geschieht, um die Schrift zu erf\u00fcllen: \u00abWie die Schlange von Mose in der W\u00fcste erh\u00f6ht wurde, so muss auch der Menschensohn erh\u00f6ht werden\u00bb (Johannes 3,14).<\/p>\n\n\n\n<h3 class=\"wp-block-heading\" id=\"\u0447\u0435\u0442\u0432\u0435\u0440\u0442\u0438\u0439-\u0430\u043a\u0442-\u0433\u043e\u043b\u0443\u0431-\u0442\u0430-\u0431\u043e\u0436\u0435\u0441\u0442\u0432\u0435\u043d\u043d\u0435-\u0441\u0445\u0432\u0430\u043b\u0435\u043d\u043d\u044f\">VIERTER AKT: DIE TAUBE UND DIE G\u00d6TTLICHE ZUSTIMMUNG<\/h3>\n\n\n\n<p>Der vierte und letzte Akt ist Ausdruck von Gottes Zufriedenheit mit seinem Werk. \u201cUnd Gott sah alles an, was er gemacht hatte, und siehe, es war sehr gut\u201d (1. Mose 1,31).<\/p>\n\n\n\n<p>Der Sch\u00e4del des Mannes wird pl\u00f6tzlich durchsichtig. \u00dcber ihm schwebt, als ob sie in der Luft schwebte, eine Taube voller Liebe zu ihm. \u201cUnd siehe, der Himmel tat sich ihm auf, und er sah den Geist Gottes wie eine Taube herabfahren und auf ihn kommen; und siehe, eine Stimme vom Himmel sprach: \u201cDies ist mein geliebter Sohn, an dem ich Wohlgefallen habe\u201d\u201c (Mt 3,16\u201317). Die Taube st\u00fcrzt sich auf ihn herab und umh\u00fcllt ihn mit Liebe, indem sie sein Gesicht, seinen Kopf und seinen Hals k\u00fcsst. Diese vier gewaltigen Taten, obwohl sie etwa dreieinhalb Jahre auseinanderliegen, bilden einen zusammenh\u00e4ngenden Komplex.<\/p>\n\n\n\n<p>Der auferstandene Christus gibt in diesen vier mystischen und \u00fcbernat\u00fcrlichen Erfahrungen des Menschen die g\u00f6ttlichen Namen Jesus, Vater, Menschensohn, Sohn Gottes.<\/p>\n\n\n\n<h3 class=\"wp-block-heading\" id=\"\u043f\u0456\u0434\u0441\u0443\u043c\u043e\u043a-\u0442\u0430-\u0442\u0430\u0454\u043c\u043d\u0438\u0446\u044f\">ZUSAMMENFASSUNG UND R\u00c4TSEL<\/h3>\n\n\n\n<p>Die Auferstehung ist ein einzigartiges pers\u00f6nliches Erlebnis; per Definition ist sie die Auferstehung Christi. Obwohl die Auferstehung selbst in der Bibel nirgends beschrieben wird, ist sie zentral f\u00fcr den christlichen Glauben. Sie markiert den \u00dcbergang von diesem Zeitalter zu einem, in dem selbst das Gesetz des Todes gebrochen ist \u2013 wo der Mensch nicht mehr stirbt, wo alle den Engeln gleichgestellt sind, Kinder nicht mehr dieser Welt, sondern der n\u00e4chsten, Gottes und der Auferstehung: Dies ist eine neue Sch\u00f6pfung.<\/p>\n\n\n\n<p>Sich zu ver\u00e4ndern bedeutet, sich selbst aufzugeben \u2013 tats\u00e4chlich zu sterben. In diesem Sinne starb Gott f\u00fcr den Menschen. \u00abEr, der in g\u00f6ttlicher Gestalt war, ent\u00e4u\u00dferte sich selbst und nahm Knechtsgestalt an, indem er den Menschen gleich wurde\u00bb (Phil 2,6\u20137). Gott wurde Mensch, damit der Mensch Gott werden konnte.<\/p>\n\n\n\n<p>\u201cIch gebe mein Leben, um es wieder zu nehmen. Niemand hat es mir genommen; ich gebe es von selbst. Ich habe das Recht, es zu geben, und ich habe das Recht, es wieder zu nehmen.\u00bb (Johannes 10,17-18).<\/p>\n\n\n\n<p>Nach der Auferstehung wendet sich der Mensch den alten Schriften zu, die Hinweise und Vorhersagen \u00fcber die Wahrheit enthalten, so wie er sie erfahren hat. \u201cIn einer Buchrolle steht von mir geschrieben.\u201d (Psalm 40,8). \u201cWei\u00dft du nicht, dass Jesus Christus in dir ist?\u201d (2. Korinther 13,5). Christus konnte nicht aus einem Menschen \u00abherauskommen\u00bb, in dem er nicht existierte.<\/p>\n\n\n\n<p>\u00abSie haben den Herrn aus dem Grab herausgenommen, und wir wissen nicht, wo sie ihn hingelegt haben\u2026 denn sie kannten (d. h. verstanden) noch nicht die Schrift, dass er von den Toten auferstehen muss.\u00bb (Johannes 20,2.9).<\/p>\n\n\n\n<p>Einer der M\u00e4nner am Grab fand ein \u00abKind\u00bb, ein Zeichen \u00fcbernat\u00fcrlicher Geburt, \u00ababer sie sahen es nicht\u00bb (Lukas 24,24), einen Mann, der auf \u00fcbernat\u00fcrliche Weise geboren wurde. Er ist auferstanden! Er wird wiedergeboren. Er sagte: \u00abDen anderen aber erschien dieses Wort wie ein leeres Gerede, und sie glaubten es nicht\u00bb (Lukas 24,11).<\/p>\n\n\n\n<p>Auferstehung bedeutet, \u00abdas Bild des Himmlischen zu tragen\u00bb (1 Kor 15,49). Es geht nicht die Identit\u00e4t verloren, aber die Form \u00e4ndert sich grundlegend. \u201cUnser verg\u00e4nglicher Leib wird verwandelt werden, damit er seinem verherrlichten Leib gleichgestaltet werde\u201d (Phil 3,20\u201321).<\/p>\n\n\n\n<p>Gottes urspr\u00fcnglicher Wunsch, \u00abLasst uns Menschen nach unserem Bild machen\u00bb, erf\u00fcllt sich zur festgesetzten Stunde. Und \u00abes ist nicht eure Sache, die Zeiten oder Zeitpunkte zu wissen, die der Vater in seiner eigenen Vollmacht festgesetzt hat\u00bb (Apostelgeschichte 1,7).<\/p>\n\n\n\n<blockquote class=\"wp-block-quote is-layout-flow wp-block-quote-is-layout-flow\">\n<p>\u00abVisionen haben ihre Zeit.\u201c<\/p>\n\n\n\n<p>Stunde;<\/p>\n\n\n\n<p>Wenn es reift, wird es bl\u00fchen;<\/p>\n\n\n\n<p>Wenn es lange dauert, warte ab.,<\/p>\n\n\n\n<p>Denn das ist es definitiv nicht.<\/p>\n\n\n\n<p>&quot;werde zu sp\u00e4t kommen.&quot;\u00bb<\/p>\n\n\n\n<p><strong>(Habakuk 2:3)<\/strong><\/p>\n<\/blockquote>\n\n\n\n<p>Die heilige Geschichte Israels, wie sie im Alten Testament aufgezeichnet ist, ist eine g\u00e4nzlich prophetische Geschichte, die Gott in Jesus Christus in dir zu ihrem H\u00f6hepunkt und ihrer Erf\u00fcllung f\u00fchrt.<\/p>\n\n\n\n<blockquote class=\"wp-block-quote is-layout-flow wp-block-quote-is-layout-flow\">\n<p>\u201cDie Herren der Heere schworen:<\/p>\n\n\n\n<p>Wie ich schon dachte,<\/p>\n\n\n\n<p>So wird es sein<\/p>\n\n\n\n<p>, und wie ich es geplant hatte,<\/p>\n\n\n\n<p>So wird es sein.<\/p>\n\n\n\n<p><strong>Jesaja 14:24.<\/strong><\/p>\n<\/blockquote>\n\n\n\n<p>Die Verhei\u00dfungen Gottes, die du lange wie Knospen am Baum seiner Entfaltung gehegt und gehegt hast, werden \u2013 in vier m\u00e4chtigen Akten \u2013 in Christus in dir erbl\u00fchen. Die volle Wucht dieser Wahrheit mag dir entgehen, weil du den pl\u00f6tzlichen Bruch mit der Vergangenheit nicht wahrnimmst. Etwas Neues ist geschehen. Du wirst wiedergeboren.<\/p>\n\n\n\n<blockquote class=\"wp-block-quote is-layout-flow wp-block-quote-is-layout-flow\">\n<p>\u201cWir geben zu, dass das Geheimnis unserer Religion wahrhaft gro\u00dfartig ist.\u201d<\/p>\n\n\n\n<p><strong>1 Timotheus 3:16<\/strong><\/p>\n<\/blockquote>\n\n\n\n<p>Alles, was in der Heiligen Schrift \u00fcber Jesus Christus geschrieben steht, handelt von einem Menschen. \u00abUnd als sie an den Ort kamen, der Sch\u00e4delst\u00e4tte genannt wird, kreuzigten sie ihn dort\u00bb (Lukas 23,33). \u00abEin Felsengrab, in das noch nie jemand gelegt worden war\u00bb (Lukas 23,53) ist ein menschlicher Sch\u00e4del. Und \u00abwenn wir mit ihm in einem Tod wie dem seinen verbunden sind, werden wir gewiss auch in einer Auferstehung wie der seinen verbunden sein\u00bb (R\u00f6mer 6,5).<\/p>\n\n\n\n<p>Ich habe meine eigenen Erfahrungen mit Ihnen geteilt, damit Sie die Wahrheit \u00fcber das christliche Geheimnis \u2013 die Botschaft der Erl\u00f6sung, die ich selbst erfahren habe \u2013 erkennen k\u00f6nnen.<\/p>\n\n\n\n<p>Das g\u00f6ttliche Ebenbild offenbart sich in dieser Reihe \u00fcbernat\u00fcrlicher Ereignisse, die Staunen und Bewunderung hervorrufen. Pers\u00f6nliche Erfahrung sollte die Wahrheit der Heiligen Schrift festigen.<\/p>\n\n\n\n<p>Gott wohnt im Sch\u00e4del des Menschen. Sein Name ist ICH BIN. Er wird im Sch\u00e4del des Menschen erwachen. Er wird aus dem Sch\u00e4del von Minnesota hervorkommen und wiedergeboren werden. Gott wurde Mensch, damit der Mensch Gott werden kann.<\/p>\n\n\n\n<p>Jesus Christus ist die wahre Person jedes Menschen.<\/p>\n\n\n\n<blockquote class=\"wp-block-quote is-layout-flow wp-block-quote-is-layout-flow\">\n<p>\u201cGeh nun hin, schreibe es vor ihren Augen auf eine Tafel und zeichne es in ein Buch ein, damit es ein ewiges Zeugnis sei.\u201d<\/p>\n\n\n\n<p><strong>Jesaja 30:8<\/strong><\/p>\n<\/blockquote>\n\n\n\n<p>Die Bibelzitate in \u00abHe Breaks the Shell\u00bb stammen aus der King James Version, den Revised Standard Versions, der NEW English Bible und Moffatts.<\/p>","protected":false},"excerpt":{"rendered":"\u0411\u041e\u0413 \u0412\u0406\u0414\u041a\u0420\u0418\u0412\u0410\u0404 \u0421\u0412\u0406\u0419 \u041e\u0411\u0420\u0410\u0417 \u0423 \u0427\u041e\u0422\u0418\u0420\u042c\u041e\u0425 \u0410\u041a\u0422\u0410\u0425 &#8220;\u041d\u0430\u0432\u0447\u0438 \u043c\u0435\u043d\u0435, \u043e \u0421\u0432\u044f\u0442\u0438\u0439 \u0414\u0443\u0445\u0443, \u0441\u0432\u0456\u0434\u0447\u0435\u043d\u043d\u044f \u0406\u0441\u0443\u0441\u0430! \u0434\u043e\u0437\u0432\u043e\u043b\u044c \u043c\u0435\u043d\u0456 \u0437\u0440\u043e\u0437\u0443\u043c\u0456\u0442\u0438 \u0434\u0438\u0432\u043e\u0432\u0438\u0436\u043d\u0456&hellip;","protected":false},"author":1,"featured_media":0,"parent":0,"menu_order":0,"comment_status":"closed","ping_status":"closed","template":"","meta":{"csco_display_header_overlay":false,"csco_singular_sidebar":"","csco_page_header_type":"","footnotes":""},"class_list":{"0":"post-344","1":"page","2":"type-page","3":"status-publish","5":"cs-entry"},"_hostinger_reach_plugin_has_subscription_block":false,"_hostinger_reach_plugin_is_elementor":false,"_links":{"self":[{"href":"https:\/\/manifestation.com.ua\/de\/wp-json\/wp\/v2\/pages\/344","targetHints":{"allow":["GET"]}}],"collection":[{"href":"https:\/\/manifestation.com.ua\/de\/wp-json\/wp\/v2\/pages"}],"about":[{"href":"https:\/\/manifestation.com.ua\/de\/wp-json\/wp\/v2\/types\/page"}],"author":[{"embeddable":true,"href":"https:\/\/manifestation.com.ua\/de\/wp-json\/wp\/v2\/users\/1"}],"replies":[{"embeddable":true,"href":"https:\/\/manifestation.com.ua\/de\/wp-json\/wp\/v2\/comments?post=344"}],"version-history":[{"count":1,"href":"https:\/\/manifestation.com.ua\/de\/wp-json\/wp\/v2\/pages\/344\/revisions"}],"predecessor-version":[{"id":345,"href":"https:\/\/manifestation.com.ua\/de\/wp-json\/wp\/v2\/pages\/344\/revisions\/345"}],"wp:attachment":[{"href":"https:\/\/manifestation.com.ua\/de\/wp-json\/wp\/v2\/media?parent=344"}],"curies":[{"name":"wp","href":"https:\/\/api.w.org\/{rel}","templated":true}]}}