{"id":52,"date":"2026-03-23T13:50:24","date_gmt":"2026-03-23T11:50:24","guid":{"rendered":"https:\/\/manifestation.com.ua\/?page_id=52"},"modified":"2026-04-08T14:50:45","modified_gmt":"2026-04-08T14:50:45","slug":"um","status":"publish","type":"page","link":"https:\/\/manifestation.com.ua\/de\/um\/","title":{"rendered":"\u00dcber die Website"},"content":{"rendered":"<div class=\"wp-block-image\">\n<figure class=\"alignright size-full is-resized\"><img loading=\"lazy\" decoding=\"async\" width=\"640\" height=\"640\" src=\"https:\/\/manifestation.com.ua\/wp-content\/uploads\/2026\/04\/5197470157344202509.jpg\" alt=\"\" class=\"wp-image-384\" style=\"object-fit:contain;width:350px;height:350px\" srcset=\"https:\/\/manifestation.com.ua\/wp-content\/uploads\/2026\/04\/5197470157344202509.jpg 640w, https:\/\/manifestation.com.ua\/wp-content\/uploads\/2026\/04\/5197470157344202509-12x12.jpg 12w, https:\/\/manifestation.com.ua\/wp-content\/uploads\/2026\/04\/5197470157344202509-148x148.jpg 148w, https:\/\/manifestation.com.ua\/wp-content\/uploads\/2026\/04\/5197470157344202509-296x296.jpg 296w, https:\/\/manifestation.com.ua\/wp-content\/uploads\/2026\/04\/5197470157344202509-512x512.jpg 512w, https:\/\/manifestation.com.ua\/wp-content\/uploads\/2026\/04\/5197470157344202509-300x300.jpg 300w, https:\/\/manifestation.com.ua\/wp-content\/uploads\/2026\/04\/5197470157344202509-600x600.jpg 600w, https:\/\/manifestation.com.ua\/wp-content\/uploads\/2026\/04\/5197470157344202509-100x100.jpg 100w\" sizes=\"auto, (max-width: 640px) 100vw, 640px\" \/><\/figure>\n<\/div>\n\n\n<p>Hallo. Mein Name ist Roman, und diese Seite ist das Ergebnis meiner langj\u00e4hrigen Forschung an der Schnittstelle von Psychologie, Metaphysik und praktischer Erfahrung in der Lebensver\u00e4nderung.<br>Ich habe sie als Plattform f\u00fcr diejenigen geschaffen, die oberfl\u00e4chliche Ratschl\u00e4ge zum Thema \u00abpositives Denken\u00bb hinter sich gelassen haben und nach grundlegenden Antworten auf die Frage suchen: Wie formt unser Bewusstsein die objektive Realit\u00e4t?<\/p>\n\n\n\n<p>Die Grundlage meines Ansatzes ist das Lehren <strong>Neville Goddard<\/strong> \u2014 einer der bedeutendsten Metaphysiker des 20. Jahrhunderts. Sein Konzept <strong>Gesetz der Annahmen<\/strong> Das Gesetz der Annahme beweist, dass die Welt um uns herum nur eine &quot;nach au\u00dfen gerichtete&quot; Kopie unseres inneren Zustands ist.<\/p>\n\n\n\n<p>Auf dieser Website sprechen wir nicht nur \u00fcber Tr\u00e4ume. Wir untersuchen die Mechanismen. <strong>Wunscherf\u00fcllung<\/strong> durch:<\/p>\n\n\n\n<ul class=\"wp-block-list\">\n<li><strong>Die Macht des Denkens und der Vorstellungskraft:<\/strong> Als Werkzeuge zur Ver\u00e4nderung Ihres inneren Selbstbildes.<\/li>\n\n\n\n<li><strong>Status eines erf\u00fcllten Wunsches:<\/strong> Praktische Techniken zur Fokussierung des Bewusstseins auf das Endergebnis.<\/li>\n\n\n\n<li><strong>Metaphysische Analyse:<\/strong> Eine tiefgr\u00fcndige Interpretation von Symbolik und antiken Texten durch das Prisma der modernen Psychologie.<\/li>\n<\/ul>\n\n\n\n<p>Ich glaube, dass jeder von uns die angeborene F\u00e4higkeit besitzt, sein eigenes Schicksal bewusst zu gestalten. Mein Ziel ist es, komplexe metaphysische Prinzipien in praktische Schritte zu \u00fcbersetzen, die Ihnen helfen, Ihre Realit\u00e4t zu ver\u00e4ndern: von Karriere und Finanzen bis hin zu pers\u00f6nlichen Beziehungen und innerem Frieden.<\/p>\n\n\n\n<p>Dies ist nicht einfach nur ein Blog. Dies ist ein Raum f\u00fcr all jene, die bereit sind, die volle Verantwortung f\u00fcr ihre Welt zu \u00fcbernehmen und aus einer Position der St\u00e4rke heraus zu leben, nicht aus der der Umst\u00e4nde.<\/p>\n\n\n\n<h3 class=\"wp-block-heading\">F\u00fcr wen ist diese Ressource interessant?<\/h3>\n\n\n\n<p>Mein Ansatz vereint Wahrheitssuchende aus verschiedenen Bereichen, denn die Wurzel des Wandels ist immer dieselbe \u2013 unser Bewusstsein. Wenn Sie den Ideen nahestehen <strong>Reality Transurfing<\/strong>, Praktiken <strong>Meditationen<\/strong> oder tief metaphysisch <strong>Gebet<\/strong>, Hier finden Sie Gemeinsamkeiten. Wir untersuchen, wie <strong>Die Macht der Gedanken<\/strong> Und <strong>Visualisierung<\/strong> Resonanz mit modernen <strong>Quantenpsychologie<\/strong> und Forschung <strong>R\u00fcckkasualit\u00e4ten<\/strong>. Diese Website ist n\u00fctzlich f\u00fcr alle, die studieren. <strong>Die Bibel<\/strong> als metaphysischer F\u00fchrer, interessiert an <strong>Hermetik<\/strong> Und <strong>Esoterisches Christentum<\/strong>, oder Praktiken <strong>Yoga<\/strong> um ein inneres Gleichgewicht zu erreichen. Von <strong>Affirmationen<\/strong> Zu <strong>Epigenetik<\/strong>, aus <strong>Klartr\u00e4umen<\/strong> zu den Prinzipien <strong>Stoizismus<\/strong> \u2014 Wir betrachten all diese Themen durch das Prisma der praktischen Umsetzung und wandeln Wissen in reale Ergebnisse in Ihrem Leben um.<\/p>\n\n\n\n<h2 class=\"wp-block-heading\">Website-Redakteur<\/h2>\n\n\n\n<div class=\"wp-block-columns is-layout-flex wp-container-core-columns-is-layout-9d6595d7 wp-block-columns-is-layout-flex\">\n<div class=\"wp-block-column is-layout-flow wp-block-column-is-layout-flow\" style=\"flex-basis:15%\">\n<figure class=\"wp-block-image size-full is-style-rounded\"><img loading=\"lazy\" decoding=\"async\" width=\"800\" height=\"800\" src=\"https:\/\/manifestation.com.ua\/wp-content\/uploads\/2026\/03\/image-1.png\" alt=\"\" class=\"wp-image-130\" style=\"aspect-ratio:1;object-fit:cover\" srcset=\"https:\/\/manifestation.com.ua\/wp-content\/uploads\/2026\/03\/image-1.png 800w, https:\/\/manifestation.com.ua\/wp-content\/uploads\/2026\/03\/image-1-300x300.png 300w, https:\/\/manifestation.com.ua\/wp-content\/uploads\/2026\/03\/image-1-100x100.png 100w, https:\/\/manifestation.com.ua\/wp-content\/uploads\/2026\/03\/image-1-600x600.png 600w, https:\/\/manifestation.com.ua\/wp-content\/uploads\/2026\/03\/image-1-150x150.png 150w, https:\/\/manifestation.com.ua\/wp-content\/uploads\/2026\/03\/image-1-768x768.png 768w\" sizes=\"auto, (max-width: 800px) 100vw, 800px\" \/><\/figure>\n<\/div>\n\n\n\n<div class=\"wp-block-column is-layout-flow wp-block-column-is-layout-flow\" style=\"flex-basis:66.66%\">\n<h3 class=\"wp-block-heading\">Roman S.<\/h3>\n\n\n\n<ul class=\"wp-block-social-links is-layout-flex wp-block-social-links-is-layout-flex\"><li class=\"wp-social-link wp-social-link-linkedin  wp-block-social-link\"><a href=\"https:\/\/www.linkedin.com\/in\/smyrnovee\/\" title=\"LinkedIn\" class=\"wp-block-social-link-anchor\" target=\"_blank\" rel=\"noopener\"><svg width=\"24\" height=\"24\" viewbox=\"0 0 24 24\" version=\"1.1\" xmlns=\"http:\/\/www.w3.org\/2000\/svg\" aria-hidden=\"true\" focusable=\"false\"><path d=\"M19.7,3H4.3C3.582,3,3,3.582,3,4.3v15.4C3,20.418,3.582,21,4.3,21h15.4c0.718,0,1.3-0.582,1.3-1.3V4.3 C21,3.582,20.418,3,19.7,3z M8.339,18.338H5.667v-8.59h2.672V18.338z M7.004,8.574c-0.857,0-1.549-0.694-1.549-1.548 c0-0.855,0.691-1.548,1.549-1.548c0.854,0,1.547,0.694,1.547,1.548C8.551,7.881,7.858,8.574,7.004,8.574z M18.339,18.338h-2.669 v-4.177c0-0.996-0.017-2.278-1.387-2.278c-1.389,0-1.601,1.086-1.601,2.206v4.249h-2.667v-8.59h2.559v1.174h0.037 c0.356-0.675,1.227-1.387,2.526-1.387c2.703,0,3.203,1.779,3.203,4.092V18.338z\"><\/path><\/svg><span class=\"wp-block-social-link-label screen-reader-text\">LinkedIn<\/span><\/a><\/li><\/ul>\n<\/div>\n<\/div>\n\n\n\n<p>F\u00fcr Feedback nutzen Sie bitte das untenstehende Kommentarformular oder schreiben Sie an <a href=\"https:\/\/www.linkedin.com\/in\/smyrnovee\/\" data-type=\"link\" data-id=\"https:\/\/www.linkedin.com\/in\/smyrnovee\/\" target=\"_blank\" rel=\"noopener\">Linedin<\/a>, <a href=\"https:\/\/t.me\/manifestationua?direct\" data-type=\"link\" data-id=\"https:\/\/t.me\/manifestationua?direct\">Telegram Direkt<\/a>, <\/p>\n\n\n\n<p>Abonnieren <a href=\"https:\/\/t.me\/manifestationua\" data-type=\"link\" data-id=\"https:\/\/t.me\/manifestationua\">Telegram-Kanal<\/a><\/p>\n\n\n\n<p><a href=\"https:\/\/send.monobank.ua\/jar\/5hv2Sq1Ks4\" data-type=\"link\" data-id=\"https:\/\/send.monobank.ua\/jar\/5hv2Sq1Ks4\" target=\"_blank\" rel=\"noopener\">Unterst\u00fctze die Website<\/a><\/p>\n\n\n\n<p><\/p>\n\n\n<p><script src=\"https:\/\/cdn.pulse.is\/livechat\/loader.js\" data-live-chat-id=\"69d6386a993f9fa03c044097\" async><\/script><\/p>","protected":false},"excerpt":{"rendered":"\u0412\u0456\u0442\u0430\u044e. \u041c\u0435\u043d\u0435 \u0437\u0432\u0430\u0442\u0438 \u0420\u043e\u043c\u0430\u043d, \u0456 \u0446\u0435\u0439 \u0441\u0430\u0439\u0442 \u2014 \u0440\u0435\u0437\u0443\u043b\u044c\u0442\u0430\u0442 \u043c\u043e\u0433\u043e \u0431\u0430\u0433\u0430\u0442\u043e\u0440\u0456\u0447\u043d\u043e\u0433\u043e \u0434\u043e\u0441\u043b\u0456\u0434\u0436\u0435\u043d\u043d\u044f \u043f\u0435\u0440\u0435\u0442\u0438\u043d\u0443 \u043f\u0441\u0438\u0445\u043e\u043b\u043e\u0433\u0456\u0457, \u043c\u0435\u0442\u0430\u0444\u0456\u0437\u0438\u043a\u0438 \u0442\u0430 \u043f\u0440\u0430\u043a\u0442\u0438\u0447\u043d\u043e\u0433\u043e \u0434\u043e\u0441\u0432\u0456\u0434\u0443&hellip;","protected":false},"author":1,"featured_media":0,"parent":0,"menu_order":0,"comment_status":"closed","ping_status":"closed","template":"","meta":{"csco_display_header_overlay":false,"csco_singular_sidebar":"","csco_page_header_type":"title","footnotes":""},"class_list":{"0":"post-52","1":"page","2":"type-page","3":"status-publish","5":"cs-entry"},"_hostinger_reach_plugin_has_subscription_block":false,"_hostinger_reach_plugin_is_elementor":false,"_links":{"self":[{"href":"https:\/\/manifestation.com.ua\/de\/wp-json\/wp\/v2\/pages\/52","targetHints":{"allow":["GET"]}}],"collection":[{"href":"https:\/\/manifestation.com.ua\/de\/wp-json\/wp\/v2\/pages"}],"about":[{"href":"https:\/\/manifestation.com.ua\/de\/wp-json\/wp\/v2\/types\/page"}],"author":[{"embeddable":true,"href":"https:\/\/manifestation.com.ua\/de\/wp-json\/wp\/v2\/users\/1"}],"replies":[{"embeddable":true,"href":"https:\/\/manifestation.com.ua\/de\/wp-json\/wp\/v2\/comments?post=52"}],"version-history":[{"count":3,"href":"https:\/\/manifestation.com.ua\/de\/wp-json\/wp\/v2\/pages\/52\/revisions"}],"predecessor-version":[{"id":386,"href":"https:\/\/manifestation.com.ua\/de\/wp-json\/wp\/v2\/pages\/52\/revisions\/386"}],"wp:attachment":[{"href":"https:\/\/manifestation.com.ua\/de\/wp-json\/wp\/v2\/media?parent=52"}],"curies":[{"name":"wp","href":"https:\/\/api.w.org\/{rel}","templated":true}]}}