{"id":344,"date":"2026-03-30T09:56:02","date_gmt":"2026-03-30T09:56:02","guid":{"rendered":"https:\/\/manifestation.com.ua\/?page_id=344"},"modified":"2026-03-30T11:16:48","modified_gmt":"2026-03-30T11:16:48","slug":"nevil-goddard-wine-obolonku-purustamine-1964-haruldane-taispikk-raamat","status":"publish","type":"page","link":"https:\/\/manifestation.com.ua\/et\/nevil-goddard-wine-obolonku-purustamine-1964-haruldane-taispikk-raamat\/","title":{"rendered":"\u041d\u0435\u0432\u0456\u043b \u0413\u043e\u0434\u0434\u0430\u0440\u0434: \u00ab\u0412\u0456\u043d \u0440\u043e\u0437\u0431\u0438\u0432\u0430\u0454 \u043e\u0431\u043e\u043b\u043e\u043d\u043a\u0443\u00bb (1964) [\u0420\u0406\u0414\u041a\u0406\u0421\u041d\u0410 \u041f\u041e\u0412\u041d\u0410 \u041a\u041d\u0418\u0413\u0410]"},"content":{"rendered":"<div class=\"wp-block-rank-math-toc-block\" id=\"rank-math-toc\"><h2>Sisu<\/h2><nav><ul><li class=\"\"><a href=\"#\u0431\u043e\u0433-\u0432\u0456\u0434\u043a\u0440\u0438\u0432\u0430\u0454-\u0441\u0432\u0456\u0439-\u043e\u0431\u0440\u0430\u0437-\u0443-\u0447\u043e\u0442\u0438\u0440\u044c\u043e\u0445-\u0430\u043a\u0442\u0430\u0445\">JUMAL ILMUTAB OMA PILTI NELJAS VAATUSES<\/a><\/li><li class=\"\"><a href=\"#\u0432\u0441\u0442\u0443\u043f\">SISSEJUHATUS<\/a><ul><li class=\"\"><a href=\"#\u043f\u0435\u0440\u0448\u0438\u0439-\u0430\u043a\u0442-\u0432\u043e\u0441\u043a\u0440\u0435\u0441\u0456\u043d\u043d\u044f-\u0442\u0430-\u043d\u043e\u0432\u0435-\u043d\u0430\u0440\u043e\u0434\u0436\u0435\u043d\u043d\u044f\">ESIMENE VAATUS: \u00dcLEST\u00d5USMINE JA UUS S\u00dcND<\/a><\/li><li class=\"\"><a href=\"#\u0434\u0440\u0443\u0433\u0438\u0439-\u0430\u043a\u0442-\u0432\u0456\u0434\u043a\u0440\u0438\u0442\u0442\u044f-\u0431\u0430\u0442\u044c\u043a\u0456\u0432\u0441\u0442\u0432\u0430\">TEINE VAATUS: VANEMLIKKUSE AVASTAMINE<\/a><\/li><li class=\"\"><a href=\"#\u0442\u0440\u0435\u0442\u0456\u0439-\u0430\u043a\u0442-\u0440\u043e\u0437\u0456\u0440\u0432\u0430\u043d\u043d\u044f-\u0437\u0430\u0432\u0456\u0441\u0438-\u0442\u0430-\u043f\u0456\u0434\u0439\u043e\u043c\">KOLMAS VAATUS: EESRIIDE JOOKSMINE JA T\u00d5USMINE<\/a><\/li><li class=\"\"><a href=\"#\u0447\u0435\u0442\u0432\u0435\u0440\u0442\u0438\u0439-\u0430\u043a\u0442-\u0433\u043e\u043b\u0443\u0431-\u0442\u0430-\u0431\u043e\u0436\u0435\u0441\u0442\u0432\u0435\u043d\u043d\u0435-\u0441\u0445\u0432\u0430\u043b\u0435\u043d\u043d\u044f\">NELJAS VAATUS: TUVI JA JUMALIK HEAKSKIIT<\/a><\/li><li class=\"\"><a href=\"#\u043f\u0456\u0434\u0441\u0443\u043c\u043e\u043a-\u0442\u0430-\u0442\u0430\u0454\u043c\u043d\u0438\u0446\u044f\">KOKKUV\u00d5TE JA M\u00dcSTEERIUM<\/a><\/li><\/ul><\/li><\/ul><\/nav><\/div>\n\n\n\n<h2 class=\"wp-block-heading\" id=\"\u0431\u043e\u0433-\u0432\u0456\u0434\u043a\u0440\u0438\u0432\u0430\u0454-\u0441\u0432\u0456\u0439-\u043e\u0431\u0440\u0430\u0437-\u0443-\u0447\u043e\u0442\u0438\u0440\u044c\u043e\u0445-\u0430\u043a\u0442\u0430\u0445\">JUMAL ILMUTAB OMA PILTI NELJAS VAATUSES<\/h2>\n\n\n\n<blockquote class=\"wp-block-quote is-layout-flow wp-block-quote-is-layout-flow\">\n<p>\u201c\u00d5peta mulle, P\u00fcha Vaim, Jeesuse tunnistust! Lase mul m\u00f5ista jumaliku seaduse imelisi asju!\u00bb<\/p>\n\n\n\n<p><strong>Blake: Jeruusalemm, 74. plaan.<\/strong><\/p>\n<\/blockquote>\n\n\n\n<blockquote class=\"wp-block-quote is-layout-flow wp-block-quote-is-layout-flow\">\n<p>\u201cMa olen vaid sinu kaassulane ja su vendade kaassulane, kellel on Jeesuse tunnistus.\u00bb<\/p>\n\n\n\n<p><strong>Ilmutuse 19:10<\/strong><\/p>\n<\/blockquote>\n\n\n\n<blockquote class=\"wp-block-quote is-layout-flow wp-block-quote-is-layout-flow\">\n<p>\u201cV\u00f5tke endi peale minu ike ja \u00f5ppige minult\u201d<\/p>\n\n\n\n<p><strong>Matteuse 11:29<\/strong><\/p>\n<\/blockquote>\n\n\n\n<p>\u00abSeaduse ike\u00bb on rabiinide seas levinud v\u00e4ljend P\u00fchakirja uurimise kohta. \u00abJeesus Kristus, ustav tunnistaja, esmas\u00fcndinu surnuist\u00bb (Ilmutus 1:5) pakub P\u00fchakirja vahetamist teistega, mis p\u00f5hineb isiklikul kogemusel ja ainult oletustel.<\/p>\n\n\n\n<h2 class=\"wp-block-heading\" id=\"\u0432\u0441\u0442\u0443\u043f\">SISSEJUHATUS<\/h2>\n\n\n\n<p>Inimesel on v\u00e4ga raske muuta oma arusaama s\u00fcndmuse t\u00e4hendusest, kui vanad \u00fcldtunnustatud t\u00f5lgendused on kindlalt tema meeltesse juurdunud. Kuid Jumala neli tegu, mis varjavad Tema \u00abkujutist\u00bb \u2013 \u00abTehkem inimene oma n\u00e4o j\u00e4rgi\u00bb (1Ms 1:26) \u2013, paistavad perspektiivis hoopis teises valguses, kui nad tegelikult tagasi vaadates n\u00e4evad.<\/p>\n\n\n\n<p>\u00dclest\u00f5usmine on Jumala esimene tegu oma &quot;Kuju&quot; ilmutamisel. See toimub viisil, mida inimene poleks osanud aimatagi \u2013 \u00e4rkamise kaudu tema koljus, mitte tema ajaloo l\u00f5pus, vaid tema ajaloo raamistikus. \u00dclest\u00f5usmine on s\u00fcndmus, mis toimub inimese maises elus. Meie inimelul on oma t\u00e4hendus ainult ja alati seoses meie \u00fclest\u00f5usmisega. Inimene, kes sel viisil \u00e4ratatakse, &quot;kuulutatakse surnuist \u00fclest\u00f5usmise v\u00e4e l\u00e4bi Jumala Pojaks; see on Jeesus Kristus, meie Issand&quot; (Rm 1:4). Osalemine tulevases elus s\u00f5ltub Jumala tegudest surnute \u00e4ratamisel.<\/p>\n\n\n\n<p>Meid \u00e4ratatakse \u00fcles \u00fckshaaval, et \u00fchineda \u00fcheks meheks, kes on Jumal: \u00abJa Issand saab kuningaks \u00fcle kogu ilmamaa! Sel p\u00e4eval on Issand \u00fcks ja tema nimi \u00fcks.\u00bb (Sk 14:9). \u00dclest\u00f5usmine on individuaalne kogemus, inimese enda kolju \u00e4rkamine, millele j\u00e4rgneb kohe \u00fcleloomulik s\u00fcnd koljust, privilegeeritud s\u00fcnd uude loodusse. See saavutatakse ainult Jumala armu l\u00e4bi; ja ainult sellise \u00e4rkamise jaoks kasutab Uus Testament terminit \u00ab\u00fclest\u00f5usmine\u00bb. K\u00f5ik teised inimesed, v\u00e4lja arvatud \u00fclest\u00f5usnud, naasevad p\u00e4rast surma ellu, et uuesti surra.<\/p>\n\n\n\n<blockquote class=\"wp-block-quote is-layout-flow wp-block-quote-is-layout-flow\">\n<p>\u201cTema juurde tulid m\u00f5ned saduserid, kes \u00fctlevad, et \u00fclest\u00f5usmist ei ole, ja k\u00fcsisid temalt: \u00bb\u00d5petaja, Mooses on meile kirjutanud, et kui kellegi vend sureb naisega, aga tal pole lapsi, siis peab vend v\u00f5tma oma naise ja \u00e4ratama oma vennale lapsed... Ja Jeesus \u00fctles neile: \u201eSelle ajastu lapsed v\u00f5tavad naisi ja l\u00e4hevad mehele, aga kes on v\u00e4\u00e4rt j\u00f5udma sellesse ajastusse ja surnuist \u00fclest\u00f5usmisse, need ei v\u00f5ta naisi ega l\u00e4he mehele, sest nad ei saa enam surra, sest nad on inglite sarnased ja on Jumala lapsed, olles \u00fclest\u00f5usmise lapsed.\u201d\u201d (Luuka 20:27\u201336)<\/p>\n<\/blockquote>\n\n\n\n<blockquote class=\"wp-block-quote is-layout-flow wp-block-quote-is-layout-flow\">\n<p>\u201cTa \u00e4rkas elluj\u00e4\u00e4nud unest. Meie, kes oleme tormistes n\u00e4gemustes kadunud, peame viljatut v\u00f5itlust fantoomidega.\u201d<\/p>\n\n\n\n<p><strong>Shelley<\/strong><\/p>\n<\/blockquote>\n\n\n\n<p>Jumala eesm\u00e4rk ei ole loomuliku korra arendamine, vaid sellega seotud poegade \u00e4ratamine. \u201cSest loodu ootab pikisilmi Jumala poegade ilmumist\u201d (Rm 8:19).<\/p>\n\n\n\n<h3 class=\"wp-block-heading\" id=\"\u043f\u0435\u0440\u0448\u0438\u0439-\u0430\u043a\u0442-\u0432\u043e\u0441\u043a\u0440\u0435\u0441\u0456\u043d\u043d\u044f-\u0442\u0430-\u043d\u043e\u0432\u0435-\u043d\u0430\u0440\u043e\u0434\u0436\u0435\u043d\u043d\u044f\">ESIMENE VAATUS: \u00dcLEST\u00d5USMINE JA UUS S\u00dcND<\/h3>\n\n\n\n<p>\u201c\u00c4rge arvake, et ma olen tulnud Seadust v\u00f5i Prohveteid t\u00fchistama; ma ei ole tulnud neid t\u00fchistama, vaid t\u00e4itma. Sest ma \u00fctlen teile, et kuni taevas ja maa kaovad, ei kao Seadusest mitte \u00fckski t\u00e4heke ega \u00fckski kriips, enne kui k\u00f5ik, mis peab s\u00fcndima, on s\u00fcndinud.\u00bb (Mt 5:17-18).<\/p>\n\n\n\n<p>\u201cMinu t\u00f6\u00f6 on tunnistada t\u00f5de. Selleks ma olen s\u00fcndinud ja selleks ma olen tulnud maailma, et iga\u00fcks, kes pole t\u00f5ele kurt, kuuleks minu h\u00e4\u00e4lt.\u00bb (Johannese 18:37\u201338)<\/p>\n\n\n\n<p>\u00abMa olin surnud, ja vaata, ma olen elav igavesti igavesti!\u00bb (Ilmutus 1:18)<\/p>\n\n\n\n<p>\u00abJeesus Kristus, ustav tunnistaja, esmas\u00fcndinu surnuist\u00bb (Ilmutus 1:5)<\/p>\n\n\n\n<p>Jeesuse tunnistust tuleb kuulata ja sellele tuleb vastata. M\u00f5ned veenduvad tema s\u00f5nades, teised mitte. Jeesuse tunnistust ei saa kellegi enda tahtele peale suruda. See on Jumala n\u00e4o ilmutus. See on \u00e4kiline ja t\u00e4iesti ootamatu \u00e4rkamine koljus, kui leiad end hauast, kuhu sind maeti, \u00fcllatav ja h\u00e4mmeldav.<\/p>\n\n\n\n<p>\u00dclest\u00f5usmine on Jumala esimene tegu oma algse soovi ilmutamisel: \u00abTehkem inimene oma n\u00e4o j\u00e4rgi\u00bb (1Ms 1:26). \u00abSee, kes teis on alustanud head t\u00f6\u00f6d, viib selle l\u00f5pule Jeesuse Kristuse p\u00e4evani\u00bb (Fl 1:6). Jeesus Kristus on \u00abn\u00e4htamatu Jumala kuju\u00bb (Kl 1:15). Jumala t\u00f6\u00f6 teis on l\u00f5pule viidud, kui \u00abte saate Kristuse n\u00e4o sarnaseks\u00bb (Gl 4:19). Siis teid \u00e4ratatakse surnuist \u00fcles ja \u00e4ratatakse \u00fcles.<\/p>\n\n\n\n<p>Esimene tegu, millega Jumal ilmutab \u00abPoega, kes on Jumala auhiilguse kiirgus ja tema olemuse t\u00e4pne kuju\u00bb (Hb 1:3), on kaheosaline tegu. See \u00e4ratab magaja ja toob ta v\u00e4lja tema kolbast: s\u00fcnnib uuesti.<\/p>\n\n\n\n<blockquote class=\"wp-block-quote is-layout-flow wp-block-quote-is-layout-flow\">\n<p>\u201c&quot;\u00c4rka \u00fcles, magaja,<\/p>\n\n\n\n<p>T\u00f5use surnuist \u00fcles,<\/p>\n\n\n\n<p>ja Kristus s\u00e4rab teie peale.\u201d<\/p>\n\n\n\n<p><strong>Efeslastele 5:14<\/strong><\/p>\n<\/blockquote>\n\n\n\n<p>Ta on \u00abuuesti s\u00fcndinud ... Jeesuse Kristuse \u00fclest\u00f5usmise kaudu surnuist kadumatu, r\u00fcvetamatu ja n\u00e4rtsimatu p\u00e4randi saamiseks, mis on talle taevas talle hoiule pandud\u00bb (1. Peetruse 1:3-4).<\/p>\n\n\n\n<p>\u00abUuss\u00fcnd\u00bb j\u00e4rgneb \u00ab\u00fclest\u00f5usmisele\u00bb.<\/p>\n\n\n\n<p>\u201cLiha s\u00fcnnitab liha, Vaim s\u00fcnnitab vaimu. \u00c4ra siis imesta, et ma \u00fctlesin sulle: te peate uuesti s\u00fcndima! Tuul puhub, kuhu tahab, ja sa kuuled ta h\u00e4\u00e4lt, aga sa ei tea, kust ta tuleb ja kuhu ta l\u00e4heb. N\u00f5nda on iga\u00fchega, kes on s\u00fcndinud Vaimust.\u201d (Johannese 3:6-8)<\/p>\n\n\n\n<p>Mees \u00e4rkab oma koljus ja avastab end selle sisse mattunud olevat. Ta teab intuitiivselt, et kui ta koljup\u00f5hja l\u00fckkab, tekib auk ja nii see ongi. Ta l\u00fckkab p\u00f5hja, leiab augu ja tuleb pea ees v\u00e4lja, just nagu laps s\u00fcnnib. Kui ta m\u00f5tiskleb kolju \u00fcle, millest ta just v\u00e4lja tuli, kostab \u00e4kki heli nagu tugev tuul, mis t\u00e4idab kogu ruumi; ta kuuleb heli, aga ei tea, &quot;kust see tuleb ja kuhu see l\u00e4heb&quot;. Tuule h\u00e4\u00e4l hajutab hetkeks tema t\u00e4helepanu kehalt, millest ta just v\u00e4lja tuli. Kehale tagasi vaadates on ta \u00fcllatunud, n\u00e4hes, et see on v\u00e4lja t\u00f5mmatud ja selle asemel istub kolm meest; \u00fcks istub seal, kus oli pea, ja kaks seal, kus olid jalad.<\/p>\n\n\n\n<p>Ka nemad kuulevad v\u00e4gevate v\u00f5iduh\u00f5iset, aga nad ei tea, \u00abkust see tuleb ja kuhu l\u00e4heb\u00bb. Nad ei n\u00e4e meest, kes on s\u00fcndinud tema kolbast, aga nad leiavad tema s\u00fcnnim\u00e4rgi: m\u00e4hkmetesse m\u00e4hitud lapse, kes lamab p\u00f5randal.<\/p>\n\n\n\n<p>\u201cTeile on t\u00e4na s\u00fcndinud Taaveti linnas P\u00e4\u00e4stja, kes on Messias, Issand. Ja see on teile m\u00e4rgiks: te leiate lapsukese, m\u00e4hitud ja s\u00f5imes lamamas.\u00bb (Luuka 2:11-12).<\/p>\n\n\n\n<p>Nad leiavad k\u00fcll tema s\u00fcnnim\u00e4rgi, aga mitte teist korda s\u00fcndinud mehe, sest n\u00fc\u00fcd on ta \u00absurnuist \u00fclest\u00f5usmise l\u00e4bi kuulutatud Jumala Pojaks v\u00e4es\u00bb (Rm 1\u20134).<\/p>\n\n\n\n<h3 class=\"wp-block-heading\" id=\"\u0434\u0440\u0443\u0433\u0438\u0439-\u0430\u043a\u0442-\u0432\u0456\u0434\u043a\u0440\u0438\u0442\u0442\u044f-\u0431\u0430\u0442\u044c\u043a\u0456\u0432\u0441\u0442\u0432\u0430\">TEINE VAATUS: VANEMLIKKUSE AVASTAMINE<\/h3>\n\n\n\n<p>\u00abMina ja mu Isa oleme \u00fcks.\u00bb (Johannese 10:30).<\/p>\n\n\n\n<p>Teine v\u00e4gev ilmutab inimkonna isaduse ja vennaskonna saladuse. Inimene leiab Piibli Taaveti ja avastab, et Taaveti olemus ja missioon on vaimsed, mitte f\u00fc\u00fcsilised ega ajaloolised. \u201cMa olen leidnud Taaveti... Tema h\u00fc\u00fcab mind appi: \u00bbSina oled mu Isa ja mu Jumal ja mu p\u00e4\u00e4stekalju!\u00ab\u00bb (Ps 89:20, 26). \u00abSina oled mu Poeg, t\u00e4na ma s\u00fcnnitasin su!\u00bb (Ps 2:7). \u201eKeegi ei tea, kes on Poeg, peale Isa, ega kes on Isa, peale Poja ja selle, kellele Poeg tahab teda ilmutada.\u201d (Lk 10:22).<\/p>\n\n\n\n<p>\u201cTa \u00fctles neile: \u00abKuidas nad saavad \u00f6elda, et Messias on Taaveti poeg? Taavet ise nimetab teda Issandaks; kuidas ta siis v\u00f5ib olla Taaveti poeg?\u00bb\u00bb (Lk 20:41\u201344). Taavet nimetab teda vaimus oma Isaks. Kui Messias, n\u00e4htamatu Jumala kuju, on inimeses moodustunud, leiab mees Taaveti ja Taavet nimetab teda Isaks. L\u00f5puks \u00fctlevad k\u00f5ik inimesed Taavetile: \u00abSina oled mu poeg, t\u00e4na ma olen sind ilmale toonud\u00bb (Ps 2:7), ja k\u00f5ik saavad tundma isadust ja inimlikku vendlust.<\/p>\n\n\n\n<p>\u201cFilippus \u00fctles talle: \u2018Issand, n\u00e4ita meile Isa, siis me ei k\u00fcsi enam kedagi teist!\u2019 Jeesus vastas: \u00abMa olen nii kaua teie juures olnud ja sa ei ole mind ikka veel \u00e4ra tundnud, Filippus? Kes on n\u00e4inud mind, see on n\u00e4inud Isa. Kuidas sa siis \u00fctled: \u00bbN\u00e4ita meile Isa!\u201d Kas sa ei usu, et mina olen Isas ja Isa on minus?\u201d (Johannese 14:8\u201310).<\/p>\n\n\n\n<h3 class=\"wp-block-heading\" id=\"\u0442\u0440\u0435\u0442\u0456\u0439-\u0430\u043a\u0442-\u0440\u043e\u0437\u0456\u0440\u0432\u0430\u043d\u043d\u044f-\u0437\u0430\u0432\u0456\u0441\u0438-\u0442\u0430-\u043f\u0456\u0434\u0439\u043e\u043c\">KOLMAS VAATUS: EESRIIDE JOOKSMINE JA T\u00d5USMINE<\/h3>\n\n\n\n<p>Kolmas v\u00e4gev tegu n\u00e4itab, et Jumala Kujul on kahetine olemus.<\/p>\n\n\n\n<p>\u00abTeie olete Jumala tempel ja Jumala Vaim elab teie sees\u00bb (1Kr 3:16). \u00abJa templi eesriie rebenes \u00fclalt alla poole poole\u00bb (Mk 15:38). \u00abSeep\u00e4rast, s\u00f5brad, annab Jeesuse veri meile vabaduse siseneda p\u00fchamusse uut ja elavat teed pidi, mille ta meile on avanud eesriide kaudu, see on oma ihuliku tee kaudu\u201c (Hb 10:19-20).<\/p>\n\n\n\n<p>V\u00e4lk l\u00f5hestab mehe kolju \u00fclaosast selgroo alaosani pooleks. Ta jaguneb nagu v\u00e4lgul\u00f6\u00f6gist tabatud puu. Oma maha raiutud keha allosas n\u00e4eb ta \u00abJeesuse verd\u00bb, sulanud kulla loigu; ta teab, et see on tema ise; seej\u00e4rel, \u00fchinedes \u00abJeesuse verega\u00bb, t\u00f5useb see maha raiutud selgroogu m\u00f6\u00f6da mao sarnase liigutusega koljusse. Seda tehakse, et t\u00e4ide l\u00e4heks P\u00fchakiri: \u00abN\u00f5nda nagu Mooses \u00fclendas k\u00f5rbes mao, n\u00f5nda \u00fclendatakse ka Inimese Poeg\u00bb (Johannese 3:14).<\/p>\n\n\n\n<h3 class=\"wp-block-heading\" id=\"\u0447\u0435\u0442\u0432\u0435\u0440\u0442\u0438\u0439-\u0430\u043a\u0442-\u0433\u043e\u043b\u0443\u0431-\u0442\u0430-\u0431\u043e\u0436\u0435\u0441\u0442\u0432\u0435\u043d\u043d\u0435-\u0441\u0445\u0432\u0430\u043b\u0435\u043d\u043d\u044f\">NELJAS VAATUS: TUVI JA JUMALIK HEAKSKIIT<\/h3>\n\n\n\n<p>Neljas ja viimane vaatus v\u00e4ljendab Jumala rahulolu oma t\u00f6\u00f6ga. \u201cJa Jumal vaatas k\u00f5ike, mis ta oli teinud, ja vaata, see oli v\u00e4ga hea\u201d (1Ms 1:31).<\/p>\n\n\n\n<p>Mehe kolp muutub j\u00e4rsku l\u00e4bipaistvaks. Tema kohal, justkui h\u00f5ljudes, h\u00f5ljub tuvi, kelle poole on suunatud armastus. \u201cJa vaata, taevad avanesid temale ja ta n\u00e4gi Jumala Vaimu laskuvat alla otsekui tuvi ja tema peale laskuvat. Ja vaata, taevast kostis h\u00e4\u00e4l, mis \u00fctles: \u201cSee on minu armas Poeg, kellest mul on hea meel!\u201d\u201d (Mt 3:16\u201317). Tuvi laskub tema peale ja l\u00e4mmatab teda armastusega, suudledes tema n\u00e4gu, pead ja kaela. Need neli v\u00e4gevat tegu, kuigi neid lahutab umbes kolm ja pool aastat, on osa \u00fchest kompleksist.<\/p>\n\n\n\n<p>\u00dclest\u00f5usnud Kristus \u2013 nendes neljas m\u00fcstilises ja \u00fcleloomulikus inimese kogemuses \u2013 annab jumalikud nimed Jeesus, Isa, Inimese Poeg, Jumala Poeg.<\/p>\n\n\n\n<h3 class=\"wp-block-heading\" id=\"\u043f\u0456\u0434\u0441\u0443\u043c\u043e\u043a-\u0442\u0430-\u0442\u0430\u0454\u043c\u043d\u0438\u0446\u044f\">KOKKUV\u00d5TE JA M\u00dcSTEERIUM<\/h3>\n\n\n\n<p>\u00dclest\u00f5usmine on ainulaadne isiklik kogemus; definitsiooni j\u00e4rgi on see Kristuse \u00fclest\u00f5usmine. Kuigi \u00fclest\u00f5usmist ennast p\u00fchakirjades kusagil ei kirjeldata, on see kristliku usu keskmes. See t\u00e4histab jaotust praeguse ajastu ja selle vahel, mil isegi surmaseadus on murtud \u2013 kus inimene enam ei sure, kus k\u00f5ik on inglitega v\u00f5rdsed, mitte enam selle maailma, vaid j\u00e4rgmise maailma pojad, Jumala ja \u00fclest\u00f5usmise pojad: see on uus looming.<\/p>\n\n\n\n<p>Kellekski teiseks saamine t\u00e4hendab enese kustutamist \u2013 tegelikku surma. Just selles m\u00f5ttes suri Jumal inimese eest. \u00abTema, olles Jumala kujul... tegi iseendast t\u00fchjaks, v\u00f5ttes orja kuju ja s\u00fcndides inimeste sarnaseks\u00bb (Fl 2:6-7). Jumal sai inimeseks, et inimene saaks Jumalaks.<\/p>\n\n\n\n<p>\u201cMa annan oma elu, et ma selle j\u00e4lle tagasi v\u00f5taksin. Keegi ei ole seda minult v\u00f5tnud; ma annan selle ise. Mul on meelevald see anda ja mul on meelevald see j\u00e4lle v\u00f5tta.\u00bb (Johannese 10:17-18).<\/p>\n\n\n\n<p>P\u00e4rast \u00fclest\u00f5usmist naaseb inimene iidsete p\u00fchakirjade juurde, mis sisaldavad vihjeid ja ennustusi t\u00f5e kohta, nii nagu ta seda on kogenud. \u201cRullaraamatus on minust kirjutatud.\u201d (Ps 40:7). \u201cKas sa ei tea, et Jeesus Kristus on sinu sees?\u201d (2Kr 13:5). Kristus ei saanud \u00abv\u00e4lja tulla\u00bb inimesest, kelles teda polnud olemas.<\/p>\n\n\n\n<p>\u00abNad v\u00f5tsid Issanda hauast v\u00e4lja ja me ei tea, kuhu nad ta panid... sest nad ei teadnud veel Kirjast, et ta peab surnuist \u00fcles t\u00f5usma.\u00bb (Johannese 20:2, 9).<\/p>\n\n\n\n<p>\u00dcks meestest leidis haua juurest \u00ablapse\u00bb, mis oli m\u00e4rk \u00fcleloomulikust s\u00fcnnist, \u00abaga nad ei n\u00e4inud teda\u00bb (Luuka 24:24), meest, kes oli s\u00fcndinud \u00fcleloomulikult. Ta on \u00fcles t\u00f5usnud! Ta s\u00fcnnib uuesti. Ta \u00fctles: \u00abAga need s\u00f5nad tundusid teistele t\u00fchjade juttudena ja nad ei uskunud neid\u00bb (Luuka 24:11).<\/p>\n\n\n\n<p>\u00dclest\u00f5usmine t\u00e4hendab \u00abtaevase kuju kandmist\u00bb (1Kr 15:49). Identiteedi kadumist ei toimu, kuid toimub radikaalne vormiline katkestus. \u201cMeie alandlik ihu muudetakse tema kirkasse ihu sarnaseks (s\u00f5na otseses m\u00f5ttes samasuguseks nagu see)\u201d (Fl 3:20\u201321).<\/p>\n\n\n\n<p>Jumala algne soov \u00abTehkem inimene oma n\u00e4o j\u00e4rgi\u00bb t\u00e4itub m\u00e4\u00e4ratud tunnil. Ja \u00abteie asi ei ole teada aegu ega hetki, mis Isa on seadnud omaenda meelevallaga\u00bb (Apostlite teod 1:7).<\/p>\n\n\n\n<blockquote class=\"wp-block-quote is-layout-flow wp-block-quote-is-layout-flow\">\n<p>\u00ab&quot;N\u00e4gemisel on oma aeg.&quot;<\/p>\n\n\n\n<p>tund;<\/p>\n\n\n\n<p>see valmib, see \u00f5itseb;<\/p>\n\n\n\n<p>Kui see kaua aega v\u00f5tab, siis oota,<\/p>\n\n\n\n<p>sest see pole kindlasti see<\/p>\n\n\n\n<p>&quot;j\u00e4\u00e4n hiljaks.&quot;\u00bb<\/p>\n\n\n\n<p><strong>(Habakuk 2:3)<\/strong><\/p>\n<\/blockquote>\n\n\n\n<p>Iisraeli p\u00fcha ajalugu, nagu see on kirja pandud Vanas Testamendis, on t\u00e4ielikult prohvetlik ajalugu, mille Jumal viib haripunkti ja t\u00e4itumiseni Jeesuses Kristuses sinus.<\/p>\n\n\n\n<blockquote class=\"wp-block-quote is-layout-flow wp-block-quote-is-layout-flow\">\n<p>\u201cV\u00e4gede isandad vandusid:<\/p>\n\n\n\n<p>Nagu ma arvasin,<\/p>\n\n\n\n<p>nii see saab olema<\/p>\n\n\n\n<p>, ja nagu ma plaanisin,<\/p>\n\n\n\n<p>Nii saab olema.<\/p>\n\n\n\n<p><strong>Jesaja 14:24.<\/strong><\/p>\n<\/blockquote>\n\n\n\n<p>Jumala t\u00f5otused, mida on kaua hellitatud nagu pungi tema ilmumise puul, puhkevad \u00f5itsele \u2013 neljas v\u00e4gevas teol \u2013 Kristuses sinus. Selle t\u00f5e t\u00e4ielik j\u00f5ud v\u00f5ib j\u00e4\u00e4da m\u00e4rkamata, sest sa ei ole teadlik \u00e4kilisest lahkul\u00f6\u00f6misest minevikuga. Midagi uut on juhtunud. Sa s\u00fcnnid uuesti.<\/p>\n\n\n\n<blockquote class=\"wp-block-quote is-layout-flow wp-block-quote-is-layout-flow\">\n<p>\u201cMeie religiooni m\u00fcsteerium on t\u00f5eliselt suur, me tunnistame.\u201d<\/p>\n\n\n\n<p><strong>1. Timoteosele 3:16<\/strong><\/p>\n<\/blockquote>\n\n\n\n<p>K\u00f5ik, mis P\u00fchakirjas Jeesus Kristuse kohta on kirjutatud, on kirjutatud inimesest. \u00abJa kui nad j\u00f5udsid paika, mida h\u00fc\u00fctakse Kolbaks, siis nad l\u00f5id ta seal risti\u00bb (Lk 23:33). \u00abKaljuhaud, kuhu ei olnud veel kedagi maetud\u00bb (Lk 23:53) on inimese kolp. Ja \u00abkui me oleme temaga \u00fchendatud surmas nagu Tema oma, siis oleme kindlasti ka \u00fclest\u00f5usmises nagu Tema oma\u00bb (Rm 6:5).<\/p>\n\n\n\n<p>Olen jaganud oma kogemust, et te v\u00f5iksite teada t\u00f5de kristliku m\u00fcsteeriumi \u2013 p\u00e4\u00e4stes\u00f5numi \u2013 kohta, mida olen ise kogenud.<\/p>\n\n\n\n<p>Jumalik kuvand ilmneb selles \u00fcleloomulike s\u00fcndmuste reas, mis kutsuvad esile imestuse ja imetluse. Isiklik kogemus peaks kinnitama P\u00fchakirja t\u00f5de.<\/p>\n\n\n\n<p>Jumal on maetud inimese koljusse. Tema nimi on MINA OLEN. Ta \u00e4rkab inimese koljus. Ta tuleb v\u00e4lja Minnesota koljust ja s\u00fcnnib uuesti. Jumal sai inimeseks, et inimene v\u00f5iks saada Jumalaks.<\/p>\n\n\n\n<p>Jeesus Kristus on iga inimese t\u00f5eline isik.<\/p>\n\n\n\n<blockquote class=\"wp-block-quote is-layout-flow wp-block-quote-is-layout-flow\">\n<p>\u201cMine n\u00fc\u00fcd ja kirjuta see nende ees tahvlile ja m\u00e4rgi raamatusse, et see oleks igaveseks tunnistuseks!\u201d<\/p>\n\n\n\n<p><strong>Jesaja 30:8<\/strong><\/p>\n<\/blockquote>\n\n\n\n<p>Piiblitsitaadid loos \u00abTa murrab kesta\u00bb on v\u00f5etud Piibli Kuningas Jamesi versioonist, Revised Standard Versionsist, NEW English Bible&#039;ist ja Moffattsi t\u00f5lkeist.<\/p>","protected":false},"excerpt":{"rendered":"\u0411\u041e\u0413 \u0412\u0406\u0414\u041a\u0420\u0418\u0412\u0410\u0404 \u0421\u0412\u0406\u0419 \u041e\u0411\u0420\u0410\u0417 \u0423 \u0427\u041e\u0422\u0418\u0420\u042c\u041e\u0425 \u0410\u041a\u0422\u0410\u0425 &#8220;\u041d\u0430\u0432\u0447\u0438 \u043c\u0435\u043d\u0435, \u043e \u0421\u0432\u044f\u0442\u0438\u0439 \u0414\u0443\u0445\u0443, \u0441\u0432\u0456\u0434\u0447\u0435\u043d\u043d\u044f \u0406\u0441\u0443\u0441\u0430! \u0434\u043e\u0437\u0432\u043e\u043b\u044c \u043c\u0435\u043d\u0456 \u0437\u0440\u043e\u0437\u0443\u043c\u0456\u0442\u0438 \u0434\u0438\u0432\u043e\u0432\u0438\u0436\u043d\u0456&hellip;","protected":false},"author":1,"featured_media":0,"parent":0,"menu_order":0,"comment_status":"closed","ping_status":"closed","template":"","meta":{"csco_display_header_overlay":false,"csco_singular_sidebar":"","csco_page_header_type":"","footnotes":""},"class_list":{"0":"post-344","1":"page","2":"type-page","3":"status-publish","5":"cs-entry"},"_hostinger_reach_plugin_has_subscription_block":false,"_hostinger_reach_plugin_is_elementor":false,"_links":{"self":[{"href":"https:\/\/manifestation.com.ua\/et\/wp-json\/wp\/v2\/pages\/344","targetHints":{"allow":["GET"]}}],"collection":[{"href":"https:\/\/manifestation.com.ua\/et\/wp-json\/wp\/v2\/pages"}],"about":[{"href":"https:\/\/manifestation.com.ua\/et\/wp-json\/wp\/v2\/types\/page"}],"author":[{"embeddable":true,"href":"https:\/\/manifestation.com.ua\/et\/wp-json\/wp\/v2\/users\/1"}],"replies":[{"embeddable":true,"href":"https:\/\/manifestation.com.ua\/et\/wp-json\/wp\/v2\/comments?post=344"}],"version-history":[{"count":1,"href":"https:\/\/manifestation.com.ua\/et\/wp-json\/wp\/v2\/pages\/344\/revisions"}],"predecessor-version":[{"id":345,"href":"https:\/\/manifestation.com.ua\/et\/wp-json\/wp\/v2\/pages\/344\/revisions\/345"}],"wp:attachment":[{"href":"https:\/\/manifestation.com.ua\/et\/wp-json\/wp\/v2\/media?parent=344"}],"curies":[{"name":"wp","href":"https:\/\/api.w.org\/{rel}","templated":true}]}}