{"id":351,"date":"2026-03-30T11:12:56","date_gmt":"2026-03-30T11:12:56","guid":{"rendered":"https:\/\/manifestation.com.ua\/?page_id=351"},"modified":"2026-03-30T11:40:09","modified_gmt":"2026-03-30T11:40:09","slug":"neville-goddardi-raamatud","status":"publish","type":"page","link":"https:\/\/manifestation.com.ua\/et\/neville-goddardi-raamatud\/","title":{"rendered":"Neville Goddardi raamatud: lugege veebis ja laadige alla"},"content":{"rendered":"<p>Neville Goddard on legendaarne m\u00fcstik ja kontseptsiooni autor. <strong>\u00ab&quot;Taevaminemise seadus&quot;\u00bb<\/strong>. Tema teosed said aluseks t\u00e4nap\u00e4evastele \u00f5petustele m\u00f5tte j\u00f5ust ja reaalsuse avaldumisest. Kui otsite, kust lugeda Neville Goddardi teoseid ukraina keeles, aitab see t\u00e4ielik juhend teil leida k\u00f5ik olulisemad v\u00e4ljaanded.<\/p>\n\n\n\n<p>See artikkel koondab autori k\u00f5ik 14 raamatut koos l\u00fchikeste kokkuv\u00f5tete ja otselinkidega t\u00e4istekstidele.<\/p>\n\n\n\n<p>Neville Goddard on legendaarne m\u00fcstik ja kontseptsiooni autor. <strong>\u00ab&quot;Taevaminemise seadus&quot;\u00bb<\/strong>. Tema teosed said aluseks t\u00e4nap\u00e4evastele \u00f5petustele m\u00f5tte j\u00f5ust ja reaalsuse avaldumisest. Kui otsite, kust lugeda Neville Goddardi teoseid ukraina keeles, aitab see t\u00e4ielik juhend teil leida k\u00f5ik olulisemad v\u00e4ljaanded.<\/p>\n\n\n\n<h2 class=\"wp-block-heading\">Neville Goddardi raamatute t\u00e4ielik nimekiri (kronoloogia)<\/h2>\n\n\n\n<h3 class=\"wp-block-heading\">1. <a href=\"https:\/\/manifestation.com.ua\/et\/teie-kasul\/\">Teie k\u00e4sul (1939)<\/a><\/h3>\n\n\n\n<p>P\u00f5hiteos, mis avab \u00f5ppimise ts\u00fckli. Selles l\u00fchikeses, kuid uskumatult v\u00f5imsas teoses tutvustab Neville lugejale esmalt \u201cMINA OLEN\u201d kontseptsiooni kui k\u00f5ige eksisteeriva ainsat allikat. Autor selgitab, et inimese teadvus on ainus reaalsus ja asjaoludel pole inimese \u00fcle mingit v\u00f5imu, kui nad talle teadlikult seda v\u00f5imu ei anna. Raamat \u00f5petab sind andma universumile teadlikke \u201ck\u00e4ske\u201d mitte anuse, vaid sisemise kinnituse kaudu. See on ideaalne neile, kes alles alustavad manifestatsiooni uurimist, kuna see loob p\u00f5hialuse m\u00f5istmiseks, kuidas meie s\u00fcgavad uskumused kujundavad f\u00fc\u00fcsilist maailma.<\/p>\n\n\n\n<h3 class=\"wp-block-heading\">2. <a href=\"https:\/\/manifestation.com.ua\/et\/tvoya-vira-tvoya-udacha\/\">Sinu usk on sinu \u00f5nn (1941)<\/a><\/h3>\n\n\n\n<p>S\u00fcgav sukeldumine Piibli ps\u00fchholoogilisse t\u00f5lgendusse. Neville pakub revolutsioonilise vaate P\u00fchakirjale, dekodeerides seda ps\u00fchholoogilise draamana, mis hargneb lahti iga inimese teadvuses. Piiblitegelaste tajumise asemel ajalooliste tegelastena t\u00f5lgendab autor neid kui erinevaid meeleseisundeid ja vaimse \u00e4rkamise etappe. Raamat t\u00f5estab, et k\u00f5ik religioossed tekstid kirjeldavad inimese sisemist seisundit, ning aitab vabaneda dogmaatilisest m\u00f5tlemisest ja m\u00f5ista: t\u00f5eline ime on muutus inimese enda tajus ja vankumatu usk oma ideaali.<\/p>\n\n\n\n<h3 class=\"wp-block-heading\">3. <a href=\"https:\/\/manifestation.com.ua\/et\/nevill-goddard-vabadus-koigile-1942-taispikk-raamat\/\">Vabadus k\u00f5igile (1942)<\/a><\/h3>\n\n\n\n<p>Juhend oma sisemise vabaduse valdamiseks. See uurib ideed, et tegelik vangla ei ole v\u00e4lised asjaolud, vaid meie endi piiravad uskumused. Raamat paljastab saladused, kuidas vabaneda f\u00fc\u00fcsilise maailma piirangutest t\u00e4helepanu keskpunkti radikaalse muutmise kaudu. Peamine r\u00f5hk on v\u00f5imel ignoreerida f\u00fc\u00fcsiliste meelte t\u00f5endeid, suunates t\u00e4helepanu t\u00e4ielikult kujutlusv\u00f5imes loodud soovitud reaalsusele. Neville pakub praktilisi t\u00f6\u00f6riistu materiaalse maailma vastupanu \u00fcletamiseks ja oma saatuse t\u00f5elise loojana tundmiseks.<\/p>\n\n\n\n<h3 class=\"wp-block-heading\">4. <a href=\"https:\/\/manifestation.com.ua\/et\/nevill-goddard-vidchuttya-cze-tayemnyczya-1944-taisraamat\/\">Tunne on saladus (1944)<\/a><\/h3>\n\n\n\n<p><strong>Enimm\u00fc\u00fcdud.<\/strong> L\u00fchim ja t\u00f5husaim raamat alateadvusega t\u00f6\u00f6tamisest, mis on oma kristallselguse t\u00f5ttu uskumatult populaarne. Neville selgitab teadliku meele (mis genereerib ideid) ja alateadvuse (mis materialiseerib neid) vahelist interaktsiooni. Manifesteerimise peamine saladus ei ole liigne pingutus ega v\u00f5itlus, vaid v\u00f5ime lasta end l\u00e4bi imbuda juba t\u00e4itunud soovi emotsioonist. Autor kirjeldab \u00fcksikasjalikult, kuidas kasutada loomulikke seisundeid, eriti perioodi enne und, et \u00f5rnalt &quot;k\u00fclvata&quot; alateadvusse vajalikke tundeid, muutes need v\u00e4ltimatuks f\u00fc\u00fcsiliseks reaalsuseks.<\/p>\n\n\n\n<h3 class=\"wp-block-heading\">5. <a href=\"https:\/\/manifestation.com.ua\/et\/nevill-goddardi-palve-usu-tarkuse-kohta-1945-aasta-taisraamat\/\" data-type=\"page\" data-id=\"176\">Palve: uskumise kunst (1945)<\/a><\/h3>\n\n\n\n<p>Kuidas \u00f5igesti palvetada, et alati vastuseid saada? Selles teoses h\u00e4vitatakse t\u00e4ielikult klassikaline arusaam palvest kui p\u00f6\u00f6rdumisest v\u00e4lise jumaluse poole. Neville k\u00e4sitleb palvet teadusliku protsessina \u2013 kunstina siseneda t\u00e4itunud soovi seisundisse visualiseerimistehnikate abil. Ta selgitab m\u00f5tete \u00fclekande mehhanisme, vaimset telepaatiat ja seda, kuidas meie varjatud uskumused m\u00f5jutavad teiste inimeste k\u00e4itumist. Raamat uurib \u00fcksikasjalikult unelaadset seisundit (SATS), milles palvest saab t\u00f6\u00f6riist reaalsuse koheseks \u00fcmberprogrammeerimiseks.<\/p>\n\n\n\n<h3 class=\"wp-block-heading\">6. <a href=\"https:\/\/manifestation.com.ua\/et\/nevill-goddard-poshuk-1946-taispikk-raamat\/\" data-type=\"page\" data-id=\"193\">Otsing (1946)<\/a><\/h3>\n\n\n\n<p>Essee elu m\u00f5tte ja sisemise Jumala otsingutest. See on s\u00fcgavalt isiklik, v\u00e4ike raamat tohutu filosoofilise sisuga, mis peegeldab autori enda m\u00fcstilisi otsinguid. See meeldib neile, kes on v\u00e4sinud vastuste otsimisest v\u00e4lismaailmast, filosoofiatest v\u00f5i religioossetest institutsioonidest ning on valmis vaatama enda sisse. Neville kirjeldab jahmatava arusaamise protsessi, et Looja on tegelikult meie endi inimlik kujutlusv\u00f5ime. See on v\u00f5imas meeldetuletus, et k\u00f5ik vastused globaalsetele k\u00fcsimustele on juba meie m\u00f5tetes olemas.<\/p>\n\n\n\n<h3 class=\"wp-block-heading\">7. <a href=\"https:\/\/manifestation.com.ua\/et\/\">Viis \u00f5ppetundi (1948)<\/a><\/h3>\n\n\n\n<p>Neville&#039;i Los Angeleses otse\u00fclekandes l\u00e4bi viidud praktilise kursuse \u00e4rakiri. See on oma praktilise vormi t\u00f5ttu v\u00e4ga v\u00e4\u00e4rtuslik: see sisaldab spetsiifilisi harjutusi ja selgitusi \u201cTagasiv\u00f5tmise seaduse\u201d tehnika kohta. Iga tund sisaldab samm-sammult juhiseid ja l\u00f5pus on k\u00fcsimuste ja vastuste osa p\u00e4ris publikuga. Just selles raamatus uurib autor \u00fcksikasjalikult \u201cKordamise\u201d tehnikat \u2013 ainulaadset meetodit minevikus\u00fcndmuste muutmiseks kujutlusv\u00f5imes, et ravida ps\u00fchholoogilist traumat ja korrigeerida tulevasi tulemusi.<\/p>\n\n\n\n<h3 class=\"wp-block-heading\">8. <a href=\"https:\/\/manifestation.com.ua\/et\/neville-goddard-teispool-maailma-1949-taispikk-raamat\/\" data-type=\"page\" data-id=\"200\">V\u00e4ljaspool seda maailma (1949)<\/a><\/h3>\n\n\n\n<p>Neljanda dimensiooni ja ajar\u00e4nnaku uurimine l\u00e4bi meele. See teos oli oma ajast aastak\u00fcmneid ees, pakkudes v\u00e4lja kontseptsioone, mis k\u00f5netavad t\u00e4nap\u00e4eva kvantps\u00fchholoogiat ja -f\u00fc\u00fcsikat. Neville n\u00e4eb meie kolmem\u00f5\u00f5tmelist maailma vaid varjuna suuremast, mitmem\u00f5\u00f5tmelisest reaalsusest, kus minevik, olevik ja tulevik eksisteerivad samaaegselt. Selle raamatu abil \u00f5pid, kuidas oma kujutlusv\u00f5ime abil oma fookust ruumis ja ajas nihutada, et \u201casustada\u201d soovitud tulevikku enne selle f\u00fc\u00fcsilist saabumist.<\/p>\n\n\n\n<h3 class=\"wp-block-heading\">9. <a href=\"https:\/\/manifestation.com.ua\/et\/neville-goddardi-une-arkamine-taispikk-raamat-1954\/\" data-type=\"page\" data-id=\"244\">\u00c4rkanud kujutlusv\u00f5ime (1954)<\/a><\/h3>\n\n\n\n<p>Murranguline teos sellest, kuidas inimese kujutlusv\u00f5ime s\u00f5na otseses m\u00f5ttes reaalsust loob. Neville n\u00e4itab silmatorkavat erinevust \u201cmagava\u201d inimese, kes reageerib oludele passiivselt, ja \u201c\u00e4rganud\u201d inimese vahel, kes v\u00f5tab oma elu teadliku looja rolli. Raamat sisaldab palju n\u00e4iteid ja lugusid p\u00e4ris inimestest, kes on Neville&#039;i meetodite abil oma elu radikaalselt muutnud: alates raskete haiguste ravimisest kuni uskumatu sotsiaalse ja rahalise edu saavutamiseni ainult sisemise n\u00e4gemise aktiivse kasutamise abil.<\/p>\n\n\n\n<h3 class=\"wp-block-heading\">10. <a href=\"https:\/\/manifestation.com.ua\/et\/nevill-goddard-chas-nasinnya-i-vrozhaj-mistychnyj-poglyad-na-pysannya-1956-povna-knyga\/\" data-type=\"page\" data-id=\"282\">K\u00fclviaeg ja l\u00f5ikus (1956)<\/a><\/h3>\n\n\n\n<p>Meie m\u00f5tete ts\u00fcklilisest olemusest ja nende materialiseerumise mustritest. Selles teoses loob autor s\u00fcgava analoogia looduslike p\u00f5llumajandusts\u00fcklite ja soovide t\u00e4itumise protsessi vahel. Nii nagu igal seemnel on oma ainulaadne idanemisaeg, vajab iga m\u00f5te n\u00e4htavaks muutumiseks teatud \u201cajavahemikku\u201d. Raamat \u00f5petab kannatlikkust, usaldust tulemuse suhtes ja on suurep\u00e4rane juhend \u00e4revuse vastu v\u00f5itlemiseks. See selgitab, miks ei tohiks iga p\u00e4ev \u201cseemet \u00fcles kaevata\u201d, et kontrollida, kas see kasvab.<\/p>\n\n\n\n<h3 class=\"wp-block-heading\">11. <a href=\"https:\/\/manifestation.com.ua\/et\/nevil-goddard-ya-znayu-svogo-batka-1960-povna-knyga\/\">Ma tean oma isa (1960)<\/a><\/h3>\n\n\n\n<p>Raamat inimese s\u00fcgavast \u00fchtsusest k\u00f5ige olemasoleva Allikaga. See on v\u00e4ga intiimne m\u00fcstiline lugu, milles Neville jagab oma kogemust Looja (Isa) ja loodu (Poeg) m\u00f5istmisest, et nad on \u00fcks jagamatu tervik. Raamatu eesm\u00e4rk on h\u00e4vitada illusioon inimese eraldatusest ja \u00fcksindusest Universumis. See aitab lugejal tunda oma jumalikku olemust mitte abstraktse ideena, vaid reaalse seisundina, mis annab absoluutse rahu ja v\u00f5imu oma saatuse \u00fcle.<\/p>\n\n\n\n<h3 class=\"wp-block-heading\">12. <a href=\"https:\/\/manifestation.com.ua\/et\/nevil-goddard-ya-znayu-svogo-batka-1960-povna-knyga\/\" data-type=\"page\" data-id=\"285\">Seadus ja lubadus (1961)<\/a><\/h3>\n\n\n\n<p>Parim juhtumite kogumik, mis on tavap\u00e4raselt jagatud kaheks teineteist t\u00e4iendavaks osaks. Esimene osa on p\u00fchendatud &quot;Seadusele&quot; - kujutlusv\u00f5ime praktilisele rakendamisele eesm\u00e4rkide saavutamiseks. Siin on tohutu hulk Neville&#039;i \u00f5pilaste reaalseid, dokumenteeritud kirju koos nende v\u00f5itude detailsete kirjeldustega. Teine osa keskendub &quot;Lubadusele&quot; - iga inimese paratamatule vaimsele \u00e4rkamisele. Kui kahtlete manifestatsiooni kontseptsioonide toimimises - lugege kindlasti selle raamatu uskumatuid tunnistusi.<\/p>\n\n\n\n<h3 class=\"wp-block-heading\">13. <a href=\"https:\/\/manifestation.com.ua\/et\/nevil-goddard-wine-obolonku-purustamine-1964-haruldane-taispikk-raamat\/\" data-type=\"page\" data-id=\"344\">Ta murrab kesta (1964)<\/a><\/h3>\n\n\n\n<p>M\u00fcstiline kogemus vaimse mina \u00e4rkamisest. Siin kasutab autor v\u00f5imsat metafoori \u201ckestast\u201d (v\u00f5i \u00fcmbrikust), mis s\u00fcmboliseerib meie f\u00fc\u00fcsilist keha, surelikku ego ja piiratud kolmem\u00f5\u00f5tmelist taju. Raamat jutustab m\u00fcstilise \u201cs\u00fcnni \u00fclalt\u201d protsessist, mil teadvus murrab l\u00e4bi selle kesta ja ilmub suuremasse reaalsusesse. See raamat on m\u00f5eldud neile, kes otsivad s\u00fcgavamat valgustatust, ja t\u00e4histab kadunud Neville&#039;i \u00fcleminekut materiaalsetest ihadest puhtale vaimsele evolutsioonile.<\/p>\n\n\n\n<h3 class=\"wp-block-heading\">14. <a href=\"https:\/\/manifestation.com.ua\/et\/nevill-goddardi-ulestousmine-1966-aasta-taispikk-raamat\/\" data-type=\"page\" data-id=\"347\">\u00dclest\u00f5usmine (1966)<\/a><\/h3>\n\n\n\n<p>Autori viimane raamat, mis on ideaalne kokkuv\u00f5te kogu tema elust ja \u00f5petustest inimese igavese olemuse kohta. Neville m\u00f5tleb \u00fclest\u00f5usmise kontseptsiooni radikaalselt \u00fcmber, v\u00e4ites, et see ei ole s\u00fcndmus, mis toimub p\u00e4rast f\u00fc\u00fcsilist surma, vaid ps\u00fchholoogiline protsess, mis toimub siin ja praegu. \u00dclest\u00f5usmine on v\u00f5ime &quot;taaselustada&quot; soovitud teadvusseisundit, liikuda surnud minevikust elavasse, teadlikku loomingusse. Suure m\u00fcstiku viimane akord, mis on t\u00e4is k\u00f5ige olulisemaid ilmutusi.<\/p>\n\n\n\n<h2 class=\"wp-block-heading\">Korduma kippuvad k\u00fcsimused (KKK)<\/h2>\n\n\n\n<h3 class=\"wp-block-heading\">Millise Neville Goddardi raamatuga peaksin alustama?<\/h3>\n\n\n\n<p>K\u00f5ige parem on alustada raamatust. <strong>\u201c&quot;Tunded on m\u00fcsteerium&quot;\u201d<\/strong>. See on l\u00fchike, praktiline ja annab selge arusaama autori meetodist. Soovitame ka <strong>\u201c&quot;Viis \u00f5ppetundi&quot;\u201d<\/strong> baasi praktiliseks valdamiseks.<\/p>\n\n\n\n<h3 class=\"wp-block-heading\">Mis on &quot;Taevaminemise seadus&quot;?<\/h3>\n\n\n\n<p>See on Neville Goddardi kontseptsioon, mis \u00fctleb: kui eeldad, et sinu soov on juba t\u00e4itunud ja elad sellises olekus, on v\u00e4lismaailm sunnitud kohanema sinu sisemise uskumusega.<\/p>\n\n\n\n<h3 class=\"wp-block-heading\">Kas Neville Goddardi raamatud on saadaval helisalvestistena?<\/h3>\n\n\n\n<p>Amat\u00f6\u00f6ride h\u00e4\u00e4le\u00fclekandeid v\u00f5ib leida paljudest allikatest, kuid t\u00e4istekstide lugemine (saadaval \u00fclaltoodud linkidel) v\u00f5imaldab teil autori terminoloogiasse paremini s\u00fcveneda.<\/p>\n\n\n\n<p><em>M\u00e4rkus: K\u00f5ik materjalid on esitatud ainult informatiivsel eesm\u00e4rgil. Neville Goddardi originaalteoste lugemine on esimene samm oma teadvuse muutmise suunas.<\/em><\/p>","protected":false},"excerpt":{"rendered":"\u041d\u0435\u0432\u0456\u043b\u043b \u0413\u043e\u0434\u0434\u0430\u0440\u0434 \u2014 \u043b\u0435\u0433\u0435\u043d\u0434\u0430\u0440\u043d\u0438\u0439 \u043c\u0456\u0441\u0442\u0438\u043a \u0442\u0430 \u0430\u0432\u0442\u043e\u0440 \u043a\u043e\u043d\u0446\u0435\u043f\u0446\u0456\u0457 \u00ab\u0417\u0430\u043a\u043e\u043d\u0443 \u043f\u0440\u0438\u043f\u0443\u0449\u0435\u043d\u043d\u044f\u00bb. \u0419\u043e\u0433\u043e \u043f\u0440\u0430\u0446\u0456 \u0441\u0442\u0430\u043b\u0438 \u043e\u0441\u043d\u043e\u0432\u043e\u044e \u0434\u043b\u044f \u0441\u0443\u0447\u0430\u0441\u043d\u0438\u0445 \u0432\u0447\u0435\u043d\u044c \u043f\u0440\u043e&hellip;","protected":false},"author":1,"featured_media":0,"parent":0,"menu_order":0,"comment_status":"closed","ping_status":"closed","template":"","meta":{"csco_display_header_overlay":false,"csco_singular_sidebar":"","csco_page_header_type":"","footnotes":""},"class_list":{"0":"post-351","1":"page","2":"type-page","3":"status-publish","5":"cs-entry"},"_hostinger_reach_plugin_has_subscription_block":false,"_hostinger_reach_plugin_is_elementor":false,"_links":{"self":[{"href":"https:\/\/manifestation.com.ua\/et\/wp-json\/wp\/v2\/pages\/351","targetHints":{"allow":["GET"]}}],"collection":[{"href":"https:\/\/manifestation.com.ua\/et\/wp-json\/wp\/v2\/pages"}],"about":[{"href":"https:\/\/manifestation.com.ua\/et\/wp-json\/wp\/v2\/types\/page"}],"author":[{"embeddable":true,"href":"https:\/\/manifestation.com.ua\/et\/wp-json\/wp\/v2\/users\/1"}],"replies":[{"embeddable":true,"href":"https:\/\/manifestation.com.ua\/et\/wp-json\/wp\/v2\/comments?post=351"}],"version-history":[{"count":5,"href":"https:\/\/manifestation.com.ua\/et\/wp-json\/wp\/v2\/pages\/351\/revisions"}],"predecessor-version":[{"id":361,"href":"https:\/\/manifestation.com.ua\/et\/wp-json\/wp\/v2\/pages\/351\/revisions\/361"}],"wp:attachment":[{"href":"https:\/\/manifestation.com.ua\/et\/wp-json\/wp\/v2\/media?parent=351"}],"curies":[{"name":"wp","href":"https:\/\/api.w.org\/{rel}","templated":true}]}}