{"id":52,"date":"2026-03-23T13:50:24","date_gmt":"2026-03-23T11:50:24","guid":{"rendered":"https:\/\/manifestation.com.ua\/?page_id=52"},"modified":"2026-04-08T14:50:45","modified_gmt":"2026-04-08T14:50:45","slug":"umbes","status":"publish","type":"page","link":"https:\/\/manifestation.com.ua\/et\/umbes\/","title":{"rendered":"Saidi kohta"},"content":{"rendered":"<div class=\"wp-block-image\">\n<figure class=\"alignright size-full is-resized\"><img loading=\"lazy\" decoding=\"async\" width=\"640\" height=\"640\" src=\"https:\/\/manifestation.com.ua\/wp-content\/uploads\/2026\/04\/5197470157344202509.jpg\" alt=\"\" class=\"wp-image-384\" style=\"object-fit:contain;width:350px;height:350px\" srcset=\"https:\/\/manifestation.com.ua\/wp-content\/uploads\/2026\/04\/5197470157344202509.jpg 640w, https:\/\/manifestation.com.ua\/wp-content\/uploads\/2026\/04\/5197470157344202509-12x12.jpg 12w, https:\/\/manifestation.com.ua\/wp-content\/uploads\/2026\/04\/5197470157344202509-148x148.jpg 148w, https:\/\/manifestation.com.ua\/wp-content\/uploads\/2026\/04\/5197470157344202509-296x296.jpg 296w, https:\/\/manifestation.com.ua\/wp-content\/uploads\/2026\/04\/5197470157344202509-512x512.jpg 512w, https:\/\/manifestation.com.ua\/wp-content\/uploads\/2026\/04\/5197470157344202509-300x300.jpg 300w, https:\/\/manifestation.com.ua\/wp-content\/uploads\/2026\/04\/5197470157344202509-600x600.jpg 600w, https:\/\/manifestation.com.ua\/wp-content\/uploads\/2026\/04\/5197470157344202509-100x100.jpg 100w\" sizes=\"auto, (max-width: 640px) 100vw, 640px\" \/><\/figure>\n<\/div>\n\n\n<p>Tere. Minu nimi on Roman ja see sait on minu pikaajalise uurimist\u00f6\u00f6 tulemus, mis k\u00e4sitles ps\u00fchholoogia, metaf\u00fc\u00fcsika ja elu muutmise praktilise kogemuse kokkupuutepunkte.<br>L\u00f5in selle platvormina neile, kes on pealiskaudsetest n\u00f5uannetest &quot;positiivse m\u00f5tlemise&quot; kohta v\u00e4lja kasvanud ja otsivad p\u00f5him\u00f5ttelisi vastuseid k\u00fcsimusele: kuidas meie teadvus kujundab objektiivset reaalsust?<\/p>\n\n\n\n<p>Minu l\u00e4henemise aluseks on \u00f5petamine <strong>Neville Goddard<\/strong> \u2014 \u00fcks 20. sajandi silmapaistvamaid metaf\u00fc\u00fcsikuid. Tema kontseptsioon <strong>Eelduste seadus<\/strong> (Taevaminemise seadus) t\u00f5estab, et meid \u00fcmbritsev maailm on vaid meie sisemise seisundi &quot;v\u00e4ljal\u00fckatud&quot; koopia.<\/p>\n\n\n\n<p>Sellel saidil me ei r\u00e4\u00e4gi ainult unen\u00e4gudest. Me uurime nende mehaanikat. <strong>Soovide t\u00e4itumine<\/strong> l\u00e4bi:<\/p>\n\n\n\n<ul class=\"wp-block-list\">\n<li><strong>M\u00f5tte ja kujutlusv\u00f5ime j\u00f5ud:<\/strong> Vahenditena oma sisemise minapildi muutmiseks.<\/li>\n\n\n\n<li><strong>T\u00e4itunud soovi staatus:<\/strong> Praktilised v\u00f5tted teadvuse fikseerimiseks l\u00f5pptulemusele.<\/li>\n\n\n\n<li><strong>Metaf\u00fc\u00fcsiline anal\u00fc\u00fcs:<\/strong> S\u00fcmboolika ja iidsete tekstide s\u00fcgav t\u00f5lgendamine l\u00e4bi t\u00e4nap\u00e4evase ps\u00fchholoogia prisma.<\/li>\n<\/ul>\n\n\n\n<p>Usun, et iga\u00fchel meist on kaasas\u00fcndinud v\u00f5ime olla oma saatuse teadlik arhitekt. Minu eesm\u00e4rk on t\u00f5lkida keerulised metaf\u00fc\u00fcsilised p\u00f5him\u00f5tted praktilisteks sammudeks, mis aitavad teil oma reaalsust muuta: karj\u00e4\u00e4rist ja rahandusest kuni isiklike suhete ja sisemise rahuni.<\/p>\n\n\n\n<p>See pole lihtsalt blogi. See on ruum neile, kes on valmis v\u00f5tma t\u00e4ieliku vastutuse oma maailma eest ja hakkama elama j\u00f5upositsioonilt, mitte oludest l\u00e4htuvalt.<\/p>\n\n\n\n<h3 class=\"wp-block-heading\">Kellel see ressurss huvi pakub?<\/h3>\n\n\n\n<p>Minu l\u00e4henemine \u00fchendab erinevate valdkondade t\u00f5eotsijaid, sest muutuste juur on alati sama \u2013 meie teadvus. Kui ideed on teile l\u00e4hedased <strong>Reaalsuse transsurfing<\/strong>, tavad <strong>Meditatsioonid<\/strong> v\u00f5i s\u00fcgav metaf\u00fc\u00fcsiline <strong>Palve<\/strong>, leiate siit \u00fchiseid nimetajaid. Uurime, kuidas <strong>M\u00f5tte j\u00f5ud<\/strong> ja <strong>Visualiseerimine<\/strong> resoneeruvad moodsaga <strong>Kvantps\u00fchholoogia<\/strong> ja uuringud <strong>Tagasiulatuvad \u00f5nnetusjuhtumid<\/strong>. See sait on kasulik neile, kes \u00f5pivad <strong>Piibel<\/strong> metaf\u00fc\u00fcsilise teejuhina, huvitatud <strong>Hermetism<\/strong> ja <strong>Esoteeriline kristlus<\/strong>, v\u00f5i tavade <strong>Jooga<\/strong> sisemise tasakaalu saavutamiseks. Alates <strong>Kinnitused<\/strong> kuni <strong>Epigeneetika<\/strong>, alates <strong>Selge unen\u00e4gemine<\/strong> p\u00f5him\u00f5tete juurde <strong>Stoitsism<\/strong> \u2014 me vaatleme k\u00f5iki neid teemasid praktilise avaldumise prisma l\u00e4bi, muutes teadmised teie elus reaalseteks tulemusteks.<\/p>\n\n\n\n<h2 class=\"wp-block-heading\">Saidi toimetaja<\/h2>\n\n\n\n<div class=\"wp-block-columns is-layout-flex wp-container-core-columns-is-layout-9d6595d7 wp-block-columns-is-layout-flex\">\n<div class=\"wp-block-column is-layout-flow wp-block-column-is-layout-flow\" style=\"flex-basis:15%\">\n<figure class=\"wp-block-image size-full is-style-rounded\"><img loading=\"lazy\" decoding=\"async\" width=\"800\" height=\"800\" src=\"https:\/\/manifestation.com.ua\/wp-content\/uploads\/2026\/03\/image-1.png\" alt=\"\" class=\"wp-image-130\" style=\"aspect-ratio:1;object-fit:cover\" srcset=\"https:\/\/manifestation.com.ua\/wp-content\/uploads\/2026\/03\/image-1.png 800w, https:\/\/manifestation.com.ua\/wp-content\/uploads\/2026\/03\/image-1-300x300.png 300w, https:\/\/manifestation.com.ua\/wp-content\/uploads\/2026\/03\/image-1-100x100.png 100w, https:\/\/manifestation.com.ua\/wp-content\/uploads\/2026\/03\/image-1-600x600.png 600w, https:\/\/manifestation.com.ua\/wp-content\/uploads\/2026\/03\/image-1-150x150.png 150w, https:\/\/manifestation.com.ua\/wp-content\/uploads\/2026\/03\/image-1-768x768.png 768w\" sizes=\"auto, (max-width: 800px) 100vw, 800px\" \/><\/figure>\n<\/div>\n\n\n\n<div class=\"wp-block-column is-layout-flow wp-block-column-is-layout-flow\" style=\"flex-basis:66.66%\">\n<h3 class=\"wp-block-heading\">Roman S.<\/h3>\n\n\n\n<ul class=\"wp-block-social-links is-layout-flex wp-block-social-links-is-layout-flex\"><li class=\"wp-social-link wp-social-link-linkedin  wp-block-social-link\"><a href=\"https:\/\/www.linkedin.com\/in\/smyrnovee\/\" title=\"LinkedIn\" class=\"wp-block-social-link-anchor\" target=\"_blank\" rel=\"noopener\"><svg width=\"24\" height=\"24\" viewbox=\"0 0 24 24\" version=\"1.1\" xmlns=\"http:\/\/www.w3.org\/2000\/svg\" aria-hidden=\"true\" focusable=\"false\"><path d=\"M19.7,3H4.3C3.582,3,3,3.582,3,4.3v15.4C3,20.418,3.582,21,4.3,21h15.4c0.718,0,1.3-0.582,1.3-1.3V4.3 C21,3.582,20.418,3,19.7,3z M8.339,18.338H5.667v-8.59h2.672V18.338z M7.004,8.574c-0.857,0-1.549-0.694-1.549-1.548 c0-0.855,0.691-1.548,1.549-1.548c0.854,0,1.547,0.694,1.547,1.548C8.551,7.881,7.858,8.574,7.004,8.574z M18.339,18.338h-2.669 v-4.177c0-0.996-0.017-2.278-1.387-2.278c-1.389,0-1.601,1.086-1.601,2.206v4.249h-2.667v-8.59h2.559v1.174h0.037 c0.356-0.675,1.227-1.387,2.526-1.387c2.703,0,3.203,1.779,3.203,4.092V18.338z\"><\/path><\/svg><span class=\"wp-block-social-link-label screen-reader-text\">LinkedIn<\/span><\/a><\/li><\/ul>\n<\/div>\n<\/div>\n\n\n\n<p>Tagasiside saamiseks kirjutage palun allolevale kommentaaride vormile v\u00f5i aadressile <a href=\"https:\/\/www.linkedin.com\/in\/smyrnovee\/\" data-type=\"link\" data-id=\"https:\/\/www.linkedin.com\/in\/smyrnovee\/\" target=\"_blank\" rel=\"noopener\">Linedin<\/a>, <a href=\"https:\/\/t.me\/manifestationua?direct\" data-type=\"link\" data-id=\"https:\/\/t.me\/manifestationua?direct\">Telegram Direct<\/a>, <\/p>\n\n\n\n<p>Telli <a href=\"https:\/\/t.me\/manifestationua\" data-type=\"link\" data-id=\"https:\/\/t.me\/manifestationua\">Telegrami kanal<\/a><\/p>\n\n\n\n<p><a href=\"https:\/\/send.monobank.ua\/jar\/5hv2Sq1Ks4\" data-type=\"link\" data-id=\"https:\/\/send.monobank.ua\/jar\/5hv2Sq1Ks4\" target=\"_blank\" rel=\"noopener\">Toeta saiti<\/a><\/p>\n\n\n\n<p><\/p>\n\n\n<p><script src=\"https:\/\/cdn.pulse.is\/livechat\/loader.js\" data-live-chat-id=\"69d6386a993f9fa03c044097\" async><\/script><\/p>","protected":false},"excerpt":{"rendered":"\u0412\u0456\u0442\u0430\u044e. \u041c\u0435\u043d\u0435 \u0437\u0432\u0430\u0442\u0438 \u0420\u043e\u043c\u0430\u043d, \u0456 \u0446\u0435\u0439 \u0441\u0430\u0439\u0442 \u2014 \u0440\u0435\u0437\u0443\u043b\u044c\u0442\u0430\u0442 \u043c\u043e\u0433\u043e \u0431\u0430\u0433\u0430\u0442\u043e\u0440\u0456\u0447\u043d\u043e\u0433\u043e \u0434\u043e\u0441\u043b\u0456\u0434\u0436\u0435\u043d\u043d\u044f \u043f\u0435\u0440\u0435\u0442\u0438\u043d\u0443 \u043f\u0441\u0438\u0445\u043e\u043b\u043e\u0433\u0456\u0457, \u043c\u0435\u0442\u0430\u0444\u0456\u0437\u0438\u043a\u0438 \u0442\u0430 \u043f\u0440\u0430\u043a\u0442\u0438\u0447\u043d\u043e\u0433\u043e \u0434\u043e\u0441\u0432\u0456\u0434\u0443&hellip;","protected":false},"author":1,"featured_media":0,"parent":0,"menu_order":0,"comment_status":"closed","ping_status":"closed","template":"","meta":{"csco_display_header_overlay":false,"csco_singular_sidebar":"","csco_page_header_type":"title","footnotes":""},"class_list":{"0":"post-52","1":"page","2":"type-page","3":"status-publish","5":"cs-entry"},"_hostinger_reach_plugin_has_subscription_block":false,"_hostinger_reach_plugin_is_elementor":false,"_links":{"self":[{"href":"https:\/\/manifestation.com.ua\/et\/wp-json\/wp\/v2\/pages\/52","targetHints":{"allow":["GET"]}}],"collection":[{"href":"https:\/\/manifestation.com.ua\/et\/wp-json\/wp\/v2\/pages"}],"about":[{"href":"https:\/\/manifestation.com.ua\/et\/wp-json\/wp\/v2\/types\/page"}],"author":[{"embeddable":true,"href":"https:\/\/manifestation.com.ua\/et\/wp-json\/wp\/v2\/users\/1"}],"replies":[{"embeddable":true,"href":"https:\/\/manifestation.com.ua\/et\/wp-json\/wp\/v2\/comments?post=52"}],"version-history":[{"count":3,"href":"https:\/\/manifestation.com.ua\/et\/wp-json\/wp\/v2\/pages\/52\/revisions"}],"predecessor-version":[{"id":386,"href":"https:\/\/manifestation.com.ua\/et\/wp-json\/wp\/v2\/pages\/52\/revisions\/386"}],"wp:attachment":[{"href":"https:\/\/manifestation.com.ua\/et\/wp-json\/wp\/v2\/media?parent=52"}],"curies":[{"name":"wp","href":"https:\/\/api.w.org\/{rel}","templated":true}]}}