{"id":351,"date":"2026-03-30T11:12:56","date_gmt":"2026-03-30T11:12:56","guid":{"rendered":"https:\/\/manifestation.com.ua\/?page_id=351"},"modified":"2026-03-30T11:40:09","modified_gmt":"2026-03-30T11:40:09","slug":"livres-de-neville-goddard","status":"publish","type":"page","link":"https:\/\/manifestation.com.ua\/fr\/livres-de-neville-goddard\/","title":{"rendered":"Livres de Neville Goddard\u00a0: lire en ligne et t\u00e9l\u00e9charger"},"content":{"rendered":"<p>Neville Goddard est un mystique l\u00e9gendaire et l&#039;auteur du concept <strong>\u00ab Loi de l&#039;Assomption \u00bb<\/strong>. Ses \u0153uvres sont devenues le fondement des enseignements modernes sur le pouvoir de la pens\u00e9e et la manifestation de la r\u00e9alit\u00e9. Si vous cherchez o\u00f9 lire Neville Goddard en ukrainien, ce guide complet vous aidera \u00e0 trouver toutes ses publications essentielles.<\/p>\n\n\n\n<p>Cet article rassemble les 14 livres de l&#039;auteur, avec de brefs r\u00e9sum\u00e9s et des liens directs vers les textes int\u00e9graux.<\/p>\n\n\n\n<p>Neville Goddard est un mystique l\u00e9gendaire et l&#039;auteur du concept <strong>\u00ab Loi de l&#039;Assomption \u00bb<\/strong>. Ses \u0153uvres sont devenues le fondement des enseignements modernes sur le pouvoir de la pens\u00e9e et la manifestation de la r\u00e9alit\u00e9. Si vous cherchez o\u00f9 lire Neville Goddard en ukrainien, ce guide complet vous aidera \u00e0 trouver toutes ses publications essentielles.<\/p>\n\n\n\n<h2 class=\"wp-block-heading\">Liste compl\u00e8te des livres de Neville Goddard (chronologie)<\/h2>\n\n\n\n<h3 class=\"wp-block-heading\">1. <a href=\"https:\/\/manifestation.com.ua\/fr\/za-vashym-nakazom-at-your-command\/\">\u00c0 vos ordres (1939)<\/a><\/h3>\n\n\n\n<p>Un ouvrage fondamental qui ouvre la voie \u00e0 l&#039;apprentissage. Dans ce court mais incroyablement puissant livre, Neville pr\u00e9sente d&#039;abord au lecteur le concept du \u201c JE SUIS \u201d comme source unique de tout ce qui existe. L&#039;auteur explique que la conscience est la seule r\u00e9alit\u00e9 et que les circonstances n&#039;ont aucun pouvoir sur une personne, \u00e0 moins qu&#039;elle ne le lui conf\u00e8re consciemment. Ce livre enseigne \u00e0 adresser des \u201c ordres \u201d conscients \u00e0 l&#039;univers, non par la supplication, mais par l&#039;affirmation int\u00e9rieure. Il est id\u00e9al pour ceux qui d\u00e9butent dans l&#039;\u00e9tude de la manifestation, car il pose les bases de la compr\u00e9hension de la mani\u00e8re dont nos croyances profondes fa\u00e7onnent le monde physique.<\/p>\n\n\n\n<h3 class=\"wp-block-heading\">2. <a href=\"https:\/\/manifestation.com.ua\/fr\/votre-vie-votre-chance\/\">Votre foi est votre fortune (1941)<\/a><\/h3>\n\n\n\n<p>Une exploration approfondie de l&#039;interpr\u00e9tation psychologique de la Bible. Neville propose une vision r\u00e9volutionnaire des Saintes \u00c9critures, les d\u00e9cryptant comme un drame psychologique se d\u00e9roulant dans la conscience de chacun. Au lieu de percevoir les personnages bibliques comme des figures historiques, l&#039;auteur les interpr\u00e8te comme diff\u00e9rents \u00e9tats d&#039;esprit et \u00e9tapes d&#039;\u00e9veil spirituel. Ce livre d\u00e9montre que tous les textes religieux d\u00e9crivent l&#039;\u00e9tat int\u00e9rieur d&#039;une personne et aide \u00e0 se lib\u00e9rer des dogmes pour comprendre que le v\u00e9ritable miracle r\u00e9side dans la transformation de sa propre perception et dans une foi in\u00e9branlable en son id\u00e9al.<\/p>\n\n\n\n<h3 class=\"wp-block-heading\">3. <a href=\"https:\/\/manifestation.com.ua\/fr\/neville-goddard-la-liberte-pour-tous-1942-livre-complet\/\">Libert\u00e9 pour tous (1942)<\/a><\/h3>\n\n\n\n<p>Un guide pour ma\u00eetriser votre libert\u00e9 int\u00e9rieure. Il explore l&#039;id\u00e9e que la v\u00e9ritable prison n&#039;est pas constitu\u00e9e par les circonstances ext\u00e9rieures, mais par nos propres croyances limitantes. Ce livre r\u00e9v\u00e8le les secrets pour se lib\u00e9rer des limitations du monde physique gr\u00e2ce \u00e0 un changement radical de notre centre d&#039;attention. L&#039;accent est mis sur la capacit\u00e9 \u00e0 ignorer les perceptions sensorielles, en transf\u00e9rant pleinement son attention vers la r\u00e9alit\u00e9 d\u00e9sir\u00e9e, cr\u00e9\u00e9e par l&#039;imagination. Neville propose des outils pratiques pour surmonter la r\u00e9sistance du monde mat\u00e9riel et se sentir pleinement ma\u00eetre de son destin.<\/p>\n\n\n\n<h3 class=\"wp-block-heading\">4. <a href=\"https:\/\/manifestation.com.ua\/fr\/nevill-goddard-vidchuttya-cze-tayemnyczya-1944-livre-complet\/\">Le sentiment est le secret (1944)<\/a><\/h3>\n\n\n\n<p><strong>Best-seller.<\/strong> Ce livre, le plus court et le plus efficace sur le travail avec le subconscient, conserve une popularit\u00e9 incroyable gr\u00e2ce \u00e0 sa clart\u00e9 limpide. Neville y explique l&#039;interaction entre le conscient (qui g\u00e9n\u00e8re les id\u00e9es) et le subconscient (qui les mat\u00e9rialise). Le secret de la manifestation ne r\u00e9side pas dans l&#039;effort excessif, mais dans la capacit\u00e9 \u00e0 s&#039;impr\u00e9gner de l&#039;\u00e9motion d&#039;un d\u00e9sir d\u00e9j\u00e0 r\u00e9alis\u00e9. L&#039;auteur d\u00e9crit en d\u00e9tail comment utiliser les \u00e9tats naturels, notamment la p\u00e9riode pr\u00e9c\u00e9dant le sommeil, pour \u201c\u00a0ensemencer\u00a0\u201d en douceur le subconscient des sentiments n\u00e9cessaires, les transformant ainsi en une r\u00e9alit\u00e9 physique in\u00e9luctable.<\/p>\n\n\n\n<h3 class=\"wp-block-heading\">5. <a href=\"https:\/\/manifestation.com.ua\/fr\/la-priere-de-nevill-goddard-la-sagesse-de-la-foi-1945-livre-complet\/\" data-type=\"page\" data-id=\"176\">La pri\u00e8re : l&#039;art de croire (1945)<\/a><\/h3>\n\n\n\n<p>Comment prier correctement pour toujours obtenir des r\u00e9ponses\u00a0? Dans cet ouvrage, la conception classique de la pri\u00e8re comme une supplique \u00e0 une divinit\u00e9 ext\u00e9rieure est compl\u00e8tement remise en question. Neville envisage la pri\u00e8re comme un processus scientifique\u00a0: l\u2019art d\u2019atteindre un \u00e9tat de d\u00e9sir exauc\u00e9 gr\u00e2ce \u00e0 des techniques de visualisation. Il explique les m\u00e9canismes de la transmission de la pens\u00e9e, la t\u00e9l\u00e9pathie et comment nos croyances inconscientes influencent le comportement d\u2019autrui. Le livre examine en d\u00e9tail l\u2019\u00e9tat de conscience modifi\u00e9 (ECM), dans lequel la pri\u00e8re devient un outil de reprogrammation instantan\u00e9e de la r\u00e9alit\u00e9.<\/p>\n\n\n\n<h3 class=\"wp-block-heading\">6. <a href=\"https:\/\/manifestation.com.ua\/fr\/nevill-goddard-poshuk-1946-livre-complet\/\" data-type=\"page\" data-id=\"193\">La Recherche (1946)<\/a><\/h3>\n\n\n\n<p>Un essai sur la qu\u00eate du sens de la vie et de la divinit\u00e9 int\u00e9rieure. Ce petit livre, profond\u00e9ment personnel, rec\u00e8le une immense richesse philosophique, reflet des propres recherches mystiques de l&#039;auteur. Il s&#039;adresse \u00e0 ceux qui, lass\u00e9s de chercher des r\u00e9ponses dans le monde ext\u00e9rieur, les philosophies ou les institutions religieuses, sont pr\u00eats \u00e0 se tourner vers leur propre int\u00e9riorit\u00e9. Neville y d\u00e9crit le cheminement vers la stup\u00e9fiante prise de conscience que le Cr\u00e9ateur est en r\u00e9alit\u00e9 notre propre imagination. Un puissant rappel que toutes les r\u00e9ponses aux questions existentielles sont d\u00e9j\u00e0 inscrites en nous.<\/p>\n\n\n\n<h3 class=\"wp-block-heading\">7. <a href=\"https:\/\/manifestation.com.ua\/fr\/\">Cinq le\u00e7ons (1948)<\/a><\/h3>\n\n\n\n<p>Ce livre est la transcription d&#039;un cours pratique anim\u00e9 par Neville en direct \u00e0 Los Angeles. Son format pratique lui conf\u00e8re une grande valeur\u00a0: il propose des exercices pr\u00e9cis et des explications d\u00e9taill\u00e9es de la technique de la \u201c\u00a0Loi de l&#039;Assomption\u00a0\u201d. Chaque le\u00e7on comprend des instructions \u00e9tape par \u00e9tape et se termine par une s\u00e9ance de questions-r\u00e9ponses avec un public r\u00e9el. C&#039;est dans cet ouvrage que l&#039;auteur examine en d\u00e9tail la technique de la \u201c\u00a0R\u00e9vision\u00a0\u201d, une m\u00e9thode unique permettant de modifier mentalement des \u00e9v\u00e9nements pass\u00e9s afin de gu\u00e9rir des traumatismes psychologiques et d&#039;influencer positivement l&#039;avenir.<\/p>\n\n\n\n<h3 class=\"wp-block-heading\">8. <a href=\"https:\/\/manifestation.com.ua\/fr\/nevill-goddard-poza-czym-svitom-1949-povna-knyga\/\" data-type=\"page\" data-id=\"200\">Hors de ce monde (1949)<\/a><\/h3>\n\n\n\n<p>Une exploration de la quatri\u00e8me dimension et du voyage dans le temps par l&#039;esprit. Cet ouvrage, visionnaire, proposait des concepts qui trouvent un \u00e9cho dans la psychologie et la physique quantiques actuelles. Neville per\u00e7oit notre monde tridimensionnel comme le reflet d&#039;une r\u00e9alit\u00e9 multidimensionnelle plus vaste, o\u00f9 pass\u00e9, pr\u00e9sent et futur coexistent. Gr\u00e2ce \u00e0 ce livre, vous apprendrez \u00e0 d\u00e9placer votre regard dans l&#039;espace et le temps par le biais de votre imagination afin d&#039;\u201c habiter \u201d le futur que vous d\u00e9sirez avant m\u00eame qu&#039;il ne se r\u00e9alise.<\/p>\n\n\n\n<h3 class=\"wp-block-heading\">9. <a href=\"https:\/\/manifestation.com.ua\/fr\/nevill-goddard-probudzhena-uyava-povna-knyga-1954\/\" data-type=\"page\" data-id=\"244\">L&#039;imagination \u00e9veill\u00e9e (1954)<\/a><\/h3>\n\n\n\n<p>Un ouvrage fondamental sur la mani\u00e8re dont l&#039;imagination humaine cr\u00e9e litt\u00e9ralement la r\u00e9alit\u00e9. Neville met en lumi\u00e8re la diff\u00e9rence frappante entre une personne \u201c endormie \u201d, qui r\u00e9agit passivement aux circonstances, et une personne \u201c \u00e9veill\u00e9e \u201d, qui endosse le r\u00f4le de cr\u00e9ateur conscient de sa propre vie. Le livre regorge d&#039;exemples et de t\u00e9moignages de personnes r\u00e9elles qui ont radicalement transform\u00e9 leur existence gr\u00e2ce aux m\u00e9thodes de Neville\u00a0: de la gu\u00e9rison de maladies graves \u00e0 l&#039;obtention d&#039;un succ\u00e8s social et financier incroyable, uniquement par l&#039;utilisation active de leur vision int\u00e9rieure.<\/p>\n\n\n\n<h3 class=\"wp-block-heading\">10. <a href=\"https:\/\/manifestation.com.ua\/fr\/nevil-goddard-le-temps-des-semences-propose-une-vision-mystique-de-lecriture-1956-livre-complet\/\" data-type=\"page\" data-id=\"282\">Semences et r\u00e9colte (1956)<\/a><\/h3>\n\n\n\n<p>Ce livre explore la nature cyclique de nos pens\u00e9es et les sch\u00e9mas de leur mat\u00e9rialisation. L&#039;auteur y \u00e9tablit une analogie profonde entre les cycles agricoles naturels et le processus de r\u00e9alisation des d\u00e9sirs. De m\u00eame que chaque graine a son propre temps de germination, chaque pens\u00e9e a besoin d&#039;un certain \u201c\u00a0intervalle de temps\u00a0\u201d avant de se manifester. L&#039;ouvrage enseigne la patience, la confiance dans le r\u00e9sultat et constitue un excellent guide pour lutter contre l&#039;anxi\u00e9t\u00e9. Il explique pourquoi il ne faut pas \u201c\u00a0d\u00e9terrer la graine\u00a0\u201d chaque jour pour v\u00e9rifier si elle a germ\u00e9.<\/p>\n\n\n\n<h3 class=\"wp-block-heading\">11. <a href=\"https:\/\/manifestation.com.ua\/fr\/nevil-goddard-ya-znayu-svogo-batka-1960-livre-complet\/\">Je connais mon p\u00e8re (1960)<\/a><\/h3>\n\n\n\n<p>Un livre sur l&#039;unit\u00e9 profonde de l&#039;homme avec la Source de toute existence. Ce r\u00e9cit mystique et intime relate l&#039;exp\u00e9rience de Neville, qui a compris que le Cr\u00e9ateur (P\u00e8re) et la cr\u00e9ation (Fils) ne font qu&#039;un. L&#039;ouvrage vise \u00e0 dissiper l&#039;illusion de la s\u00e9paration et de la solitude de l&#039;\u00eatre humain dans l&#039;Univers. Il aide le lecteur \u00e0 ressentir sa nature divine non comme une id\u00e9e abstraite, mais comme une r\u00e9alit\u00e9 tangible, source de paix absolue et de ma\u00eetrise de son destin.<\/p>\n\n\n\n<h3 class=\"wp-block-heading\">12. <a href=\"https:\/\/manifestation.com.ua\/fr\/nevil-goddard-ya-znayu-svogo-batka-1960-livre-complet\/\" data-type=\"page\" data-id=\"285\">La Loi et la Promesse (1961)<\/a><\/h3>\n\n\n\n<p>Ce recueil exceptionnel de cas est traditionnellement divis\u00e9 en deux parties compl\u00e9mentaires. La premi\u00e8re est consacr\u00e9e \u00e0 \u201c\u00a0La Loi\u00a0\u201d\u00a0: l\u2019application pratique de l\u2019imagination pour atteindre ses objectifs. Elle pr\u00e9sente un grand nombre de lettres authentiques et document\u00e9es d\u2019\u00e9l\u00e8ves de Neville, d\u00e9crivant en d\u00e9tail leurs victoires. La seconde partie est ax\u00e9e sur \u201c\u00a0La Promesse\u00a0\u201d\u00a0: l\u2019\u00e9veil spirituel in\u00e9vitable de chacun. Si vous doutez de l\u2019efficacit\u00e9 des concepts de manifestation, lisez les t\u00e9moignages incroyables de ce livre.<\/p>\n\n\n\n<h3 class=\"wp-block-heading\">13. <a href=\"https:\/\/manifestation.com.ua\/fr\/nevil-goddard-wine-breaking-up-the-obolonku-1964-livre-complet-rare\/\" data-type=\"page\" data-id=\"344\">Il brise la coquille (1964)<\/a><\/h3>\n\n\n\n<p>Une exp\u00e9rience mystique d&#039;\u00e9veil spirituel. L&#039;auteur utilise ici la puissante m\u00e9taphore de la \u201c coquille \u201d (ou enveloppe), qui repr\u00e9sente notre corps physique, notre ego mortel et notre perception tridimensionnelle limit\u00e9e. Le livre relate le processus de cette \u201c naissance c\u00e9leste \u201d mystique, lorsque la conscience brise cette coquille et \u00e9merge dans une r\u00e9alit\u00e9 plus vaste. Cet ouvrage s&#039;adresse \u00e0 ceux qui recherchent un \u00e9veil plus profond et marque la transition de Neville, \u00e0 la fin de sa vie, des d\u00e9sirs mat\u00e9riels \u00e0 l&#039;\u00e9volution spirituelle pure.<\/p>\n\n\n\n<h3 class=\"wp-block-heading\">14. <a href=\"https:\/\/manifestation.com.ua\/fr\/nevill-goddard-voskresinnya-1966-povna-knyga\/\" data-type=\"page\" data-id=\"347\">R\u00e9surrection (1966)<\/a><\/h3>\n\n\n\n<p>Le dernier ouvrage de l&#039;auteur, qui constitue un r\u00e9sum\u00e9 id\u00e9al de sa vie et de son enseignement sur la nature \u00e9ternelle de l&#039;homme, repense radicalement le concept de r\u00e9surrection. Il soutient qu&#039;il ne s&#039;agit pas d&#039;un \u00e9v\u00e9nement survenant apr\u00e8s la mort physique, mais d&#039;un processus psychologique qui se d\u00e9roule ici et maintenant. La r\u00e9surrection est la capacit\u00e9 de \u201c\u00a0ranimer\u00a0\u201d l&#039;\u00e9tat de conscience d\u00e9sir\u00e9, de passer d&#039;un pass\u00e9 mort \u00e0 une cr\u00e9ation vivante et consciente. L&#039;ultime \u0153uvre du grand mystique, riche de r\u00e9v\u00e9lations essentielles.<\/p>\n\n\n\n<h2 class=\"wp-block-heading\">Foire aux questions (FAQ)<\/h2>\n\n\n\n<h3 class=\"wp-block-heading\">Par quel livre de Neville Goddard devrais-je commencer ?<\/h3>\n\n\n\n<p>Le mieux est de commencer par un livre. <strong>\u201c Les sentiments sont un myst\u00e8re \u201d<\/strong>. Il est court, pratique et permet de bien comprendre la m\u00e9thode de l&#039;auteur. Nous le recommandons \u00e9galement. <strong>\u201c Cinq le\u00e7ons \u201d<\/strong> pour une ma\u00eetrise pratique des bases.<\/p>\n\n\n\n<h3 class=\"wp-block-heading\">Qu\u2019est-ce que la \u201c loi de l\u2019assimilation \u201d ?<\/h3>\n\n\n\n<p>Il s&#039;agit d&#039;un concept de Neville Goddard, qui stipule que si vous partez du principe que votre d\u00e9sir est d\u00e9j\u00e0 combl\u00e9 et que vous vivez dans cet \u00e9tat, le monde ext\u00e9rieur sera forc\u00e9 de s&#039;adapter \u00e0 votre croyance int\u00e9rieure.<\/p>\n\n\n\n<h3 class=\"wp-block-heading\">Les livres de Neville Goddard sont-ils disponibles en format audio\u00a0?<\/h3>\n\n\n\n<p>Vous trouverez des voix off amateurs sur de nombreuses ressources, mais la lecture des textes int\u00e9graux (disponibles via les liens ci-dessus) vous permet de mieux comprendre la terminologie de l&#039;auteur.<\/p>\n\n\n\n<p><em>Remarque\u00a0: Ces documents sont fournis \u00e0 titre informatif uniquement. La lecture des \u0153uvres originales de Neville Goddard est la premi\u00e8re \u00e9tape vers la transformation de votre conscience.<\/em><\/p>","protected":false},"excerpt":{"rendered":"\u041d\u0435\u0432\u0456\u043b\u043b \u0413\u043e\u0434\u0434\u0430\u0440\u0434 \u2014 \u043b\u0435\u0433\u0435\u043d\u0434\u0430\u0440\u043d\u0438\u0439 \u043c\u0456\u0441\u0442\u0438\u043a \u0442\u0430 \u0430\u0432\u0442\u043e\u0440 \u043a\u043e\u043d\u0446\u0435\u043f\u0446\u0456\u0457 \u00ab\u0417\u0430\u043a\u043e\u043d\u0443 \u043f\u0440\u0438\u043f\u0443\u0449\u0435\u043d\u043d\u044f\u00bb. \u0419\u043e\u0433\u043e \u043f\u0440\u0430\u0446\u0456 \u0441\u0442\u0430\u043b\u0438 \u043e\u0441\u043d\u043e\u0432\u043e\u044e \u0434\u043b\u044f \u0441\u0443\u0447\u0430\u0441\u043d\u0438\u0445 \u0432\u0447\u0435\u043d\u044c \u043f\u0440\u043e&hellip;","protected":false},"author":1,"featured_media":0,"parent":0,"menu_order":0,"comment_status":"closed","ping_status":"closed","template":"","meta":{"csco_display_header_overlay":false,"csco_singular_sidebar":"","csco_page_header_type":"","footnotes":""},"class_list":{"0":"post-351","1":"page","2":"type-page","3":"status-publish","5":"cs-entry"},"_hostinger_reach_plugin_has_subscription_block":false,"_hostinger_reach_plugin_is_elementor":false,"_links":{"self":[{"href":"https:\/\/manifestation.com.ua\/fr\/wp-json\/wp\/v2\/pages\/351","targetHints":{"allow":["GET"]}}],"collection":[{"href":"https:\/\/manifestation.com.ua\/fr\/wp-json\/wp\/v2\/pages"}],"about":[{"href":"https:\/\/manifestation.com.ua\/fr\/wp-json\/wp\/v2\/types\/page"}],"author":[{"embeddable":true,"href":"https:\/\/manifestation.com.ua\/fr\/wp-json\/wp\/v2\/users\/1"}],"replies":[{"embeddable":true,"href":"https:\/\/manifestation.com.ua\/fr\/wp-json\/wp\/v2\/comments?post=351"}],"version-history":[{"count":5,"href":"https:\/\/manifestation.com.ua\/fr\/wp-json\/wp\/v2\/pages\/351\/revisions"}],"predecessor-version":[{"id":361,"href":"https:\/\/manifestation.com.ua\/fr\/wp-json\/wp\/v2\/pages\/351\/revisions\/361"}],"wp:attachment":[{"href":"https:\/\/manifestation.com.ua\/fr\/wp-json\/wp\/v2\/media?parent=351"}],"curies":[{"name":"wp","href":"https:\/\/api.w.org\/{rel}","templated":true}]}}