{"id":52,"date":"2026-03-23T13:50:24","date_gmt":"2026-03-23T11:50:24","guid":{"rendered":"https:\/\/manifestation.com.ua\/?page_id=52"},"modified":"2026-04-08T14:50:45","modified_gmt":"2026-04-08T14:50:45","slug":"a-propos","status":"publish","type":"page","link":"https:\/\/manifestation.com.ua\/fr\/a-propos\/","title":{"rendered":"\u00c0 propos du site"},"content":{"rendered":"<div class=\"wp-block-image\">\n<figure class=\"alignright size-full is-resized\"><img loading=\"lazy\" decoding=\"async\" width=\"640\" height=\"640\" src=\"https:\/\/manifestation.com.ua\/wp-content\/uploads\/2026\/04\/5197470157344202509.jpg\" alt=\"\" class=\"wp-image-384\" style=\"object-fit:contain;width:350px;height:350px\" srcset=\"https:\/\/manifestation.com.ua\/wp-content\/uploads\/2026\/04\/5197470157344202509.jpg 640w, https:\/\/manifestation.com.ua\/wp-content\/uploads\/2026\/04\/5197470157344202509-12x12.jpg 12w, https:\/\/manifestation.com.ua\/wp-content\/uploads\/2026\/04\/5197470157344202509-148x148.jpg 148w, https:\/\/manifestation.com.ua\/wp-content\/uploads\/2026\/04\/5197470157344202509-296x296.jpg 296w, https:\/\/manifestation.com.ua\/wp-content\/uploads\/2026\/04\/5197470157344202509-512x512.jpg 512w, https:\/\/manifestation.com.ua\/wp-content\/uploads\/2026\/04\/5197470157344202509-300x300.jpg 300w, https:\/\/manifestation.com.ua\/wp-content\/uploads\/2026\/04\/5197470157344202509-600x600.jpg 600w, https:\/\/manifestation.com.ua\/wp-content\/uploads\/2026\/04\/5197470157344202509-100x100.jpg 100w\" sizes=\"auto, (max-width: 640px) 100vw, 640px\" \/><\/figure>\n<\/div>\n\n\n<p>Bonjour. Je m&#039;appelle Roman, et ce site est le fruit de nombreuses ann\u00e9es de recherche \u00e0 l&#039;intersection de la psychologie, de la m\u00e9taphysique et de l&#039;exp\u00e9rience pratique en mati\u00e8re de transformation de vie.<br>Je l&#039;ai cr\u00e9\u00e9e comme une plateforme pour ceux qui ont d\u00e9pass\u00e9 les conseils superficiels sur la \u00ab pens\u00e9e positive \u00bb et qui recherchent des r\u00e9ponses fondamentales \u00e0 la question : comment notre conscience fa\u00e7onne-t-elle la r\u00e9alit\u00e9 objective ?<\/p>\n\n\n\n<p>Le fondement de mon approche est l&#039;enseignement <strong>Neville Goddard<\/strong> \u2014 l&#039;un des m\u00e9taphysiciens les plus importants du XXe si\u00e8cle. Son concept <strong>Loi des hypoth\u00e8ses<\/strong> (La loi de l&#039;assimilation) prouve que le monde qui nous entoure n&#039;est qu&#039;une copie \u00ab projet\u00e9e vers l&#039;ext\u00e9rieur \u00bb de notre \u00e9tat int\u00e9rieur.<\/p>\n\n\n\n<p>Sur ce site, nous ne nous contentons pas de parler de r\u00eaves. Nous en \u00e9tudions les m\u00e9canismes. <strong>Exaucement des souhaits<\/strong> \u00e0 travers:<\/p>\n\n\n\n<ul class=\"wp-block-list\">\n<li><strong>Le pouvoir de la pens\u00e9e et de l&#039;imagination :<\/strong> Comme outils pour transformer votre image int\u00e9rieure.<\/li>\n\n\n\n<li><strong>\u00c9tat d&#039;un souhait exauc\u00e9\u00a0:<\/strong> Techniques pratiques pour se concentrer sur le r\u00e9sultat final.<\/li>\n\n\n\n<li><strong>Analyse m\u00e9taphysique :<\/strong> Une interpr\u00e9tation approfondie du symbolisme et des textes anciens \u00e0 travers le prisme de la psychologie moderne.<\/li>\n<\/ul>\n\n\n\n<p>Je crois que chacun de nous poss\u00e8de la capacit\u00e9 inn\u00e9e d&#039;\u00eatre l&#039;architecte conscient de son propre destin. Mon objectif est de traduire des principes m\u00e9taphysiques complexes en \u00e9tapes concr\u00e8tes qui vous aideront \u00e0 transformer votre r\u00e9alit\u00e9\u00a0: carri\u00e8re, finances, relations personnelles et paix int\u00e9rieure.<\/p>\n\n\n\n<p>Ceci n&#039;est pas qu&#039;un simple blog. C&#039;est un espace pour celles et ceux qui sont pr\u00eats \u00e0 assumer pleinement la responsabilit\u00e9 de leur monde et \u00e0 vivre en s&#039;appuyant sur leurs forces, et non sur les circonstances.<\/p>\n\n\n\n<h3 class=\"wp-block-heading\">Qui sera int\u00e9ress\u00e9 par cette ressource ?<\/h3>\n\n\n\n<p>Mon approche unit les chercheurs de v\u00e9rit\u00e9 issus de diff\u00e9rents domaines, car la racine du changement est toujours la m\u00eame : notre conscience. Si vous \u00eates proche de ces id\u00e9es <strong>Transurfing de la r\u00e9alit\u00e9<\/strong>, pratiques <strong>M\u00e9ditations<\/strong> ou m\u00e9taphysique profonde <strong>Pri\u00e8re<\/strong>, Vous trouverez ici des points communs. Nous explorons comment <strong>Le pouvoir de la pens\u00e9e<\/strong> et <strong>Visualisation<\/strong> r\u00e9sonner avec la modernit\u00e9 <strong>Psychologie quantique<\/strong> et la recherche <strong>R\u00e9tro-accidents<\/strong>. Ce site sera utile \u00e0 ceux qui \u00e9tudient <strong>La Bible<\/strong> en tant que guide m\u00e9taphysique, int\u00e9ress\u00e9 par <strong>l&#039;herm\u00e9tisme<\/strong> et <strong>Christianisme \u00e9sot\u00e9rique<\/strong>, ou pratiques <strong>Yoga<\/strong> pour atteindre l&#039;\u00e9quilibre int\u00e9rieur. De <strong>Affirmations<\/strong> \u00e0 <strong>\u00c9pig\u00e9n\u00e9tique<\/strong>, depuis <strong>R\u00eave lucide<\/strong> aux principes <strong>Sto\u00efcisme<\/strong> \u2014 Nous abordons tous ces sujets sous l&#039;angle de la mise en pratique, transformant ainsi les connaissances en r\u00e9sultats concrets dans votre vie.<\/p>\n\n\n\n<h2 class=\"wp-block-heading\">\u00c9diteur du site<\/h2>\n\n\n\n<div class=\"wp-block-columns is-layout-flex wp-container-core-columns-is-layout-9d6595d7 wp-block-columns-is-layout-flex\">\n<div class=\"wp-block-column is-layout-flow wp-block-column-is-layout-flow\" style=\"flex-basis:15%\">\n<figure class=\"wp-block-image size-full is-style-rounded\"><img loading=\"lazy\" decoding=\"async\" width=\"800\" height=\"800\" src=\"https:\/\/manifestation.com.ua\/wp-content\/uploads\/2026\/03\/image-1.png\" alt=\"\" class=\"wp-image-130\" style=\"aspect-ratio:1;object-fit:cover\" srcset=\"https:\/\/manifestation.com.ua\/wp-content\/uploads\/2026\/03\/image-1.png 800w, https:\/\/manifestation.com.ua\/wp-content\/uploads\/2026\/03\/image-1-300x300.png 300w, https:\/\/manifestation.com.ua\/wp-content\/uploads\/2026\/03\/image-1-100x100.png 100w, https:\/\/manifestation.com.ua\/wp-content\/uploads\/2026\/03\/image-1-600x600.png 600w, https:\/\/manifestation.com.ua\/wp-content\/uploads\/2026\/03\/image-1-150x150.png 150w, https:\/\/manifestation.com.ua\/wp-content\/uploads\/2026\/03\/image-1-768x768.png 768w\" sizes=\"auto, (max-width: 800px) 100vw, 800px\" \/><\/figure>\n<\/div>\n\n\n\n<div class=\"wp-block-column is-layout-flow wp-block-column-is-layout-flow\" style=\"flex-basis:66.66%\">\n<h3 class=\"wp-block-heading\">Romain S.<\/h3>\n\n\n\n<ul class=\"wp-block-social-links is-layout-flex wp-block-social-links-is-layout-flex\"><li class=\"wp-social-link wp-social-link-linkedin  wp-block-social-link\"><a href=\"https:\/\/www.linkedin.com\/in\/smyrnovee\/\" title=\"LinkedIn\" class=\"wp-block-social-link-anchor\" target=\"_blank\" rel=\"noopener\"><svg width=\"24\" height=\"24\" viewbox=\"0 0 24 24\" version=\"1.1\" xmlns=\"http:\/\/www.w3.org\/2000\/svg\" aria-hidden=\"true\" focusable=\"false\"><path d=\"M19.7,3H4.3C3.582,3,3,3.582,3,4.3v15.4C3,20.418,3.582,21,4.3,21h15.4c0.718,0,1.3-0.582,1.3-1.3V4.3 C21,3.582,20.418,3,19.7,3z M8.339,18.338H5.667v-8.59h2.672V18.338z M7.004,8.574c-0.857,0-1.549-0.694-1.549-1.548 c0-0.855,0.691-1.548,1.549-1.548c0.854,0,1.547,0.694,1.547,1.548C8.551,7.881,7.858,8.574,7.004,8.574z M18.339,18.338h-2.669 v-4.177c0-0.996-0.017-2.278-1.387-2.278c-1.389,0-1.601,1.086-1.601,2.206v4.249h-2.667v-8.59h2.559v1.174h0.037 c0.356-0.675,1.227-1.387,2.526-1.387c2.703,0,3.203,1.779,3.203,4.092V18.338z\"><\/path><\/svg><span class=\"wp-block-social-link-label screen-reader-text\">LinkedIn<\/span><\/a><\/li><\/ul>\n<\/div>\n<\/div>\n\n\n\n<p>Pour nous faire part de vos commentaires, veuillez utiliser le formulaire de commentaires ci-dessous ou nous contacter. <a href=\"https:\/\/www.linkedin.com\/in\/smyrnovee\/\" data-type=\"link\" data-id=\"https:\/\/www.linkedin.com\/in\/smyrnovee\/\" target=\"_blank\" rel=\"noopener\">Lin\u00e9in<\/a>, <a href=\"https:\/\/t.me\/manifestationua?direct\" data-type=\"link\" data-id=\"https:\/\/t.me\/manifestationua?direct\">Telegram Direct<\/a>, <\/p>\n\n\n\n<p>Abonnez-vous \u00e0 <a href=\"https:\/\/t.me\/manifestationua\" data-type=\"link\" data-id=\"https:\/\/t.me\/manifestationua\">cha\u00eene Telegram<\/a><\/p>\n\n\n\n<p><a href=\"https:\/\/send.monobank.ua\/jar\/5hv2Sq1Ks4\" data-type=\"link\" data-id=\"https:\/\/send.monobank.ua\/jar\/5hv2Sq1Ks4\" target=\"_blank\" rel=\"noopener\">Soutenez le site<\/a><\/p>\n\n\n\n<p><\/p>\n\n\n<p><script src=\"https:\/\/cdn.pulse.is\/livechat\/loader.js\" data-live-chat-id=\"69d6386a993f9fa03c044097\" async><\/script><\/p>","protected":false},"excerpt":{"rendered":"\u0412\u0456\u0442\u0430\u044e. \u041c\u0435\u043d\u0435 \u0437\u0432\u0430\u0442\u0438 \u0420\u043e\u043c\u0430\u043d, \u0456 \u0446\u0435\u0439 \u0441\u0430\u0439\u0442 \u2014 \u0440\u0435\u0437\u0443\u043b\u044c\u0442\u0430\u0442 \u043c\u043e\u0433\u043e \u0431\u0430\u0433\u0430\u0442\u043e\u0440\u0456\u0447\u043d\u043e\u0433\u043e \u0434\u043e\u0441\u043b\u0456\u0434\u0436\u0435\u043d\u043d\u044f \u043f\u0435\u0440\u0435\u0442\u0438\u043d\u0443 \u043f\u0441\u0438\u0445\u043e\u043b\u043e\u0433\u0456\u0457, \u043c\u0435\u0442\u0430\u0444\u0456\u0437\u0438\u043a\u0438 \u0442\u0430 \u043f\u0440\u0430\u043a\u0442\u0438\u0447\u043d\u043e\u0433\u043e \u0434\u043e\u0441\u0432\u0456\u0434\u0443&hellip;","protected":false},"author":1,"featured_media":0,"parent":0,"menu_order":0,"comment_status":"closed","ping_status":"closed","template":"","meta":{"csco_display_header_overlay":false,"csco_singular_sidebar":"","csco_page_header_type":"title","footnotes":""},"class_list":{"0":"post-52","1":"page","2":"type-page","3":"status-publish","5":"cs-entry"},"_hostinger_reach_plugin_has_subscription_block":false,"_hostinger_reach_plugin_is_elementor":false,"_links":{"self":[{"href":"https:\/\/manifestation.com.ua\/fr\/wp-json\/wp\/v2\/pages\/52","targetHints":{"allow":["GET"]}}],"collection":[{"href":"https:\/\/manifestation.com.ua\/fr\/wp-json\/wp\/v2\/pages"}],"about":[{"href":"https:\/\/manifestation.com.ua\/fr\/wp-json\/wp\/v2\/types\/page"}],"author":[{"embeddable":true,"href":"https:\/\/manifestation.com.ua\/fr\/wp-json\/wp\/v2\/users\/1"}],"replies":[{"embeddable":true,"href":"https:\/\/manifestation.com.ua\/fr\/wp-json\/wp\/v2\/comments?post=52"}],"version-history":[{"count":3,"href":"https:\/\/manifestation.com.ua\/fr\/wp-json\/wp\/v2\/pages\/52\/revisions"}],"predecessor-version":[{"id":386,"href":"https:\/\/manifestation.com.ua\/fr\/wp-json\/wp\/v2\/pages\/52\/revisions\/386"}],"wp:attachment":[{"href":"https:\/\/manifestation.com.ua\/fr\/wp-json\/wp\/v2\/media?parent=52"}],"curies":[{"name":"wp","href":"https:\/\/api.w.org\/{rel}","templated":true}]}}