{"id":344,"date":"2026-03-30T09:56:02","date_gmt":"2026-03-30T09:56:02","guid":{"rendered":"https:\/\/manifestation.com.ua\/?page_id=344"},"modified":"2026-03-30T11:16:48","modified_gmt":"2026-03-30T11:16:48","slug":"nevil-goddard-wine-breaking-up-the-obolonku-1964-libro-completo-raro","status":"publish","type":"page","link":"https:\/\/manifestation.com.ua\/it\/nevil-goddard-wine-breaking-up-the-obolonku-1964-libro-completo-raro\/","title":{"rendered":"\u041d\u0435\u0432\u0456\u043b \u0413\u043e\u0434\u0434\u0430\u0440\u0434: \u00ab\u0412\u0456\u043d \u0440\u043e\u0437\u0431\u0438\u0432\u0430\u0454 \u043e\u0431\u043e\u043b\u043e\u043d\u043a\u0443\u00bb (1964) [\u0420\u0406\u0414\u041a\u0406\u0421\u041d\u0410 \u041f\u041e\u0412\u041d\u0410 \u041a\u041d\u0418\u0413\u0410]"},"content":{"rendered":"<div class=\"wp-block-rank-math-toc-block\" id=\"rank-math-toc\"><h2>Contenuto<\/h2><nav><ul><li class=\"\"><a href=\"#\u0431\u043e\u0433-\u0432\u0456\u0434\u043a\u0440\u0438\u0432\u0430\u0454-\u0441\u0432\u0456\u0439-\u043e\u0431\u0440\u0430\u0437-\u0443-\u0447\u043e\u0442\u0438\u0440\u044c\u043e\u0445-\u0430\u043a\u0442\u0430\u0445\">DIO RIVELA LA SUA IMMAGINE IN QUATTRO ATTI<\/a><\/li><li class=\"\"><a href=\"#\u0432\u0441\u0442\u0443\u043f\">INTRODUZIONE<\/a><ul><li class=\"\"><a href=\"#\u043f\u0435\u0440\u0448\u0438\u0439-\u0430\u043a\u0442-\u0432\u043e\u0441\u043a\u0440\u0435\u0441\u0456\u043d\u043d\u044f-\u0442\u0430-\u043d\u043e\u0432\u0435-\u043d\u0430\u0440\u043e\u0434\u0436\u0435\u043d\u043d\u044f\">ATTO PRIMO: RISURREZIONE E NUOVA NASCITA<\/a><\/li><li class=\"\"><a href=\"#\u0434\u0440\u0443\u0433\u0438\u0439-\u0430\u043a\u0442-\u0432\u0456\u0434\u043a\u0440\u0438\u0442\u0442\u044f-\u0431\u0430\u0442\u044c\u043a\u0456\u0432\u0441\u0442\u0432\u0430\">ATTO SECONDO: ALLA SCOPERTA DELLA GENITORIALIT\u00c0<\/a><\/li><li class=\"\"><a href=\"#\u0442\u0440\u0435\u0442\u0456\u0439-\u0430\u043a\u0442-\u0440\u043e\u0437\u0456\u0440\u0432\u0430\u043d\u043d\u044f-\u0437\u0430\u0432\u0456\u0441\u0438-\u0442\u0430-\u043f\u0456\u0434\u0439\u043e\u043c\">ATTO TERZO: CORSA DEL SIPARIO E ASCESA<\/a><\/li><li class=\"\"><a href=\"#\u0447\u0435\u0442\u0432\u0435\u0440\u0442\u0438\u0439-\u0430\u043a\u0442-\u0433\u043e\u043b\u0443\u0431-\u0442\u0430-\u0431\u043e\u0436\u0435\u0441\u0442\u0432\u0435\u043d\u043d\u0435-\u0441\u0445\u0432\u0430\u043b\u0435\u043d\u043d\u044f\">ATTO QUARTO: LA COLOMBA E L&#039;APPROVAZIONE DIVINA<\/a><\/li><li class=\"\"><a href=\"#\u043f\u0456\u0434\u0441\u0443\u043c\u043e\u043a-\u0442\u0430-\u0442\u0430\u0454\u043c\u043d\u0438\u0446\u044f\">RIASSUNTO E MISTERO<\/a><\/li><\/ul><\/li><\/ul><\/nav><\/div>\n\n\n\n<h2 class=\"wp-block-heading\" id=\"\u0431\u043e\u0433-\u0432\u0456\u0434\u043a\u0440\u0438\u0432\u0430\u0454-\u0441\u0432\u0456\u0439-\u043e\u0431\u0440\u0430\u0437-\u0443-\u0447\u043e\u0442\u0438\u0440\u044c\u043e\u0445-\u0430\u043a\u0442\u0430\u0445\">DIO RIVELA LA SUA IMMAGINE IN QUATTRO ATTI<\/h2>\n\n\n\n<blockquote class=\"wp-block-quote is-layout-flow wp-block-quote-is-layout-flow\">\n<p>\u201cInsegnami, o Spirito Santo, la testimonianza di Ges\u00f9! Fammi comprendere le meraviglie della Legge divina!\u00bb<\/p>\n\n\n\n<p><strong>Blake: Gerusalemme Tav. 74.<\/strong><\/p>\n<\/blockquote>\n\n\n\n<blockquote class=\"wp-block-quote is-layout-flow wp-block-quote-is-layout-flow\">\n<p>\u201cIo sono solo un vostro conservo e un conservo dei vostri fratelli che hanno la testimonianza di Ges\u00f9\u00bb.\u00bb<\/p>\n\n\n\n<p><strong>Apocalisse 19:10<\/strong><\/p>\n<\/blockquote>\n\n\n\n<blockquote class=\"wp-block-quote is-layout-flow wp-block-quote-is-layout-flow\">\n<p>\u201cPrendete su di voi il mio giogo e imparate da me\u201d.\u201d<\/p>\n\n\n\n<p><strong>Matteo 11:29<\/strong><\/p>\n<\/blockquote>\n\n\n\n<p>\u00ab&quot;Il giogo della legge&quot; \u00e8 un&#039;espressione rabbinica comune per indicare lo studio delle Scritture. &quot;Ges\u00f9 Cristo, il testimone fedele, il primogenito dai morti&quot; (Apocalisse 1:5) offre uno scambio di Scritture, basato sulla propria esperienza personale, con altri, basati unicamente su congetture.<\/p>\n\n\n\n<h2 class=\"wp-block-heading\" id=\"\u0432\u0441\u0442\u0443\u043f\">INTRODUZIONE<\/h2>\n\n\n\n<p>\u00c8 molto difficile per una persona cambiare la propria comprensione del significato di un evento quando le vecchie interpretazioni consolidate sono saldamente radicate nella sua mente. Ma i quattro atti di Dio che celano la Sua \u00abImmagine\u00bb, \u00abFacciamo l\u2019uomo a nostra immagine\u00bb (Gen 1,26), appaiono sotto una luce molto diversa se visti in prospettiva rispetto a come appaiono a posteriori.<\/p>\n\n\n\n<p>La risurrezione \u00e8 il primo atto di Dio nel rivelare la sua &quot;Immagine&quot;. Essa si compie in un modo che l&#039;uomo non avrebbe mai potuto immaginare: attraverso un risveglio nel suo cranio, non alla fine della sua storia, ma all&#039;interno del quadro della sua storia. La risurrezione \u00e8 un evento che si verifica nella vita terrena dell&#039;uomo. La nostra vita umana ha significato solo ed esclusivamente in relazione alla nostra risurrezione. L&#039;uomo che viene cos\u00ec risvegliato \u00e8 &quot;dichiarato Figlio di Dio per la potenza della risurrezione dai morti; questi \u00e8 Ges\u00f9 Cristo, nostro Signore&quot; (Romani 1:4). La partecipazione alla vita futura dipende dall&#039;atto di Dio di risvegliare i morti.<\/p>\n\n\n\n<p>Siamo risuscitati uno ad uno per essere uniti in un solo uomo che \u00e8 Dio: &quot;E il Signore sar\u00e0 re su tutta la terra; in quel giorno il Signore sar\u00e0 uno e il suo nome uno&quot; (Zaccaria 14:9). La risurrezione \u00e8 un&#039;esperienza individuale, un risveglio del proprio cranio, seguito immediatamente da una nascita soprannaturale dal cranio, una nascita privilegiata in una nuova creazione. Questo si compie solo per grazia di Dio; ed \u00e8 solo per un tale risveglio che il Nuovo Testamento usa il termine &quot;risurrezione&quot;. Tutti gli altri uomini, eccetto i risorti, tornano alla vita dopo la morte, per morire di nuovo.<\/p>\n\n\n\n<blockquote class=\"wp-block-quote is-layout-flow wp-block-quote-is-layout-flow\">\n<p>\u201cAlcuni sadducei, i quali affermano che non c&#039;\u00e8 risurrezione, si avvicinarono a lui e gli chiesero: \u00bbMaestro, Mos\u00e8 ci ha scritto che se uno muore con la moglie ma senza figli, deve prendere con s\u00e9 la moglie e dare dei figli al fratello\u2026 Ma Ges\u00f9 disse loro: \u201cI figli di questo mondo prendono moglie e si sposano; ma coloro che saranno ritenuti degni di raggiungere quel mondo e la risurrezione dai morti non prenderanno moglie n\u00e9 si sposeranno, perch\u00e9 non possono pi\u00f9 morire, poich\u00e9 sono uguali agli angeli e sono figli di Dio, essendo figli della risurrezione\u201d\u00bb (Luca 20:27-36).<\/p>\n<\/blockquote>\n\n\n\n<blockquote class=\"wp-block-quote is-layout-flow wp-block-quote-is-layout-flow\">\n<p>\u201cSi \u00e8 svegliato dal sonno della vita. Siamo noi, persi in visioni tempestose, a ingaggiare una lotta vana contro i fantasmi.\u201d<\/p>\n\n\n\n<p><strong>Shelley<\/strong><\/p>\n<\/blockquote>\n\n\n\n<p>Lo scopo di Dio non \u00e8 quello di sviluppare l&#039;ordine naturale, ma di risvegliare i figli ad esso associati. &quot;Infatti la creazione attende con impazienza la rivelazione dei figli di Dio&quot; (Romani 8:19).<\/p>\n\n\n\n<h3 class=\"wp-block-heading\" id=\"\u043f\u0435\u0440\u0448\u0438\u0439-\u0430\u043a\u0442-\u0432\u043e\u0441\u043a\u0440\u0435\u0441\u0456\u043d\u043d\u044f-\u0442\u0430-\u043d\u043e\u0432\u0435-\u043d\u0430\u0440\u043e\u0434\u0436\u0435\u043d\u043d\u044f\">ATTO PRIMO: RISURREZIONE E NUOVA NASCITA<\/h3>\n\n\n\n<p>\u201cNon pensate che io sia venuto ad abolire la Legge o i Profeti; non sono venuto ad abolirli, ma a portarli a compimento. Perch\u00e9 io vi dico: finch\u00e9 non siano passati il cielo e la terra, neppure un iota o un apice della Legge passer\u00e0, finch\u00e9 non sia compiuto tutto ci\u00f2 che deve venire\u00bb (Matteo 5:17-18).<\/p>\n\n\n\n<p>\u201cIl mio compito \u00e8 rendere testimonianza alla verit\u00e0. Per questo sono nato e per questo sono venuto al mondo: che chiunque non \u00e8 sordo alla verit\u00e0 oda la mia voce\u00bb. (Giovanni 18,37-38)<\/p>\n\n\n\n<p>\u00abEro morto, ed ecco, sono vivo per sempre\u00bb (Apocalisse 1:18)<\/p>\n\n\n\n<p>\u00abGes\u00f9 Cristo, il testimone fedele, il primogenito dai morti\u00bb (Apocalisse 1:5)<\/p>\n\n\n\n<p>La testimonianza di Ges\u00f9 deve essere ascoltata e accolta. Alcuni saranno convinti dalle sue parole, altri no. La testimonianza di Ges\u00f9 non pu\u00f2 essere imposta con la forza. \u00c8 la rivelazione dell&#039;immagine di Dio. \u00c8 il risveglio improvviso e del tutto inaspettato nel cranio, quando ci si ritrova nella tomba in cui si \u00e8 stati sepolti, un&#039;esperienza sorprendente e sconcertante.<\/p>\n\n\n\n<p>La risurrezione \u00e8 il primo atto di Dio nel rivelare il suo desiderio originario: \u00abFacciamo l&#039;uomo a nostra immagine\u00bb (Gen 1,26). \u00abColui che ha iniziato in voi un&#039;opera buona la porter\u00e0 a compimento fino al giorno di Ges\u00f9 Cristo\u00bb (Fil 1,6). Ges\u00f9 Cristo \u00e8 \u00abl&#039;immagine del Dio invisibile\u00bb (Col 1,15). L&#039;opera di Dio in voi si compie quando \u00absarete conformati all&#039;immagine di Cristo\u00bb (Gal 4,19). Allora sarete risvegliati e risuscitati dai morti.<\/p>\n\n\n\n<p>Il primo atto con cui Dio rivela \u00abil Figlio, che \u00e8 il riflesso della gloria di Dio e l\u2019impronta stessa della sua essenza\u00bb (Ebrei 1:3) \u00e8 un atto duplice. Risveglia chi dorme e lo fa uscire dal suo cranio: lo fa rinascere.<\/p>\n\n\n\n<blockquote class=\"wp-block-quote is-layout-flow wp-block-quote-is-layout-flow\">\n<p>\u201c&quot;Svegliati, dormiente,<\/p>\n\n\n\n<p>Risorgi dai morti,<\/p>\n\n\n\n<p>e Cristo risplender\u00e0 su di te.\u201d<\/p>\n\n\n\n<p><strong>Efesini 5:14<\/strong><\/p>\n<\/blockquote>\n\n\n\n<p>Egli \u00e8 \u00abrinato\u2026 mediante la risurrezione di Ges\u00f9 Cristo dai morti, per un\u2019eredit\u00e0 incorruttibile, immacolata e immarcescibile, riservata a lui nei cieli\u00bb (1 Pietro 1:3-4).<\/p>\n\n\n\n<p>\u00abLa \u00bbnuova nascita\u00ab segue la \u00bbrisurrezione\u201d.<\/p>\n\n\n\n<p>\u201cLa carne non pu\u00f2 generare altro che carne; \u00e8 lo Spirito che genera spirito. Non meravigliatevi dunque se vi ho detto: \u201dBisogna che nasciate di nuovo\u201d. Il vento soffia dove vuole e ne sentite la voce, ma non sapete da dove viene n\u00e9 dove va; cos\u00ec \u00e8 di chiunque \u00e8 nato dallo Spirito\u00bb. (Giovanni 3:6-8)<\/p>\n\n\n\n<p>Un uomo si sveglia nel suo cranio e si ritrova sepolto al suo interno. Intuitivamente sa che se preme la base del cranio, apparir\u00e0 un buco, e cos\u00ec accade. Preme la base, trova il buco ed emerge a testa in gi\u00f9, proprio come un bambino che nasce. Mentre contempla il cranio da cui \u00e8 appena uscito, improvvisamente si ode un suono, come un forte vento, che riempie l&#039;intera stanza; sente il suono, ma non sa &quot;da dove venga e dove vada&quot;. La sua attenzione viene momentaneamente distratta dal corpo da cui \u00e8 appena uscito dal suono del vento. Guardando di nuovo il corpo, \u00e8 sorpreso di vedere che \u00e8 stato estratto e che al suo posto sono seduti tre uomini: uno seduto dove si trovava la testa e due dove si trovavano i piedi.<\/p>\n\n\n\n<p>Anch&#039;essi odono il suono della vittoria dei potenti, ma non sanno \u00abda dove viene e dove va\u00bb. Non vedono l&#039;uomo nato dal suo cranio, ma trovano il segno della sua nascita: un bambino avvolto in fasce, disteso sul pavimento.<\/p>\n\n\n\n<p>\u201cOggi, nella citt\u00e0 di Davide, \u00e8 nato per voi un Salvatore, che \u00e8 il Cristo, il Signore. Questo sar\u00e0 per voi il segno: troverete un bambino avvolto in fasce e adagiato in una mangiatoia\u00bb (Luca 2:11-12).<\/p>\n\n\n\n<p>Essi trovano il segno della sua nascita, ma non un uomo nato due volte, perch\u00e9 ora egli \u00e8 \u00abdichiarato Figlio di Dio con potenza, mediante la risurrezione dai morti\u00bb (Rom. 1-4).<\/p>\n\n\n\n<h3 class=\"wp-block-heading\" id=\"\u0434\u0440\u0443\u0433\u0438\u0439-\u0430\u043a\u0442-\u0432\u0456\u0434\u043a\u0440\u0438\u0442\u0442\u044f-\u0431\u0430\u0442\u044c\u043a\u0456\u0432\u0441\u0442\u0432\u0430\">ATTO SECONDO: ALLA SCOPERTA DELLA GENITORIALIT\u00c0<\/h3>\n\n\n\n<p>\u00abIo e il Padre siamo una cosa sola\u00bb. (Giovanni 10:30).<\/p>\n\n\n\n<p>Il secondo, potente messaggio, svela il mistero della paternit\u00e0 e della fratellanza umana. L&#039;uomo trova il Davide della Bibbia e scopre che la natura e la missione di Davide sono spirituali, non fisiche o storiche. &quot;Ho trovato Davide... Egli mi chiamer\u00e0 dicendo: &#039;Tu sei mio Padre, mio Dio e roccia della mia salvezza&#039;&quot; (Salmo 89:20, 26). &quot;Tu sei mio Figlio, oggi ti ho generato&quot; (Salmo 2:7). &quot;Nessuno conosce chi \u00e8 il Figlio se non il Padre, n\u00e9 chi \u00e8 il Padre se non il Figlio e colui al quale il Figlio voglia rivelarlo&quot; (Luca 10:22).<\/p>\n\n\n\n<p>\u201cDisse loro: \u00abCome possono dire che il Messia \u00e8 figlio di Davide? Davide stesso lo chiama Signore; come pu\u00f2 dunque essere figlio di Davide?\u00bb\u00bb (Luca 20:41-44). Davide in spirito lo chiama \u00abPadre mio\u00bb. Quando il \u00abMessia\u00bb, \u00abimmagine del Dio invisibile\u00bb, si former\u00e0 nell\u2019uomo, quell\u2019uomo trover\u00e0 Davide, e Davide lo chiamer\u00e0 Padre. Alla fine tutti gli uomini diranno a Davide: \u00abTu sei mio figlio, oggi ti ho generato\u00bb (Salmo 2:7), e tutti conosceranno la paternit\u00e0 e la fratellanza umana.<\/p>\n\n\n\n<p>\u201cFilippo gli disse: \u2018Signore, mostraci il Padre e non lo chiederemo a nessun altro\u2019. Ges\u00f9 gli rispose: \u00abDa tanto tempo sono con voi, Filippo, e ancora non mi conosci? Chi ha visto me ha visto il Padre. Come puoi dire: &quot;Mostraci il Padre&quot;? Non credi che io sono nel Padre e il Padre \u00e8 in me?\u00bb (Giovanni 14,8-10).<\/p>\n\n\n\n<h3 class=\"wp-block-heading\" id=\"\u0442\u0440\u0435\u0442\u0456\u0439-\u0430\u043a\u0442-\u0440\u043e\u0437\u0456\u0440\u0432\u0430\u043d\u043d\u044f-\u0437\u0430\u0432\u0456\u0441\u0438-\u0442\u0430-\u043f\u0456\u0434\u0439\u043e\u043c\">ATTO TERZO: CORSA DEL SIPARIO E ASCESA<\/h3>\n\n\n\n<p>Il terzo atto, di grande impatto, rivela che l&#039;immagine di Dio ha una duplice natura.<\/p>\n\n\n\n<p>\u00abVoi siete il tempio di Dio e lo Spirito di Dio abita in voi\u00bb (1 Cor 3,16). \u00abE il velo del tempio si squarci\u00f2 in due, dall&#039;alto in basso\u00bb (Marco 15,38). \u00abPerci\u00f2, fratelli, il sangue di Ges\u00f9 ci d\u00e0 la libert\u00e0 di entrare nel santuario per una via nuova e vivente, che egli ha inaugurato per noi attraverso il velo, cio\u00e8 la via della sua carne\u00bb (Ebrei 10,19-20).<\/p>\n\n\n\n<p>Un fulmine squarcia un uomo in due, dalla sommit\u00e0 del cranio alla base della colonna vertebrale. Viene spaccato come un albero colpito da un fulmine. Alla base del suo corpo reciso vede il &quot;sangue di Ges\u00f9&quot;, una pozza d&#039;oro fuso; sa che \u00e8 lui stesso; poi, fondendosi con il &quot;sangue di Ges\u00f9&quot;, questo risale lungo la colonna vertebrale recisa con un movimento serpentino fino al cranio. Ci\u00f2 avviene per adempiere la Scrittura: &quot;Come Mos\u00e8 innalz\u00f2 il serpente nel deserto, cos\u00ec bisogna che sia innalzato il Figlio dell&#039;uomo&quot; (Giovanni 3:14).<\/p>\n\n\n\n<h3 class=\"wp-block-heading\" id=\"\u0447\u0435\u0442\u0432\u0435\u0440\u0442\u0438\u0439-\u0430\u043a\u0442-\u0433\u043e\u043b\u0443\u0431-\u0442\u0430-\u0431\u043e\u0436\u0435\u0441\u0442\u0432\u0435\u043d\u043d\u0435-\u0441\u0445\u0432\u0430\u043b\u0435\u043d\u043d\u044f\">ATTO QUARTO: LA COLOMBA E L&#039;APPROVAZIONE DIVINA<\/h3>\n\n\n\n<p>Il quarto e ultimo atto \u00e8 espressione della soddisfazione di Dio per la sua opera. \u201cDio vide tutto quello che aveva fatto, ed ecco, era molto buono\u201d (Gen 1,31).<\/p>\n\n\n\n<p>Il cranio dell&#039;uomo diventa improvvisamente trasparente. Sopra di lui, come fluttuante, una colomba si libra con amore rivolto verso di lui. &quot;Ed ecco, i cieli si aprirono ed egli vide lo Spirito di Dio scendere come una colomba e posarsi su di lui; ed ecco, una voce dal cielo diceva: \u201cQuesto \u00e8 il Figlio mio, l&#039;amato, nel quale mi sono compiaciuto\u201c&quot; (Matteo 3:16-17). La colomba scende su di lui e lo ricopre d&#039;amore, baciandogli il viso, la testa, il collo. Questi quattro potenti eventi, sebbene separati da circa tre anni e mezzo, fanno parte di un unico complesso.<\/p>\n\n\n\n<p>Il Cristo risorto, in queste quattro esperienze mistiche e soprannaturali dell&#039;uomo, rivela i nomi divini di Ges\u00f9: Padre, Figlio dell&#039;uomo, Figlio di Dio.<\/p>\n\n\n\n<h3 class=\"wp-block-heading\" id=\"\u043f\u0456\u0434\u0441\u0443\u043c\u043e\u043a-\u0442\u0430-\u0442\u0430\u0454\u043c\u043d\u0438\u0446\u044f\">RIASSUNTO E MISTERO<\/h3>\n\n\n\n<p>La risurrezione \u00e8 un&#039;esperienza personale unica; per definizione \u00e8 la risurrezione di Cristo. Sebbene la risurrezione in s\u00e9 non sia descritta in alcun punto delle Scritture, \u00e8 centrale per la fede cristiana. Segna la divisione tra quest&#039;epoca e un&#039;epoca in cui persino la legge della morte viene infranta: un&#039;epoca in cui l&#039;uomo non muore pi\u00f9, in cui tutti sono uguali agli angeli, figli non pi\u00f9 di questo mondo ma dell&#039;altro, di Dio e della risurrezione: questa \u00e8 una nuova creazione.<\/p>\n\n\n\n<p>Diventare qualcun altro significa annientare se stessi, morire realmente. \u00c8 in questo senso che Dio \u00e8 morto per l&#039;uomo. \u00abPur essendo in forma di Dio\u2026 spogli\u00f2 se stesso, assumendo la forma di servo e divenendo simile agli uomini\u00bb (Fil 2,6-7). Dio si \u00e8 fatto uomo affinch\u00e9 l&#039;uomo potesse diventare Dio.<\/p>\n\n\n\n<p>\u201cIo do la mia vita per riprenderla di nuovo. Nessuno me l&#039;ha tolta, ma la do da me stesso. Ho il diritto di darla e ho il diritto di riprenderla di nuovo\u00bb. (Giovanni 10:17-18).<\/p>\n\n\n\n<p>Dopo la Risurrezione, l&#039;uomo ritorna alle antiche Scritture, che offrono accenni e predizioni della verit\u00e0 cos\u00ec come l&#039;ha sperimentata. &quot;Nel rotolo di un libro \u00e8 scritto di me&quot; (Salmo 40:7). &quot;Non sai che Ges\u00f9 Cristo \u00e8 in te?&quot; (2 Corinzi 13:5). Cristo non poteva &quot;uscire&quot; da un uomo in cui non esisteva.<\/p>\n\n\n\n<p>\u00abHanno portato via il Signore dal sepolcro e non sappiamo dove lo abbiano messo\u2026 perch\u00e9 non avevano ancora compreso la Scrittura che diceva che egli doveva risorgere dai morti\u00bb (Giovanni 20:2, 9).<\/p>\n\n\n\n<p>Uno degli uomini presso la tomba trov\u00f2 un \u00abBambino\u00bb, segno di una nascita soprannaturale, \u00abma non lo videro\u00bb (Luca 24:24), un uomo nato soprannaturalmente. \u00c8 risorto! \u00c8 rinato. Egli disse: \u00abMa queste parole sembrarono agli altri come un vaneggiamento e non credettero loro\u00bb (Luca 24:11).<\/p>\n\n\n\n<p>Risurrezione significa \u00abportare l\u2019immagine del celeste\u00bb (1 Cor 15,49). Non c\u2019\u00e8 perdita di identit\u00e0, ma c\u2019\u00e8 una radicale discontinuit\u00e0 di forma. \u201cIl nostro corpo umile sar\u00e0 trasformato in modo da essere conforme (letteralmente, avere la stessa forma del) suo corpo glorioso\u201d (Fil 3,20-21).<\/p>\n\n\n\n<p>Il desiderio originario di Dio, \u00abFacciamo l&#039;uomo a nostra immagine\u00bb, si sta compiendo nell&#039;ora stabilita. E \u00abnon spetta a voi conoscere i tempi o i momenti che il Padre ha fissato con la sua autorit\u00e0\u00bb (Atti 1:7).<\/p>\n\n\n\n<blockquote class=\"wp-block-quote is-layout-flow wp-block-quote-is-layout-flow\">\n<p>\u00ab&quot;La visione ha il suo tempo stabilito.&quot;<\/p>\n\n\n\n<p>ora;<\/p>\n\n\n\n<p>quando matura, fiorir\u00e0;<\/p>\n\n\n\n<p>Se ci vuole molto tempo, aspetta,<\/p>\n\n\n\n<p>perch\u00e9 non \u00e8 assolutamente cos\u00ec<\/p>\n\n\n\n<p>&quot;Arriver\u00f2 in ritardo.&quot;\u00bb<\/p>\n\n\n\n<p><strong>(Abacuc 2:3)<\/strong><\/p>\n<\/blockquote>\n\n\n\n<p>La storia sacra di Israele, cos\u00ec come narrata nell&#039;Antico Testamento, \u00e8 una storia interamente profetica che Dio porta al suo culmine e al suo compimento in Ges\u00f9 Cristo in te.<\/p>\n\n\n\n<blockquote class=\"wp-block-quote is-layout-flow wp-block-quote-is-layout-flow\">\n<p>\u201cI signori degli eserciti giurarono:<\/p>\n\n\n\n<p>Come pensavo,<\/p>\n\n\n\n<p>cos\u00ec sar\u00e0<\/p>\n\n\n\n<p>, e come avevo pianificato,<\/p>\n\n\n\n<p>Sar\u00e0 cos\u00ec.<\/p>\n\n\n\n<p><strong>Isaia 14:24.<\/strong><\/p>\n<\/blockquote>\n\n\n\n<p>Le promesse di Dio, a lungo custodite come germogli sull&#039;albero della sua manifestazione, sbocceranno \u2013 in quattro potenti atti \u2013 in Cristo in te. Potresti non cogliere appieno la forza di questa verit\u00e0 perch\u00e9 non ti rendi conto dell&#039;improvvisa rottura con il passato. \u00c8 successo qualcosa di nuovo. Stai rinascendo.<\/p>\n\n\n\n<blockquote class=\"wp-block-quote is-layout-flow wp-block-quote-is-layout-flow\">\n<p>\u201cDavvero grande, lo ammettiamo, \u00e8 il mistero della nostra religione.\u201d<\/p>\n\n\n\n<p><strong>1 Timoteo 3:16<\/strong><\/p>\n<\/blockquote>\n\n\n\n<p>Tutto ci\u00f2 che \u00e8 scritto nelle Scritture riguardo a Ges\u00f9 Cristo si riferisce a un uomo. \u00abGiunti al luogo chiamato Cranio, l\u00e0 lo crocifissero\u00bb (Luca 23:33). \u00abUna tomba scavata nella roccia, dove nessuno era mai stato deposto\u00bb (Luca 23:53) \u00e8 un cranio umano. E \u00abse siamo stati uniti a lui in una morte simile alla sua, lo saremo anche in una risurrezione simile alla sua\u00bb (Romani 6:5).<\/p>\n\n\n\n<p>Ho condiviso la mia esperienza personale affinch\u00e9 possiate conoscere la verit\u00e0 sul mistero cristiano \u2013 il messaggio di salvezza, che ho vissuto in prima persona.<\/p>\n\n\n\n<p>L&#039;immagine divina si rivela in questa serie di eventi soprannaturali che suscitano stupore e ammirazione. L&#039;esperienza personale dovrebbe consolidare la verit\u00e0 delle Scritture.<\/p>\n\n\n\n<p>Dio \u00e8 sepolto nel cranio dell&#039;uomo. Il suo nome \u00e8 IO SONO. Si risveglier\u00e0 nel cranio dell&#039;uomo. Uscir\u00e0 dal cranio del Minnesota e rinascer\u00e0. Dio si \u00e8 fatto uomo affinch\u00e9 l&#039;uomo potesse diventare Dio.<\/p>\n\n\n\n<p>Ges\u00f9 Cristo \u00e8 la vera persona di ogni persona.<\/p>\n\n\n\n<blockquote class=\"wp-block-quote is-layout-flow wp-block-quote-is-layout-flow\">\n<p>\u201cOra va&#039;, scrivilo davanti a loro su una tavoletta e incidilo in un libro, affinch\u00e9 sia una testimonianza per sempre\u201d.\u201d<\/p>\n\n\n\n<p><strong>Isaia 30:8<\/strong><\/p>\n<\/blockquote>\n\n\n\n<p>Le citazioni bibliche presenti in &quot;He Breaks the Shell&quot; sono tratte dalla King James Version, dalla Revised Standard Version, dalla NEW English Bible e dalla Moffatts.<\/p>","protected":false},"excerpt":{"rendered":"\u0411\u041e\u0413 \u0412\u0406\u0414\u041a\u0420\u0418\u0412\u0410\u0404 \u0421\u0412\u0406\u0419 \u041e\u0411\u0420\u0410\u0417 \u0423 \u0427\u041e\u0422\u0418\u0420\u042c\u041e\u0425 \u0410\u041a\u0422\u0410\u0425 &#8220;\u041d\u0430\u0432\u0447\u0438 \u043c\u0435\u043d\u0435, \u043e \u0421\u0432\u044f\u0442\u0438\u0439 \u0414\u0443\u0445\u0443, \u0441\u0432\u0456\u0434\u0447\u0435\u043d\u043d\u044f \u0406\u0441\u0443\u0441\u0430! \u0434\u043e\u0437\u0432\u043e\u043b\u044c \u043c\u0435\u043d\u0456 \u0437\u0440\u043e\u0437\u0443\u043c\u0456\u0442\u0438 \u0434\u0438\u0432\u043e\u0432\u0438\u0436\u043d\u0456&hellip;","protected":false},"author":1,"featured_media":0,"parent":0,"menu_order":0,"comment_status":"closed","ping_status":"closed","template":"","meta":{"csco_display_header_overlay":false,"csco_singular_sidebar":"","csco_page_header_type":"","footnotes":""},"class_list":{"0":"post-344","1":"page","2":"type-page","3":"status-publish","5":"cs-entry"},"_hostinger_reach_plugin_has_subscription_block":false,"_hostinger_reach_plugin_is_elementor":false,"_links":{"self":[{"href":"https:\/\/manifestation.com.ua\/it\/wp-json\/wp\/v2\/pages\/344","targetHints":{"allow":["GET"]}}],"collection":[{"href":"https:\/\/manifestation.com.ua\/it\/wp-json\/wp\/v2\/pages"}],"about":[{"href":"https:\/\/manifestation.com.ua\/it\/wp-json\/wp\/v2\/types\/page"}],"author":[{"embeddable":true,"href":"https:\/\/manifestation.com.ua\/it\/wp-json\/wp\/v2\/users\/1"}],"replies":[{"embeddable":true,"href":"https:\/\/manifestation.com.ua\/it\/wp-json\/wp\/v2\/comments?post=344"}],"version-history":[{"count":1,"href":"https:\/\/manifestation.com.ua\/it\/wp-json\/wp\/v2\/pages\/344\/revisions"}],"predecessor-version":[{"id":345,"href":"https:\/\/manifestation.com.ua\/it\/wp-json\/wp\/v2\/pages\/344\/revisions\/345"}],"wp:attachment":[{"href":"https:\/\/manifestation.com.ua\/it\/wp-json\/wp\/v2\/media?parent=344"}],"curies":[{"name":"wp","href":"https:\/\/api.w.org\/{rel}","templated":true}]}}