{"id":351,"date":"2026-03-30T11:12:56","date_gmt":"2026-03-30T11:12:56","guid":{"rendered":"https:\/\/manifestation.com.ua\/?page_id=351"},"modified":"2026-03-30T11:40:09","modified_gmt":"2026-03-30T11:40:09","slug":"neville-goddard-boker","status":"publish","type":"page","link":"https:\/\/manifestation.com.ua\/nb\/neville-goddard-boker\/","title":{"rendered":"Neville Goddard-b\u00f8ker: Les p\u00e5 nett og last ned"},"content":{"rendered":"<p>Neville Goddard er en legendarisk mystiker og forfatteren av konseptet <strong>\u00ab&quot;Antagelsesloven&quot;\u00bb<\/strong>. Verkene hans ble grunnlaget for moderne l\u00e6re om tankens kraft og virkelighetens manifestasjon. Hvis du leter etter hvor du kan lese Neville Goddard p\u00e5 ukrainsk, vil denne komplette guiden hjelpe deg med \u00e5 finne alle de viktigste publikasjonene.<\/p>\n\n\n\n<p>Denne artikkelen samler alle 14 b\u00f8kene av forfatteren med korte sammendrag og direkte lenker til fullteksten.<\/p>\n\n\n\n<p>Neville Goddard er en legendarisk mystiker og forfatteren av konseptet <strong>\u00ab&quot;Antagelsesloven&quot;\u00bb<\/strong>. Verkene hans ble grunnlaget for moderne l\u00e6re om tankens kraft og virkelighetens manifestasjon. Hvis du leter etter hvor du kan lese Neville Goddard p\u00e5 ukrainsk, vil denne komplette guiden hjelpe deg med \u00e5 finne alle de viktigste publikasjonene.<\/p>\n\n\n\n<h2 class=\"wp-block-heading\">Komplett liste over Neville Goddards b\u00f8ker (kronologi)<\/h2>\n\n\n\n<h3 class=\"wp-block-heading\">1. <a href=\"https:\/\/manifestation.com.ua\/nb\/pa-din-kommando\/\">P\u00e5 din kommando (1939)<\/a><\/h3>\n\n\n\n<p>Et grunnleggende verk som \u00e5pner l\u00e6ringssyklusen. I dette korte, men utrolig kraftfulle verket introduserer Neville f\u00f8rst leseren for konseptet \u201cJEG ER\u201d som den eneste kilden til alt som eksisterer. Forfatteren forklarer at bevisstheten din er den eneste virkeligheten, og omstendighetene har ingen makt over en person med mindre de bevisst gir dem denne kraften. Boken l\u00e6rer deg \u00e5 gi bevisste \u201cordrer\u201d til universet, ikke gjennom b\u00f8nn, men gjennom indre bekreftelse. Den er ideell for de som nettopp har begynt \u00e5 studere manifestasjon, da den legger et grunnleggende grunnlag for \u00e5 forst\u00e5 hvordan v\u00e5re dype overbevisninger former den fysiske verden.<\/p>\n\n\n\n<h3 class=\"wp-block-heading\">2. <a href=\"https:\/\/manifestation.com.ua\/nb\/ditt-liv-din-lykke\/\">Din tro er din formue (1941)<\/a><\/h3>\n\n\n\n<p>Et dypdykk i den psykologiske tolkningen av Bibelen. Neville tilbyr et revolusjonerende syn p\u00e5 De hellige skrifter, og avkoder dem som et psykologisk drama som utspiller seg i hver enkelt persons bevissthet. I stedet for \u00e5 oppfatte bibelske karakterer som historiske skikkelser, tolker forfatteren dem som ulike sinnstilstander og stadier av \u00e5ndelig oppv\u00e5kning. Boken beviser at alle religi\u00f8se tekster beskriver en persons indre tilstand, og hjelper til med \u00e5 frigj\u00f8re seg fra dogmatisk tenkning for \u00e5 forst\u00e5: det virkelige mirakelet er en endring i ens egen oppfatning og urokkelig tro p\u00e5 ens ideal.<\/p>\n\n\n\n<h3 class=\"wp-block-heading\">3. <a href=\"https:\/\/manifestation.com.ua\/nb\/nevill-goddard-svoboda-dlya-vsih-1942-povna-knyga\/\">Frihet for alle (1942)<\/a><\/h3>\n\n\n\n<p>En guide til \u00e5 mestre din indre frihet. Den utforsker ideen om at det virkelige fengselet ikke er ytre omstendigheter, men v\u00e5re egne begrensende overbevisninger. Boken avsl\u00f8rer hemmelighetene bak hvordan vi kan frigj\u00f8re oss fra den fysiske verdens begrensninger gjennom en radikal endring i oppmerksomhetsfokuset. Hovedvekten ligger p\u00e5 evnen til \u00e5 ignorere bevisene fra de fysiske sansene, og fullstendig overf\u00f8re oppmerksomheten til den \u00f8nskede virkeligheten skapt i fantasien. Neville tilbyr praktiske verkt\u00f8y for \u00e5 overvinne motstanden fra den materielle verden og f\u00f8le deg som den sanne skaperen av din skjebne.<\/p>\n\n\n\n<h3 class=\"wp-block-heading\">4. <a href=\"https:\/\/manifestation.com.ua\/nb\/nevill-goddard-vidchuttya-cze-tayemnyczya-1944-full-bok\/\">F\u00f8lelsen er hemmeligheten (1944)<\/a><\/h3>\n\n\n\n<p><strong>Bestselger.<\/strong> Den korteste og mest effektive boken om \u00e5 jobbe med underbevisstheten, som fortsatt er utrolig popul\u00e6r p\u00e5 grunn av sin krystallklarhet. Neville forklarer samspillet mellom det bevisste sinnet (som genererer ideer) og det underbevisste sinnet (som materialiserer dem). Hovedhemmeligheten bak manifestasjon er ikke overdreven anstrengelse eller kamp, men evnen til \u00e5 bli gjennomsyret av f\u00f8lelsen av et allerede oppfylt \u00f8nske. Forfatteren beskriver i detalj hvordan man bruker naturlige tilstander, spesielt perioden f\u00f8r s\u00f8vn, for \u00e5 forsiktig &quot;s\u00e5&quot; det underbevisste sinnet med de n\u00f8dvendige f\u00f8lelsene, og gj\u00f8re dem om til en uunng\u00e5elig fysisk virkelighet.<\/p>\n\n\n\n<h3 class=\"wp-block-heading\">5. <a href=\"https:\/\/manifestation.com.ua\/nb\/nevill-goddard-bonn-troens-visdom-1945-full-bok\/\" data-type=\"page\" data-id=\"176\">B\u00f8nn: Kunsten \u00e5 tro (1945)<\/a><\/h3>\n\n\n\n<p>Hvordan be riktig for alltid \u00e5 motta svar? I dette verket blir den klassiske forst\u00e5elsen av b\u00f8nn som en b\u00f8nn til en ytre guddom fullstendig \u00f8delagt. Neville anser b\u00f8nn som en vitenskapelig prosess \u2013 kunsten \u00e5 g\u00e5 inn i en tilstand av oppfylt \u00f8nske ved hjelp av visualiseringsteknikker. Han forklarer mekanismene for tankeoverf\u00f8ring, mental telepati og hvordan v\u00e5re skjulte overbevisninger p\u00e5virker andre menneskers atferd. Boken unders\u00f8ker i detalj den s\u00f8vnlignende tilstanden (SATS), der b\u00f8nn blir et verkt\u00f8y for \u00f8yeblikkelig omprogrammering av virkeligheten.<\/p>\n\n\n\n<h3 class=\"wp-block-heading\">6. <a href=\"https:\/\/manifestation.com.ua\/nb\/nevill-goddard-poshuk-1946-povna-knyga\/\" data-type=\"page\" data-id=\"193\">S\u00f8ket (1946)<\/a><\/h3>\n\n\n\n<p>Et essay om s\u00f8ken etter meningen med livet og Gud i oss. Dette er en dypt personlig, liten bok med et enormt filosofisk innhold, som reflekterer forfatterens egne mystiske s\u00f8k. Den appellerer til de som er lei av \u00e5 lete etter svar i den ytre verden, filosofier eller religi\u00f8se institusjoner, og som er klare til \u00e5 se inn i seg selv. Neville beskriver prosessen med den forbl\u00f8ffende erkjennelsen av at Skaperen faktisk er v\u00e5r egen menneskelige fantasi. Dette er en kraftig p\u00e5minnelse om at alle svarene p\u00e5 globale sp\u00f8rsm\u00e5l allerede er innebygd i v\u00e5re sinn.<\/p>\n\n\n\n<h3 class=\"wp-block-heading\">7. <a href=\"https:\/\/manifestation.com.ua\/nb\/\">Fem leksjoner (1948)<\/a><\/h3>\n\n\n\n<p>En transkripsjon av et praktisk kurs som Neville holdt live i Los Angeles. Det er av stor verdi p\u00e5 grunn av det praktiske formatet: det inneholder spesifikke \u00f8velser og forklaringer av teknikken \u201cAntagelsesloven\u201d. Hver leksjon inneholder trinnvise instruksjoner, og p\u00e5 slutten er det en sp\u00f8rsm\u00e5l-og-svar-seksjon med et ekte publikum. Det er i denne boken at forfatteren unders\u00f8ker \u201cRevisjonsteknikken\u201d i detalj \u2013 en unik metode for \u00e5 endre tidligere hendelser i fantasien for \u00e5 helbrede psykologiske traumer og korrigere fremtidige utfall.<\/p>\n\n\n\n<h3 class=\"wp-block-heading\">8. <a href=\"https:\/\/manifestation.com.ua\/nb\/neville-goddard-beyond-the-world-1949-full-bok\/\" data-type=\"page\" data-id=\"200\">Utenfor denne verden (1949)<\/a><\/h3>\n\n\n\n<p>En utforskning av den fjerde dimensjonen og tidsreiser gjennom sinnet. Dette verket var flere ti\u00e5r forut for sin tid, og foreslo konsepter som resonnerer med kvantepsykologi og fysikk i dag. Neville ser v\u00e5r tredimensjonale verden som bare en skygge av en st\u00f8rre, flerdimensjonal virkelighet, der fortid, n\u00e5tid og fremtid eksisterer samtidig. Med denne boken l\u00e6rer du hvordan du kan flytte fokuset ditt i rom og tid gjennom fantasien din for \u00e5 \u201cbebo\u201d fremtiden du \u00f8nsker f\u00f8r den fysisk kommer.<\/p>\n\n\n\n<h3 class=\"wp-block-heading\">9. <a href=\"https:\/\/manifestation.com.ua\/nb\/neville-goddard-sovnens-oppvakning-hele-boken-1954\/\" data-type=\"page\" data-id=\"244\">Vekket fantasi (1954)<\/a><\/h3>\n\n\n\n<p>Et banebrytende verk om hvordan menneskelig fantasi bokstavelig talt skaper virkelighet. Neville viser den sl\u00e5ende forskjellen mellom en \u201csovende\u201d person som passivt reagerer p\u00e5 omstendigheter og en \u201coppv\u00e5knet\u201d person som tar p\u00e5 seg rollen som en bevisst skaper av sitt eget liv. Boken inneholder mange eksempler og historier om virkelige mennesker som har radikalt forandret livene sine ved hjelp av Nevilles metoder: fra \u00e5 helbrede alvorlige sykdommer til \u00e5 oppn\u00e5 utrolig sosial og \u00f8konomisk suksess kun gjennom aktiv bruk av indre visjon.<\/p>\n\n\n\n<h3 class=\"wp-block-heading\">10. <a href=\"https:\/\/manifestation.com.ua\/nb\/nevil-goddard-froets-tid-og-produser-et-mystisk-blikk-pa-skriving-full-bok-fra-1956\/\" data-type=\"page\" data-id=\"282\">S\u00e5tid og innh\u00f8sting (1956)<\/a><\/h3>\n\n\n\n<p>Om den sykliske naturen til tankene v\u00e5re og m\u00f8nstrene for deres materialisering. I dette verket trekker forfatteren en dyp analogi mellom naturlige jordbrukssykluser og prosessen med \u00e5 oppfylle \u00f8nsker. Akkurat som hvert fr\u00f8 har sin egen unike tid til \u00e5 spire, trenger hver tanke et visst \u201ctidsintervall\u201d f\u00f8r den blir synlig. Boken l\u00e6rer t\u00e5lmodighet, tillit til resultatet og er en utmerket guide til \u00e5 bekjempe angst. Den forklarer hvorfor du ikke b\u00f8r \u201cgrave opp fr\u00f8et\u201d hver dag for \u00e5 sjekke om det vokser.<\/p>\n\n\n\n<h3 class=\"wp-block-heading\">11. <a href=\"https:\/\/manifestation.com.ua\/nb\/nevil-goddard-ya-znayu-svogo-batka-1960-full-bok\/\">Jeg kjenner faren min (1960)<\/a><\/h3>\n\n\n\n<p>En bok om menneskets dype enhet med kilden til alt som eksisterer. Dette er en sv\u00e6rt intim mystisk historie der Neville deler sin erfaring med \u00e5 innse at Skaperen (Faderen) og skapelsen (S\u00f8nnen) er \u00e9n udelelig helhet. Boken tar sikte p\u00e5 \u00e5 \u00f8delegge illusjonen av menneskelig adskillelse og ensomhet i universet. Den hjelper leseren \u00e5 f\u00f8le sin guddommelige natur ikke som en abstrakt id\u00e9, men som en reell tilstand som gir absolutt fred og makt over sin egen skjebne.<\/p>\n\n\n\n<h3 class=\"wp-block-heading\">12. <a href=\"https:\/\/manifestation.com.ua\/nb\/nevil-goddard-ya-znayu-svogo-batka-1960-full-bok\/\" data-type=\"page\" data-id=\"285\">Loven og l\u00f8ftet (1961)<\/a><\/h3>\n\n\n\n<p>Den beste samlingen av caser, som vanligvis er delt inn i to komplement\u00e6re deler. Den f\u00f8rste delen er viet til \u201cLoven\u201d \u2013 den praktiske anvendelsen av fantasi for \u00e5 oppn\u00e5 m\u00e5l. Her er et stort antall ekte, dokumenterte brev fra Nevilles elever med detaljerte beskrivelser av seire. Den andre delen fokuserer p\u00e5 \u201cL\u00f8ftet\u201d \u2013 den uunng\u00e5elige \u00e5ndelige oppv\u00e5kningen til hver person. Hvis du tviler p\u00e5 at manifestasjonsbegrepene fungerer \u2013 s\u00f8rg for \u00e5 lese de utrolige vitnesbyrdene i denne boken.<\/p>\n\n\n\n<h3 class=\"wp-block-heading\">13. <a href=\"https:\/\/manifestation.com.ua\/nb\/nevil-goddard-vin-rozbyvaye-obolonku-1964-ridkisna-povna-knyga\/\" data-type=\"page\" data-id=\"344\">Han knuser skallet (1964)<\/a><\/h3>\n\n\n\n<p>En mystisk opplevelse av \u00e5 vekke det \u00e5ndelige selvet. Her bruker forfatteren den kraftige metaforen om \u201cskallet\u201d (eller konvolutten), som representerer v\u00e5r fysiske kropp, v\u00e5rt d\u00f8delige ego og v\u00e5r begrensede tredimensjonale persepsjon. Boken forteller historien om prosessen med mystisk \u201cf\u00f8dsel ovenfra\u201d, n\u00e5r bevisstheten bryter gjennom dette skallet og kommer frem i en st\u00f8rre virkelighet. Dette er en bok for de som s\u00f8ker dypere opplysning, og markerer den avd\u00f8de Nevilles overgang fra materielle begj\u00e6r til ren \u00e5ndelig evolusjon.<\/p>\n\n\n\n<h3 class=\"wp-block-heading\">14. <a href=\"https:\/\/manifestation.com.ua\/nb\/nevill-goddard-voskresinnya-1966-povna-knyga\/\" data-type=\"page\" data-id=\"347\">Oppstandelsen (1966)<\/a><\/h3>\n\n\n\n<p>Forfatterens siste bok, som fungerer som et ideelt sammendrag av hele hans liv og l\u00e6re om menneskets evige natur. Neville revurderer radikalt konseptet oppstandelse, og argumenterer for at det ikke er en hendelse som vil inntreffe etter den fysiske d\u00f8den, men en psykologisk prosess som finner sted her og n\u00e5. Oppstandelse er evnen til \u00e5 &quot;gjenopplive&quot; den \u00f8nskede bevissthetstilstanden, \u00e5 bevege seg fra den d\u00f8de fortiden til en levende, bevisst skapelse. Den store mystikerens siste akkord, fylt med de viktigste \u00e5penbaringene.<\/p>\n\n\n\n<h2 class=\"wp-block-heading\">Ofte stilte sp\u00f8rsm\u00e5l (FAQ)<\/h2>\n\n\n\n<h3 class=\"wp-block-heading\">Hvilken bok av Neville Goddard b\u00f8r jeg begynne med?<\/h3>\n\n\n\n<p>Det er best \u00e5 starte med en bok. <strong>\u201cF\u00f8lelser er et mysterium\u201d<\/strong>. Den er kort, praktisk og gir en klar forst\u00e5else av forfatterens metode. Vi anbefaler ogs\u00e5 <strong>\u201cFem leksjoner\u201d<\/strong> for praktisk mestring av basen.<\/p>\n\n\n\n<h3 class=\"wp-block-heading\">Hva er \u201cAntagelsesloven\u201d?<\/h3>\n\n\n\n<p>Dette er et konsept av Neville Goddard, som sier: hvis du antar at \u00f8nsket ditt allerede er oppfylt og lever i denne tilstanden, vil den ytre verden bli tvunget til \u00e5 tilpasse seg din indre tro.<\/p>\n\n\n\n<h3 class=\"wp-block-heading\">Er Neville Goddards b\u00f8ker tilgjengelige i lydformat?<\/h3>\n\n\n\n<p>Du kan finne amat\u00f8rkommentarer p\u00e5 mange ressurser, men \u00e5 lese hele teksten (tilgjengelig p\u00e5 lenkene ovenfor) lar deg bedre fordype deg i forfatterens terminologi.<\/p>\n\n\n\n<p><em>Merk: Alt materiale er kun ment for informasjonsform\u00e5l. \u00c5 lese Neville Goddards originale verk er det f\u00f8rste skrittet mot \u00e5 transformere bevisstheten din.<\/em><\/p>","protected":false},"excerpt":{"rendered":"\u041d\u0435\u0432\u0456\u043b\u043b \u0413\u043e\u0434\u0434\u0430\u0440\u0434 \u2014 \u043b\u0435\u0433\u0435\u043d\u0434\u0430\u0440\u043d\u0438\u0439 \u043c\u0456\u0441\u0442\u0438\u043a \u0442\u0430 \u0430\u0432\u0442\u043e\u0440 \u043a\u043e\u043d\u0446\u0435\u043f\u0446\u0456\u0457 \u00ab\u0417\u0430\u043a\u043e\u043d\u0443 \u043f\u0440\u0438\u043f\u0443\u0449\u0435\u043d\u043d\u044f\u00bb. \u0419\u043e\u0433\u043e \u043f\u0440\u0430\u0446\u0456 \u0441\u0442\u0430\u043b\u0438 \u043e\u0441\u043d\u043e\u0432\u043e\u044e \u0434\u043b\u044f \u0441\u0443\u0447\u0430\u0441\u043d\u0438\u0445 \u0432\u0447\u0435\u043d\u044c \u043f\u0440\u043e&hellip;","protected":false},"author":1,"featured_media":0,"parent":0,"menu_order":0,"comment_status":"closed","ping_status":"closed","template":"","meta":{"csco_display_header_overlay":false,"csco_singular_sidebar":"","csco_page_header_type":"","footnotes":""},"class_list":{"0":"post-351","1":"page","2":"type-page","3":"status-publish","5":"cs-entry"},"_hostinger_reach_plugin_has_subscription_block":false,"_hostinger_reach_plugin_is_elementor":false,"_links":{"self":[{"href":"https:\/\/manifestation.com.ua\/nb\/wp-json\/wp\/v2\/pages\/351","targetHints":{"allow":["GET"]}}],"collection":[{"href":"https:\/\/manifestation.com.ua\/nb\/wp-json\/wp\/v2\/pages"}],"about":[{"href":"https:\/\/manifestation.com.ua\/nb\/wp-json\/wp\/v2\/types\/page"}],"author":[{"embeddable":true,"href":"https:\/\/manifestation.com.ua\/nb\/wp-json\/wp\/v2\/users\/1"}],"replies":[{"embeddable":true,"href":"https:\/\/manifestation.com.ua\/nb\/wp-json\/wp\/v2\/comments?post=351"}],"version-history":[{"count":5,"href":"https:\/\/manifestation.com.ua\/nb\/wp-json\/wp\/v2\/pages\/351\/revisions"}],"predecessor-version":[{"id":361,"href":"https:\/\/manifestation.com.ua\/nb\/wp-json\/wp\/v2\/pages\/351\/revisions\/361"}],"wp:attachment":[{"href":"https:\/\/manifestation.com.ua\/nb\/wp-json\/wp\/v2\/media?parent=351"}],"curies":[{"name":"wp","href":"https:\/\/api.w.org\/{rel}","templated":true}]}}