{"id":351,"date":"2026-03-30T11:12:56","date_gmt":"2026-03-30T11:12:56","guid":{"rendered":"https:\/\/manifestation.com.ua\/?page_id=351"},"modified":"2026-03-30T11:40:09","modified_gmt":"2026-03-30T11:40:09","slug":"neville-goddard-books","status":"publish","type":"page","link":"https:\/\/manifestation.com.ua\/pl\/neville-goddard-books\/","title":{"rendered":"Ksi\u0105\u017cki Neville&#039;a Goddarda: Czytaj online i pobieraj"},"content":{"rendered":"<p>\u041d\u0435\u0432\u0456\u043b\u043b \u0413\u043e\u0434\u0434\u0430\u0440\u0434 \u2014 \u043b\u0435\u0433\u0435\u043d\u0434\u0430\u0440\u043d\u0438\u0439 \u043c\u0456\u0441\u0442\u0438\u043a \u0442\u0430 \u0430\u0432\u0442\u043e\u0440 \u043a\u043e\u043d\u0446\u0435\u043f\u0446\u0456\u0457 <strong>\u00ab\u0417\u0430\u043a\u043e\u043d\u0443 \u043f\u0440\u0438\u043f\u0443\u0449\u0435\u043d\u043d\u044f\u00bb<\/strong>. \u0419\u043e\u0433\u043e \u043f\u0440\u0430\u0446\u0456 \u0441\u0442\u0430\u043b\u0438 \u043e\u0441\u043d\u043e\u0432\u043e\u044e \u0434\u043b\u044f \u0441\u0443\u0447\u0430\u0441\u043d\u0438\u0445 \u0432\u0447\u0435\u043d\u044c \u043f\u0440\u043e \u0441\u0438\u043b\u0443 \u0434\u0443\u043c\u043a\u0438 \u0442\u0430 \u043c\u0430\u043d\u0456\u0444\u0435\u0441\u0442\u0430\u0446\u0456\u044e \u0440\u0435\u0430\u043b\u044c\u043d\u043e\u0441\u0442\u0456. \u042f\u043a\u0449\u043e \u0432\u0438 \u0448\u0443\u043a\u0430\u0454\u0442\u0435, \u0434\u0435 \u0447\u0438\u0442\u0430\u0442\u0438 \u041d\u0435\u0432\u0456\u043b\u043b\u0430 \u0413\u043e\u0434\u0434\u0430\u0440\u0434\u0430 \u0443\u043a\u0440\u0430\u0457\u043d\u0441\u044c\u043a\u043e\u044e \u043c\u043e\u0432\u043e\u044e, \u0446\u0435\u0439 \u043f\u043e\u0432\u043d\u0438\u0439 \u043f\u0443\u0442\u0456\u0432\u043d\u0438\u043a \u0434\u043e\u043f\u043e\u043c\u043e\u0436\u0435 \u0432\u0430\u043c \u0437\u043d\u0430\u0439\u0442\u0438 \u0432\u0441\u0456 \u043a\u043b\u044e\u0447\u043e\u0432\u0456 \u0432\u0438\u0434\u0430\u043d\u043d\u044f.<\/p>\n\n\n\n<p>\u0423 \u0446\u0456\u0439 \u0441\u0442\u0430\u0442\u0442\u0456 \u0437\u0456\u0431\u0440\u0430\u043d\u043e \u0432\u0441\u0456 14 \u043a\u043d\u0438\u0433 \u0430\u0432\u0442\u043e\u0440\u0430 \u0437 \u043a\u043e\u0440\u043e\u0442\u043a\u0438\u043c \u0437\u043c\u0456\u0441\u0442\u043e\u043c \u0442\u0430 \u043f\u0440\u044f\u043c\u0438\u043c\u0438 \u043f\u043e\u0441\u0438\u043b\u0430\u043d\u043d\u044f\u043c\u0438 \u043d\u0430 \u043f\u043e\u0432\u043d\u0456 \u0442\u0435\u043a\u0441\u0442\u0438.<\/p>\n\n\n\n<p>\u041d\u0435\u0432\u0456\u043b\u043b \u0413\u043e\u0434\u0434\u0430\u0440\u0434 \u2014 \u043b\u0435\u0433\u0435\u043d\u0434\u0430\u0440\u043d\u0438\u0439 \u043c\u0456\u0441\u0442\u0438\u043a \u0442\u0430 \u0430\u0432\u0442\u043e\u0440 \u043a\u043e\u043d\u0446\u0435\u043f\u0446\u0456\u0457 <strong>\u00ab\u0417\u0430\u043a\u043e\u043d\u0443 \u043f\u0440\u0438\u043f\u0443\u0449\u0435\u043d\u043d\u044f\u00bb<\/strong>. \u0419\u043e\u0433\u043e \u043f\u0440\u0430\u0446\u0456 \u0441\u0442\u0430\u043b\u0438 \u043e\u0441\u043d\u043e\u0432\u043e\u044e \u0434\u043b\u044f \u0441\u0443\u0447\u0430\u0441\u043d\u0438\u0445 \u0432\u0447\u0435\u043d\u044c \u043f\u0440\u043e \u0441\u0438\u043b\u0443 \u0434\u0443\u043c\u043a\u0438 \u0442\u0430 \u043c\u0430\u043d\u0456\u0444\u0435\u0441\u0442\u0430\u0446\u0456\u044e \u0440\u0435\u0430\u043b\u044c\u043d\u043e\u0441\u0442\u0456. \u042f\u043a\u0449\u043e \u0432\u0438 \u0448\u0443\u043a\u0430\u0454\u0442\u0435, \u0434\u0435 \u0447\u0438\u0442\u0430\u0442\u0438 \u041d\u0435\u0432\u0456\u043b\u043b\u0430 \u0413\u043e\u0434\u0434\u0430\u0440\u0434\u0430 \u0443\u043a\u0440\u0430\u0457\u043d\u0441\u044c\u043a\u043e\u044e \u043c\u043e\u0432\u043e\u044e, \u0446\u0435\u0439 \u043f\u043e\u0432\u043d\u0438\u0439 \u043f\u0443\u0442\u0456\u0432\u043d\u0438\u043a \u0434\u043e\u043f\u043e\u043c\u043e\u0436\u0435 \u0432\u0430\u043c \u0437\u043d\u0430\u0439\u0442\u0438 \u0432\u0441\u0456 \u043a\u043b\u044e\u0447\u043e\u0432\u0456 \u0432\u0438\u0434\u0430\u043d\u043d\u044f.<\/p>\n\n\n\n<h2 class=\"wp-block-heading\">\u041f\u043e\u0432\u043d\u0438\u0439 \u0441\u043f\u0438\u0441\u043e\u043a \u043a\u043d\u0438\u0433 \u041d\u0435\u0432\u0456\u043b\u043b\u0430 \u0413\u043e\u0434\u0434\u0430\u0440\u0434\u0430 (\u0445\u0440\u043e\u043d\u043e\u043b\u043e\u0433\u0456\u044f)<\/h2>\n\n\n\n<h3 class=\"wp-block-heading\">1. <a href=\"https:\/\/manifestation.com.ua\/pl\/za-vashym-nakazom-at-your-command\/\">Na Tw\u00f3j rozkaz (1939)<\/a><\/h3>\n\n\n\n<p>Fundamentalne dzie\u0142o, kt\u00f3re otwiera cykl nauki. W tym kr\u00f3tkim, ale niezwykle mocnym dziele Neville najpierw wprowadza czytelnika w koncepcj\u0119 \u201cJA JESTEM\u201d jako jedynego \u017ar\u00f3d\u0142a wszystkiego, co istnieje. Autor wyja\u015bnia, \u017ce \u015bwiadomo\u015b\u0107 jest jedyn\u0105 rzeczywisto\u015bci\u0105, a okoliczno\u015bci nie maj\u0105 nad cz\u0142owiekiem w\u0142adzy, dop\u00f3ki \u015bwiadomie nie nadamy mu tej mocy. Ksi\u0105\u017cka uczy, jak \u015bwiadomie \u201crozkazywa\u0107\u201d wszech\u015bwiatowi nie poprzez b\u0142aganie, ale poprzez wewn\u0119trzn\u0105 afirmacj\u0119. Jest idealna dla tych, kt\u00f3rzy dopiero zaczynaj\u0105 zg\u0142\u0119bia\u0107 zjawisko manifestacji, poniewa\u017c k\u0142adzie fundamenty pod zrozumienie, jak nasze g\u0142\u0119bokie przekonania kszta\u0142tuj\u0105 \u015bwiat fizyczny.<\/p>\n\n\n\n<h3 class=\"wp-block-heading\">2. <a href=\"https:\/\/manifestation.com.ua\/pl\/twoje-zycie-twoje-szczescie\/\">Twoja wiara to twoje szcz\u0119\u015bcie (1941)<\/a><\/h3>\n\n\n\n<p>G\u0142\u0119bokie zanurzenie w psychologicznej interpretacji Biblii. Neville oferuje rewolucyjn\u0105 wizj\u0119 Pisma \u015awi\u0119tego, dekoduj\u0105c je jako dramat psychologiczny rozgrywaj\u0105cy si\u0119 w \u015bwiadomo\u015bci ka\u017cdego cz\u0142owieka. Zamiast postrzega\u0107 postacie biblijne jako postaci historyczne, autor interpretuje je jako r\u00f3\u017cne stany umys\u0142u i etapy duchowego przebudzenia. Ksi\u0105\u017cka dowodzi, \u017ce wszystkie teksty religijne opisuj\u0105 wewn\u0119trzny stan cz\u0142owieka i pomaga uwolni\u0107 si\u0119 od dogmatycznego my\u015blenia, aby zrozumie\u0107: prawdziwym cudem jest zmiana w\u0142asnej percepcji i niezachwiana wiara w sw\u00f3j idea\u0142.<\/p>\n\n\n\n<h3 class=\"wp-block-heading\">3. <a href=\"https:\/\/manifestation.com.ua\/pl\/nevill-goddard-svoboda-dlya-vsih-1942-povna-knyga\/\">Wolno\u015b\u0107 dla wszystkich (1942)<\/a><\/h3>\n\n\n\n<p>Przewodnik po opanowaniu wewn\u0119trznej wolno\u015bci. Zg\u0142\u0119bia ide\u0119, \u017ce prawdziwym wi\u0119zieniem nie s\u0105 okoliczno\u015bci zewn\u0119trzne, lecz nasze w\u0142asne, ograniczaj\u0105ce przekonania. Ksi\u0105\u017cka ujawnia sekrety uwolnienia si\u0119 od ogranicze\u0144 \u015bwiata fizycznego poprzez radykaln\u0105 zmian\u0119 w sposobie skupiania uwagi. G\u0142\u00f3wny nacisk k\u0142adziony jest na umiej\u0119tno\u015b\u0107 ignorowania bod\u017ac\u00f3w zmys\u0142owych, a w pe\u0142ni na przeniesienie uwagi na po\u017c\u0105dan\u0105 rzeczywisto\u015b\u0107, stworzon\u0105 w wyobra\u017ani. Neville oferuje praktyczne narz\u0119dzia, kt\u00f3re pomog\u0105 pokona\u0107 op\u00f3r \u015bwiata materialnego i poczu\u0107 si\u0119 prawdziwym tw\u00f3rc\u0105 swojego przeznaczenia.<\/p>\n\n\n\n<h3 class=\"wp-block-heading\">4. <a href=\"https:\/\/manifestation.com.ua\/pl\/nevill-goddard-vidchuttya-cze-tayemnyczya-1944-pelna-ksiazka\/\">Uczucie jest sekretem (1944)<\/a><\/h3>\n\n\n\n<p><strong>Bestseller.<\/strong> Najkr\u00f3tsza i najskuteczniejsza ksi\u0105\u017cka o pracy z pod\u015bwiadomo\u015bci\u0105, kt\u00f3ra cieszy si\u0119 nies\u0142abn\u0105c\u0105 popularno\u015bci\u0105 ze wzgl\u0119du na swoj\u0105 krystaliczn\u0105 przejrzysto\u015b\u0107. Neville wyja\u015bnia interakcj\u0119 mi\u0119dzy \u015bwiadomo\u015bci\u0105 (kt\u00f3ra generuje idee) a pod\u015bwiadomo\u015bci\u0105 (kt\u00f3ra je materializuje). G\u0142\u00f3wnym sekretem manifestacji nie jest nadmierny wysi\u0142ek czy zmagania, ale umiej\u0119tno\u015b\u0107 przepe\u0142nienia emocjami zwi\u0105zanymi ze spe\u0142nionym pragnieniem. Autor szczeg\u00f3\u0142owo opisuje, jak wykorzysta\u0107 naturalne stany, zw\u0142aszcza okres przed snem, aby delikatnie \u201czasia\u0107\u201d w pod\u015bwiadomo\u015bci niezb\u0119dne uczucia, przekszta\u0142caj\u0105c je w nieuniknion\u0105 rzeczywisto\u015b\u0107 fizyczn\u0105.<\/p>\n\n\n\n<h3 class=\"wp-block-heading\">5. <a href=\"https:\/\/manifestation.com.ua\/pl\/nevill-goddard-modlitwa-madrosc-wiary-1945-cala-ksiazka\/\" data-type=\"page\" data-id=\"176\">Modlitwa: Sztuka wiary (1945)<\/a><\/h3>\n\n\n\n<p>Jak modli\u0107 si\u0119 poprawnie, aby zawsze otrzymywa\u0107 odpowiedzi? W tej ksi\u0105\u017cce klasyczne rozumienie modlitwy jako b\u0142agania do zewn\u0119trznego b\u00f3stwa ulega ca\u0142kowitemu zniszczeniu. Neville traktuje modlitw\u0119 jako proces naukowy \u2013 sztuk\u0119 wchodzenia w stan spe\u0142nienia pragnienia za pomoc\u0105 technik wizualizacyjnych. Wyja\u015bnia mechanizmy przekazywania my\u015bli, telepatii mentalnej i to, jak nasze ukryte przekonania wp\u0142ywaj\u0105 na zachowania innych ludzi. Ksi\u0105\u017cka szczeg\u00f3\u0142owo analizuje stan przypominaj\u0105cy sen (SATS), w kt\u00f3rym modlitwa staje si\u0119 narz\u0119dziem natychmiastowego przeprogramowania rzeczywisto\u015bci.<\/p>\n\n\n\n<h3 class=\"wp-block-heading\">6. <a href=\"https:\/\/manifestation.com.ua\/pl\/nevill-goddard-poshuk-1946-pelna-ksiazka\/\" data-type=\"page\" data-id=\"193\">Poszukiwania (1946)<\/a><\/h3>\n\n\n\n<p>Esej o poszukiwaniu sensu \u017cycia i Boga w sobie. To g\u0142\u0119boko osobista, niewielka ksi\u0105\u017cka o ogromnej tre\u015bci filozoficznej, odzwierciedlaj\u0105ca mistyczne poszukiwania autora. Przemawia do tych, kt\u00f3rzy s\u0105 zm\u0119czeni poszukiwaniem odpowiedzi w \u015bwiecie zewn\u0119trznym, filozofiach czy instytucjach religijnych i s\u0105 gotowi zajrze\u0107 w g\u0142\u0105b siebie. Neville opisuje proces zdumiewaj\u0105cego u\u015bwiadomienia sobie, \u017ce Stw\u00f3rca jest w rzeczywisto\u015bci nasz\u0105 w\u0142asn\u0105, ludzk\u0105 wyobra\u017ani\u0105. To mocne przypomnienie, \u017ce wszystkie odpowiedzi na globalne pytania s\u0105 ju\u017c zakorzenione w naszych umys\u0142ach.<\/p>\n\n\n\n<h3 class=\"wp-block-heading\">7. <a href=\"https:\/\/manifestation.com.ua\/pl\/\">Pi\u0119\u0107 lekcji (1948)<\/a><\/h3>\n\n\n\n<p>Transkrypcja kursu praktycznego, kt\u00f3ry Neville poprowadzi\u0142 na \u017cywo w Los Angeles. Jest on niezwykle cenny ze wzgl\u0119du na swoj\u0105 praktyczn\u0105 form\u0119: zawiera szczeg\u00f3\u0142owe \u0107wiczenia i wyja\u015bnienia techniki \u201cPrawa Za\u0142o\u017cenia\u201d. Ka\u017cda lekcja zawiera instrukcje krok po kroku, a na ko\u0144cu znajduje si\u0119 sekcja pyta\u0144 i odpowiedzi z udzia\u0142em publiczno\u015bci. To w\u0142a\u015bnie w tej ksi\u0105\u017cce autor szczeg\u00f3\u0142owo analizuje technik\u0119 \u201cRewizji\u201d \u2013 unikaln\u0105 metod\u0119 przekszta\u0142cania przesz\u0142ych wydarze\u0144 w wyobra\u017ani, aby uleczy\u0107 traum\u0119 psychologiczn\u0105 i skorygowa\u0107 przysz\u0142e skutki.<\/p>\n\n\n\n<h3 class=\"wp-block-heading\">8. <a href=\"https:\/\/manifestation.com.ua\/pl\/neville-goddard-poza-swiatem-1949-cala-ksiazka\/\" data-type=\"page\" data-id=\"200\">Nie z tego \u015bwiata (1949)<\/a><\/h3>\n\n\n\n<p>Eksploracja czwartego wymiaru i podr\u00f3\u017cy w czasie przez umys\u0142. Ta praca wyprzedzi\u0142a swoje czasy o dekady, proponuj\u0105c koncepcje, kt\u00f3re wsp\u00f3\u0142graj\u0105 z psychologi\u0105 kwantow\u0105 i fizyk\u0105. Neville postrzega nasz tr\u00f3jwymiarowy \u015bwiat jako jedynie cie\u0144 wi\u0119kszej, wielowymiarowej rzeczywisto\u015bci, w kt\u00f3rej przesz\u0142o\u015b\u0107, tera\u017aniejszo\u015b\u0107 i przysz\u0142o\u015b\u0107 istniej\u0105 jednocze\u015bnie. Dzi\u0119ki tej ksi\u0105\u017cce dowiesz si\u0119, jak za pomoc\u0105 wyobra\u017ani przenie\u015b\u0107 punkt ci\u0119\u017cko\u015bci w przestrzeni i czasie, aby \u201czamieszka\u0107\u201d w upragnionej przysz\u0142o\u015bci, zanim ona fizycznie nadejdzie.<\/p>\n\n\n\n<h3 class=\"wp-block-heading\">9. <a href=\"https:\/\/manifestation.com.ua\/pl\/neville-goddard-przebudzenie-snu-cala-ksiazka-1954\/\" data-type=\"page\" data-id=\"244\">Przebudzona wyobra\u017ania (1954)<\/a><\/h3>\n\n\n\n<p>Prze\u0142omowe dzie\u0142o o tym, jak ludzka wyobra\u017ania dos\u0142ownie kreuje rzeczywisto\u015b\u0107. Neville ukazuje uderzaj\u0105c\u0105 r\u00f3\u017cnic\u0119 mi\u0119dzy osob\u0105 \u201c\u015bpi\u0105c\u0105\u201d, kt\u00f3ra biernie reaguje na okoliczno\u015bci, a osob\u0105 \u201cprzebudzon\u0105\u201d, kt\u00f3ra przyjmuje rol\u0119 \u015bwiadomego kreatora w\u0142asnego \u017cycia. Ksi\u0105\u017cka zawiera wiele przyk\u0142ad\u00f3w i historii prawdziwych ludzi, kt\u00f3rzy radykalnie odmienili swoje \u017cycie, stosuj\u0105c metody Neville\u2019a: od wyleczenia powa\u017cnych chor\u00f3b po osi\u0105gni\u0119cie niesamowitego sukcesu spo\u0142ecznego i finansowego wy\u0142\u0105cznie dzi\u0119ki aktywnemu wykorzystaniu wewn\u0119trznej wizji.<\/p>\n\n\n\n<h3 class=\"wp-block-heading\">10. <a href=\"https:\/\/manifestation.com.ua\/pl\/nevill-goddard-chas-nasinnya-i-vrozhaj-mistychnyj-poglyad-na-pysannya-1956-povna-knyga\/\" data-type=\"page\" data-id=\"282\">Czas siewu i \u017cniw (1956)<\/a><\/h3>\n\n\n\n<p>O cyklicznej naturze naszych my\u015bli i wzorcach ich materializacji. W tej pracy autorka dokonuje g\u0142\u0119bokiej analogii mi\u0119dzy naturalnymi cyklami rolniczymi a procesem spe\u0142niania pragnie\u0144. Tak jak ka\u017cde nasiono ma sw\u00f3j w\u0142asny, unikalny czas na kie\u0142kowanie, tak ka\u017cda my\u015bl potrzebuje pewnego \u201codst\u0119pu czasu\u201d, zanim stanie si\u0119 widoczna. Ksi\u0105\u017cka uczy cierpliwo\u015bci, wiary w rezultat i stanowi doskona\u0142y poradnik walki z l\u0119kiem. Wyja\u015bnia, dlaczego nie nale\u017cy \u201cwykopywa\u0107 nasienia\u201d ka\u017cdego dnia, aby sprawdzi\u0107, czy ro\u015bnie.<\/p>\n\n\n\n<h3 class=\"wp-block-heading\">11. <a href=\"https:\/\/manifestation.com.ua\/pl\/nevil-goddard-ya-znayu-svogo-batka-1960-povna-knyga\/\">Znam swojego ojca (1960)<\/a><\/h3>\n\n\n\n<p>Ksi\u0105\u017cka o g\u0142\u0119bokiej jedno\u015bci cz\u0142owieka ze \u0179r\u00f3d\u0142em wszystkiego, co istnieje. To niezwykle intymna, mistyczna historia, w kt\u00f3rej Neville dzieli si\u0119 swoim do\u015bwiadczeniem u\u015bwiadomienia sobie, \u017ce Stw\u00f3rca (Ojciec) i stworzenie (Syn) stanowi\u0105 jedn\u0105, nierozerwaln\u0105 ca\u0142o\u015b\u0107. Celem ksi\u0105\u017cki jest zniszczenie iluzji ludzkiej odr\u0119bno\u015bci i samotno\u015bci we Wszech\u015bwiecie. Pomaga czytelnikowi poczu\u0107 swoj\u0105 bosk\u0105 natur\u0119 nie jako abstrakcyjn\u0105 ide\u0119, lecz jako realny stan, kt\u00f3ry daje absolutny spok\u00f3j i w\u0142adz\u0119 nad w\u0142asnym losem.<\/p>\n\n\n\n<h3 class=\"wp-block-heading\">12. <a href=\"https:\/\/manifestation.com.ua\/pl\/nevil-goddard-ya-znayu-svogo-batka-1960-povna-knyga\/\" data-type=\"page\" data-id=\"285\">Prawo i obietnica (1961)<\/a><\/h3>\n\n\n\n<p>Najlepszy zbi\u00f3r przypadk\u00f3w, tradycyjnie podzielony na dwie uzupe\u0142niaj\u0105ce si\u0119 cz\u0119\u015bci. Pierwsza cz\u0119\u015b\u0107 po\u015bwi\u0119cona jest \u201cPrawu\u201d \u2013 praktycznemu zastosowaniu wyobra\u017ani do osi\u0105gania cel\u00f3w. Znajdziesz tu ogromn\u0105 liczb\u0119 autentycznych, udokumentowanych list\u00f3w od uczni\u00f3w Neville&#039;a, ze szczeg\u00f3\u0142owymi opisami ich zwyci\u0119stw. Druga cz\u0119\u015b\u0107 koncentruje si\u0119 na \u201cObietnicy\u201d \u2013 nieuniknionym duchowym przebudzeniu ka\u017cdego cz\u0142owieka. Je\u015bli w\u0105tpisz w skuteczno\u015b\u0107 koncepcji manifestacji \u2013 koniecznie przeczytaj niesamowite \u015bwiadectwa zawarte w tej ksi\u0105\u017cce.<\/p>\n\n\n\n<h3 class=\"wp-block-heading\">13. <a href=\"https:\/\/manifestation.com.ua\/pl\/nevil-goddard-vin-rozbyvaye-obolonku-1964-ridkisna-povna-knyga\/\" data-type=\"page\" data-id=\"344\">Rozbija skorup\u0119 (1964)<\/a><\/h3>\n\n\n\n<p>Mistyczne do\u015bwiadczenie przebudzenia duchowej ja\u017ani. Autor pos\u0142uguje si\u0119 tu sugestywn\u0105 metafor\u0105 \u201cskorupy\u201d (lub koperty), kt\u00f3ra reprezentuje nasze cia\u0142o fizyczne, \u015bmiertelne ego i ograniczon\u0105, tr\u00f3jwymiarow\u0105 percepcj\u0119. Ksi\u0105\u017cka opowiada histori\u0119 procesu mistycznych \u201cnarodzin z g\u00f3ry\u201d, kiedy \u015bwiadomo\u015b\u0107 przebija si\u0119 przez t\u0119 skorup\u0119 i wy\u0142ania si\u0119 w szerszej rzeczywisto\u015bci. To ksi\u0105\u017cka dla tych, kt\u00f3rzy poszukuj\u0105 g\u0142\u0119bszego o\u015bwiecenia i symbolizuje przej\u015bcie zmar\u0142ego Neville\u2019a od pragnie\u0144 materialnych do czystej, duchowej ewolucji.<\/p>\n\n\n\n<h3 class=\"wp-block-heading\">14. <a href=\"https:\/\/manifestation.com.ua\/pl\/nevill-goddard-zmartwychwstanie-1966-cala-ksiazka\/\" data-type=\"page\" data-id=\"347\">Zmartwychwstanie (1966)<\/a><\/h3>\n\n\n\n<p>Ostatnia ksi\u0105\u017cka autora, stanowi\u0105ca idealne podsumowanie ca\u0142ego jego \u017cycia i nauk o wiecznej naturze cz\u0142owieka. Neville radykalnie przemy\u015bla koncepcj\u0119 zmartwychwstania, argumentuj\u0105c, \u017ce nie jest to wydarzenie, kt\u00f3re nast\u0105pi po \u015bmierci fizycznej, lecz proces psychologiczny, kt\u00f3ry zachodzi tu i teraz. Zmartwychwstanie to zdolno\u015b\u0107 do \u201co\u017cywienia\u201d po\u017c\u0105danego stanu \u015bwiadomo\u015bci, przej\u015bcia z martwej przesz\u0142o\u015bci do \u017cywego, \u015bwiadomego stworzenia. Ostatni akord wielkiego mistyka, wype\u0142niony najwa\u017cniejszymi objawieniami.<\/p>\n\n\n\n<h2 class=\"wp-block-heading\">\u041f\u043e\u0448\u0438\u0440\u0435\u043d\u0456 \u0437\u0430\u043f\u0438\u0442\u0430\u043d\u043d\u044f (FAQ)<\/h2>\n\n\n\n<h3 class=\"wp-block-heading\">\u0417 \u044f\u043a\u043e\u0457 \u043a\u043d\u0438\u0433\u0438 \u041d\u0435\u0432\u0456\u043b\u043b\u0430 \u0413\u043e\u0434\u0434\u0430\u0440\u0434\u0430 \u043f\u043e\u0447\u0430\u0442\u0438?<\/h3>\n\n\n\n<p>\u041d\u0430\u0439\u043a\u0440\u0430\u0449\u0435 \u043f\u043e\u0447\u0430\u0442\u0438 \u0437 \u043a\u043d\u0438\u0433\u0438 <strong>&#8220;\u0412\u0456\u0434\u0447\u0443\u0442\u0442\u044f \u2014 \u0446\u0435 \u0442\u0430\u0454\u043c\u043d\u0438\u0446\u044f&#8221;<\/strong>. \u0412\u043e\u043d\u0430 \u043a\u043e\u0440\u043e\u0442\u043a\u0430, \u043f\u0440\u0430\u043a\u0442\u0438\u0447\u043d\u0430 \u0456 \u0434\u0430\u0454 \u0447\u0456\u0442\u043a\u0435 \u0440\u043e\u0437\u0443\u043c\u0456\u043d\u043d\u044f \u043c\u0435\u0442\u043e\u0434\u0443 \u0430\u0432\u0442\u043e\u0440\u0430. \u0422\u0430\u043a\u043e\u0436 \u0440\u0435\u043a\u043e\u043c\u0435\u043d\u0434\u0443\u0454\u043c\u043e <strong>&#8220;\u041f&#8217;\u044f\u0442\u044c \u0443\u0440\u043e\u043a\u0456\u0432&#8221;<\/strong> \u0434\u043b\u044f \u043f\u0440\u0430\u043a\u0442\u0438\u0447\u043d\u043e\u0433\u043e \u0437\u0430\u0441\u0432\u043e\u0454\u043d\u043d\u044f \u0431\u0430\u0437\u0438.<\/p>\n\n\n\n<h3 class=\"wp-block-heading\">\u0429\u043e \u0442\u0430\u043a\u0435 &#8220;\u0417\u0430\u043a\u043e\u043d \u043f\u0440\u0438\u043f\u0443\u0449\u0435\u043d\u043d\u044f&#8221;?<\/h3>\n\n\n\n<p>\u0426\u0435 \u043a\u043e\u043d\u0446\u0435\u043f\u0446\u0456\u044f \u041d\u0435\u0432\u0456\u043b\u043b\u0430 \u0413\u043e\u0434\u0434\u0430\u0440\u0434\u0430, \u044f\u043a\u0430 \u0441\u0442\u0432\u0435\u0440\u0434\u0436\u0443\u0454: \u044f\u043a\u0449\u043e \u0432\u0438 \u043f\u0440\u0438\u043f\u0443\u0441\u0442\u0438\u0442\u0435, \u0449\u043e \u0432\u0430\u0448\u0435 \u0431\u0430\u0436\u0430\u043d\u043d\u044f \u0432\u0436\u0435 \u0437\u0434\u0456\u0439\u0441\u043d\u0438\u043b\u043e\u0441\u044f, \u0456 \u0431\u0443\u0434\u0435\u0442\u0435 \u0436\u0438\u0442\u0438 \u0432 \u0446\u044c\u043e\u043c\u0443 \u0441\u0442\u0430\u043d\u0456, \u0437\u043e\u0432\u043d\u0456\u0448\u043d\u0456\u0439 \u0441\u0432\u0456\u0442 \u0431\u0443\u0434\u0435 \u0437\u043c\u0443\u0448\u0435\u043d\u0438\u0439 \u043f\u0456\u0434\u043b\u0430\u0448\u0442\u0443\u0432\u0430\u0442\u0438\u0441\u044f \u043f\u0456\u0434 \u0432\u0430\u0448\u0435 \u0432\u043d\u0443\u0442\u0440\u0456\u0448\u043d\u0454 \u043f\u0435\u0440\u0435\u043a\u043e\u043d\u0430\u043d\u043d\u044f.<\/p>\n\n\n\n<h3 class=\"wp-block-heading\">\u0427\u0438 \u0454 \u043a\u043d\u0438\u0433\u0438 \u041d\u0435\u0432\u0456\u043b\u043b\u0430 \u0413\u043e\u0434\u0434\u0430\u0440\u0434\u0430 \u0432 \u0430\u0443\u0434\u0456\u043e\u0444\u043e\u0440\u043c\u0430\u0442\u0456?<\/h3>\n\n\n\n<p>\u041d\u0430 \u0431\u0430\u0433\u0430\u0442\u044c\u043e\u0445 \u0440\u0435\u0441\u0443\u0440\u0441\u0430\u0445 \u043c\u043e\u0436\u043d\u0430 \u0437\u043d\u0430\u0439\u0442\u0438 \u0430\u043c\u0430\u0442\u043e\u0440\u0441\u044c\u043a\u0456 \u043e\u0437\u0432\u0443\u0447\u043a\u0438, \u043f\u0440\u043e\u0442\u0435 \u0447\u0438\u0442\u0430\u043d\u043d\u044f \u043f\u043e\u0432\u043d\u0438\u0445 \u0442\u0435\u043a\u0441\u0442\u0456\u0432 (\u0434\u043e\u0441\u0442\u0443\u043f\u043d\u0438\u0445 \u0437\u0430 \u043f\u043e\u0441\u0438\u043b\u0430\u043d\u043d\u044f\u043c\u0438 \u0432\u0438\u0449\u0435) \u0434\u043e\u0437\u0432\u043e\u043b\u044f\u0454 \u043a\u0440\u0430\u0449\u0435 \u0437\u0430\u0433\u043b\u0438\u0431\u0438\u0442\u0438\u0441\u044f \u0432 \u0442\u0435\u0440\u043c\u0456\u043d\u043e\u043b\u043e\u0433\u0456\u044e \u0430\u0432\u0442\u043e\u0440\u0430.<\/p>\n\n\n\n<p><em>\u041f\u0440\u0438\u043c\u0456\u0442\u043a\u0430: \u0423\u0441\u0456 \u043c\u0430\u0442\u0435\u0440\u0456\u0430\u043b\u0438 \u043d\u0430\u0434\u0430\u043d\u0456 \u0434\u043b\u044f \u043e\u0437\u043d\u0430\u0439\u043e\u043c\u043b\u0435\u043d\u043d\u044f. \u0427\u0438\u0442\u0430\u043d\u043d\u044f \u043e\u0440\u0438\u0433\u0456\u043d\u0430\u043b\u044c\u043d\u0438\u0445 \u043f\u0440\u0430\u0446\u044c \u041d\u0435\u0432\u0456\u043b\u043b\u0430 \u0413\u043e\u0434\u0434\u0430\u0440\u0434\u0430 \u2014 \u0446\u0435 \u043f\u0435\u0440\u0448\u0438\u0439 \u043a\u0440\u043e\u043a \u0434\u043e \u0442\u0440\u0430\u043d\u0441\u0444\u043e\u0440\u043c\u0430\u0446\u0456\u0457 \u0432\u0430\u0448\u043e\u0457 \u0441\u0432\u0456\u0434\u043e\u043c\u043e\u0441\u0442\u0456.<\/em><\/p>","protected":false},"excerpt":{"rendered":"\u041d\u0435\u0432\u0456\u043b\u043b \u0413\u043e\u0434\u0434\u0430\u0440\u0434 \u2014 \u043b\u0435\u0433\u0435\u043d\u0434\u0430\u0440\u043d\u0438\u0439 \u043c\u0456\u0441\u0442\u0438\u043a \u0442\u0430 \u0430\u0432\u0442\u043e\u0440 \u043a\u043e\u043d\u0446\u0435\u043f\u0446\u0456\u0457 \u00ab\u0417\u0430\u043a\u043e\u043d\u0443 \u043f\u0440\u0438\u043f\u0443\u0449\u0435\u043d\u043d\u044f\u00bb. \u0419\u043e\u0433\u043e \u043f\u0440\u0430\u0446\u0456 \u0441\u0442\u0430\u043b\u0438 \u043e\u0441\u043d\u043e\u0432\u043e\u044e \u0434\u043b\u044f \u0441\u0443\u0447\u0430\u0441\u043d\u0438\u0445 \u0432\u0447\u0435\u043d\u044c \u043f\u0440\u043e&hellip;","protected":false},"author":1,"featured_media":0,"parent":0,"menu_order":0,"comment_status":"closed","ping_status":"closed","template":"","meta":{"csco_display_header_overlay":false,"csco_singular_sidebar":"","csco_page_header_type":"","footnotes":""},"class_list":{"0":"post-351","1":"page","2":"type-page","3":"status-publish","5":"cs-entry"},"_hostinger_reach_plugin_has_subscription_block":false,"_hostinger_reach_plugin_is_elementor":false,"_links":{"self":[{"href":"https:\/\/manifestation.com.ua\/pl\/wp-json\/wp\/v2\/pages\/351","targetHints":{"allow":["GET"]}}],"collection":[{"href":"https:\/\/manifestation.com.ua\/pl\/wp-json\/wp\/v2\/pages"}],"about":[{"href":"https:\/\/manifestation.com.ua\/pl\/wp-json\/wp\/v2\/types\/page"}],"author":[{"embeddable":true,"href":"https:\/\/manifestation.com.ua\/pl\/wp-json\/wp\/v2\/users\/1"}],"replies":[{"embeddable":true,"href":"https:\/\/manifestation.com.ua\/pl\/wp-json\/wp\/v2\/comments?post=351"}],"version-history":[{"count":5,"href":"https:\/\/manifestation.com.ua\/pl\/wp-json\/wp\/v2\/pages\/351\/revisions"}],"predecessor-version":[{"id":361,"href":"https:\/\/manifestation.com.ua\/pl\/wp-json\/wp\/v2\/pages\/351\/revisions\/361"}],"wp:attachment":[{"href":"https:\/\/manifestation.com.ua\/pl\/wp-json\/wp\/v2\/media?parent=351"}],"curies":[{"name":"wp","href":"https:\/\/api.w.org\/{rel}","templated":true}]}}