{"id":351,"date":"2026-03-30T11:12:56","date_gmt":"2026-03-30T11:12:56","guid":{"rendered":"https:\/\/manifestation.com.ua\/?page_id=351"},"modified":"2026-03-30T11:40:09","modified_gmt":"2026-03-30T11:40:09","slug":"neville-goddards-bocker","status":"publish","type":"page","link":"https:\/\/manifestation.com.ua\/sv\/neville-goddards-bocker\/","title":{"rendered":"Neville Goddard-b\u00f6cker: L\u00e4s online och ladda ner"},"content":{"rendered":"<p>Neville Goddard \u00e4r en legendarisk mystiker och upphovsman till konceptet <strong>\u00ab&quot;Antagandelagen&quot;\u00bb<\/strong>. Hans verk blev grunden f\u00f6r moderna l\u00e4ror om tankens kraft och verklighetens manifestation. Om du letar efter var du kan l\u00e4sa Neville Goddard p\u00e5 ukrainska, hj\u00e4lper den h\u00e4r kompletta guiden dig att hitta alla viktiga publikationer.<\/p>\n\n\n\n<p>Den h\u00e4r artikeln samlar alla 14 b\u00f6cker av f\u00f6rfattaren med korta sammanfattningar och direkta l\u00e4nkar till de fullst\u00e4ndiga texterna.<\/p>\n\n\n\n<p>Neville Goddard \u00e4r en legendarisk mystiker och upphovsman till konceptet <strong>\u00ab&quot;Antagandelagen&quot;\u00bb<\/strong>. Hans verk blev grunden f\u00f6r moderna l\u00e4ror om tankens kraft och verklighetens manifestation. Om du letar efter var du kan l\u00e4sa Neville Goddard p\u00e5 ukrainska, hj\u00e4lper den h\u00e4r kompletta guiden dig att hitta alla viktiga publikationer.<\/p>\n\n\n\n<h2 class=\"wp-block-heading\">Komplett lista \u00f6ver Neville Goddards b\u00f6cker (kronologi)<\/h2>\n\n\n\n<h3 class=\"wp-block-heading\">1. <a href=\"https:\/\/manifestation.com.ua\/sv\/za-vashym-nakazom-at-your-command\/\">P\u00e5 din befallning (1939)<\/a><\/h3>\n\n\n\n<p>Ett grundl\u00e4ggande verk som \u00f6ppnar l\u00e4randets cykel. I detta korta men otroligt kraftfulla verk introducerar Neville f\u00f6rst l\u00e4saren till konceptet &quot;JAG \u00c4R&quot; som den enda k\u00e4llan till allt som existerar. F\u00f6rfattaren f\u00f6rklarar att ditt medvetande \u00e4r den enda verkligheten, och omst\u00e4ndigheter har ingen makt \u00f6ver en person om de inte medvetet ger dem denna kraft. Boken l\u00e4r dig att ge medvetna &quot;order&quot; till universum, inte genom b\u00f6n, utan genom inre bekr\u00e4ftelse. Den \u00e4r idealisk f\u00f6r dem som precis har b\u00f6rjat studera manifestation, eftersom den l\u00e4gger en grundl\u00e4ggande grund f\u00f6r att f\u00f6rst\u00e5 hur v\u00e5ra djupa \u00f6vertygelser formar den fysiska v\u00e4rlden.<\/p>\n\n\n\n<h3 class=\"wp-block-heading\">2. <a href=\"https:\/\/manifestation.com.ua\/sv\/ditt-liv-din-tur\/\">Din tro \u00e4r din f\u00f6rm\u00f6genhet (1941)<\/a><\/h3>\n\n\n\n<p>En djupdykning i den psykologiska tolkningen av Bibeln. Neville erbjuder en revolutionerande syn p\u00e5 de Heliga Skrifterna och avkodar dem som ett psykologiskt drama som utspelar sig i varje persons medvetande. Ist\u00e4llet f\u00f6r att uppfatta bibliska karakt\u00e4rer som historiska gestalter tolkar f\u00f6rfattaren dem som olika sinnestillst\u00e5nd och stadier av andligt uppvaknande. Boken bevisar att alla religi\u00f6sa texter beskriver en persons inre tillst\u00e5nd och hj\u00e4lper till att befria sig fr\u00e5n dogmatiskt t\u00e4nkande f\u00f6r att f\u00f6rst\u00e5: det verkliga miraklet \u00e4r en f\u00f6r\u00e4ndring i ens egen uppfattning och en orubblig tro p\u00e5 ens ideal.<\/p>\n\n\n\n<h3 class=\"wp-block-heading\">3. <a href=\"https:\/\/manifestation.com.ua\/sv\/nevill-goddard-svoboda-dlya-vsih-1942-povna-knyga\/\">Frihet f\u00f6r alla (1942)<\/a><\/h3>\n\n\n\n<p>En guide till att bem\u00e4stra din inre frihet. Den utforskar id\u00e9n att det verkliga f\u00e4ngelset inte \u00e4r yttre omst\u00e4ndigheter, utan v\u00e5ra egna begr\u00e4nsande \u00f6vertygelser. Boken avsl\u00f6jar hemligheterna om hur vi kan befria oss fr\u00e5n den fysiska v\u00e4rldens begr\u00e4nsningar genom en radikal f\u00f6r\u00e4ndring av uppm\u00e4rksamhetsfokus. Huvudtonen ligger p\u00e5 f\u00f6rm\u00e5gan att ignorera bevisen fr\u00e5n de fysiska sinnena och helt flytta uppm\u00e4rksamheten till den \u00f6nskade verkligheten som skapats i fantasin. Neville erbjuder praktiska verktyg f\u00f6r att \u00f6vervinna den materiella v\u00e4rldens motst\u00e5nd och k\u00e4nna sig som den sanna skaparen av ditt \u00f6de.<\/p>\n\n\n\n<h3 class=\"wp-block-heading\">4. <a href=\"https:\/\/manifestation.com.ua\/sv\/hela-boken-nevill-goddard-vidchuttya-cze-tayemnyczya-1944\/\">K\u00e4nslan \u00e4r hemligheten (1944)<\/a><\/h3>\n\n\n\n<p><strong>B\u00e4sts\u00e4ljare.<\/strong> Den kortaste och mest effektiva boken om att arbeta med det undermedvetna, som f\u00f6rblir otroligt popul\u00e4r tack vare sin kristallklarhet. Neville f\u00f6rklarar samspelet mellan det medvetna sinnet (som genererar id\u00e9er) och det undermedvetna (som materialiserar dem). Den huvudsakliga hemligheten bakom manifestation \u00e4r inte \u00f6verdriven anstr\u00e4ngning eller kamp, utan f\u00f6rm\u00e5gan att genomsyras av k\u00e4nslan av en redan uppfylld \u00f6nskan. F\u00f6rfattaren beskriver i detalj hur man anv\u00e4nder naturliga tillst\u00e5nd, s\u00e4rskilt perioden f\u00f6re s\u00f6mn, f\u00f6r att f\u00f6rsiktigt &quot;s\u00e5&quot; det undermedvetna med de n\u00f6dv\u00e4ndiga k\u00e4nslorna och f\u00f6rvandla dem till en oundviklig fysisk verklighet.<\/p>\n\n\n\n<h3 class=\"wp-block-heading\">5. <a href=\"https:\/\/manifestation.com.ua\/sv\/nevill-goddard-bon-trons-visdom-1945-fullstandig-bok\/\" data-type=\"page\" data-id=\"176\">B\u00f6n: Konsten att tro (1945)<\/a><\/h3>\n\n\n\n<p>Hur ber man korrekt f\u00f6r att alltid f\u00e5 svar? I detta verk f\u00f6rst\u00f6rs den klassiska f\u00f6rst\u00e5elsen av b\u00f6n som en v\u00e4djan till en yttre gudom fullst\u00e4ndigt. Neville betraktar b\u00f6n som en vetenskaplig process \u2013 konsten att inta ett tillst\u00e5nd av uppfylld \u00f6nskan med hj\u00e4lp av visualiseringstekniker. Han f\u00f6rklarar mekanismerna f\u00f6r tanke\u00f6verf\u00f6ring, mental telepati och hur v\u00e5ra dolda \u00f6vertygelser p\u00e5verkar andra m\u00e4nniskors beteende. Boken unders\u00f6ker i detalj det s\u00f6mnliknande tillst\u00e5ndet (SATS), d\u00e4r b\u00f6n blir ett verktyg f\u00f6r att omedelbart omprogrammera verkligheten.<\/p>\n\n\n\n<h3 class=\"wp-block-heading\">6. <a href=\"https:\/\/manifestation.com.ua\/sv\/nevill-goddard-poshuk-1946-hela-boken\/\" data-type=\"page\" data-id=\"193\">S\u00f6kandet (1946)<\/a><\/h3>\n\n\n\n<p>En ess\u00e4 om s\u00f6kandet efter meningen med livet och Guden inom oss. Detta \u00e4r en djupt personlig, liten bok med ett enormt filosofiskt inneh\u00e5ll, som speglar f\u00f6rfattarens egna mystiska s\u00f6kande. Den tilltalar dem som \u00e4r tr\u00f6tta p\u00e5 att leta efter svar i den yttre v\u00e4rlden, filosofier eller religi\u00f6sa institutioner och \u00e4r redo att se in\u00e5t. Neville beskriver processen f\u00f6r den h\u00e4pnadsv\u00e4ckande insikten att Skaparen faktiskt \u00e4r v\u00e5r egen m\u00e4nskliga fantasi. Detta \u00e4r en kraftfull p\u00e5minnelse om att alla svar p\u00e5 globala fr\u00e5gor redan finns inb\u00e4ddade i v\u00e5ra sinnen.<\/p>\n\n\n\n<h3 class=\"wp-block-heading\">7. <a href=\"https:\/\/manifestation.com.ua\/sv\/\">Fem lektioner (1948)<\/a><\/h3>\n\n\n\n<p>En transkription av en praktisk kurs som Neville h\u00f6ll live i Los Angeles. Den \u00e4r av stort v\u00e4rde p\u00e5 grund av sitt praktiska format: den inneh\u00e5ller specifika \u00f6vningar och f\u00f6rklaringar av tekniken &quot;Antagandelagen&quot;. Varje lektion inneh\u00e5ller steg-f\u00f6r-steg-instruktioner, och i slutet finns ett fr\u00e5ge- och svarsavsnitt med en verklig publik. Det \u00e4r i den h\u00e4r boken som f\u00f6rfattaren i detalj unders\u00f6ker &quot;Revisions&quot;-tekniken - en unik metod f\u00f6r att f\u00f6r\u00e4ndra tidigare h\u00e4ndelser i fantasin f\u00f6r att l\u00e4ka psykologiska trauman och korrigera framtida resultat.<\/p>\n\n\n\n<h3 class=\"wp-block-heading\">8. <a href=\"https:\/\/manifestation.com.ua\/sv\/neville-goddard-bortom-varlden-1949-hela-boken\/\" data-type=\"page\" data-id=\"200\">Utom denna v\u00e4rld (1949)<\/a><\/h3>\n\n\n\n<p>En utforskning av den fj\u00e4rde dimensionen och tidsresor genom sinnet. Detta verk var \u00e5rtionden f\u00f6re sin tid och f\u00f6reslog koncept som resonerar med kvantpsykologi och fysik idag. Neville ser v\u00e5r tredimensionella v\u00e4rld som bara en skugga av en st\u00f6rre, flerdimensionell verklighet, d\u00e4r det f\u00f6rflutna, nuet och framtiden existerar samtidigt. Med den h\u00e4r boken l\u00e4r du dig hur du kan flytta ditt fokus i rum och tid genom din fantasi f\u00f6r att &quot;bebo&quot; den framtid du \u00f6nskar innan den fysiskt anl\u00e4nder.<\/p>\n\n\n\n<h3 class=\"wp-block-heading\">9. <a href=\"https:\/\/manifestation.com.ua\/sv\/neville-goddard-somnens-uppvaknande-hela-boken-1954\/\" data-type=\"page\" data-id=\"244\">V\u00e4ckt fantasi (1954)<\/a><\/h3>\n\n\n\n<p>Ett banbrytande verk om hur m\u00e4nsklig fantasi bokstavligen skapar verklighet. Neville visar den sl\u00e5ende skillnaden mellan en &quot;sovande&quot; person som passivt reagerar p\u00e5 omst\u00e4ndigheter och en &quot;uppvaknad&quot; person som tar p\u00e5 sig rollen som en medveten skapare av sitt eget liv. Boken inneh\u00e5ller m\u00e5nga exempel och ber\u00e4ttelser om verkliga m\u00e4nniskor som radikalt har f\u00f6r\u00e4ndrat sina liv med hj\u00e4lp av Nevilles metoder: fr\u00e5n att l\u00e4ka allvarliga sjukdomar till att uppn\u00e5 otrolig social och ekonomisk framg\u00e5ng enbart genom aktiv anv\u00e4ndning av inre vision.<\/p>\n\n\n\n<h3 class=\"wp-block-heading\">10. <a href=\"https:\/\/manifestation.com.ua\/sv\/nevil-goddard-froets-tid-och-producera-en-mystisk-titt-pa-skrivande-1956-hela-boken\/\" data-type=\"page\" data-id=\"282\">S\u00e5tid och sk\u00f6rd (1956)<\/a><\/h3>\n\n\n\n<p>Om v\u00e5ra tankars cykliska natur och m\u00f6nstren f\u00f6r deras materialisering. I detta verk drar f\u00f6rfattaren en djup analogi mellan naturliga jordbrukscykler och processen att uppfylla \u00f6nskningar. Precis som varje fr\u00f6 har sin egen unika tid att gro, beh\u00f6ver varje tanke ett visst &quot;tidsintervall&quot; innan den blir synlig. Boken l\u00e4r ut t\u00e5lamod, tillit till resultatet och \u00e4r en utm\u00e4rkt guide till att bek\u00e4mpa \u00e5ngest. Den f\u00f6rklarar varf\u00f6r man inte ska &quot;gr\u00e4va upp fr\u00f6et&quot; varje dag f\u00f6r att kontrollera om det v\u00e4xer.<\/p>\n\n\n\n<h3 class=\"wp-block-heading\">11. <a href=\"https:\/\/manifestation.com.ua\/sv\/nevil-goddard-ya-znayu-svogo-batka-1960-povna-knyga\/\">Jag k\u00e4nner min far (1960)<\/a><\/h3>\n\n\n\n<p>En bok om m\u00e4nniskans djupa enhet med k\u00e4llan till allt som existerar. Detta \u00e4r en mycket intim mystisk ber\u00e4ttelse d\u00e4r Neville delar med sig av sin erfarenhet av att inse att Skaparen (Fadern) och skapelsen (Sonen) \u00e4r en odelbar helhet. Boken syftar till att f\u00f6rst\u00f6ra illusionen av m\u00e4nsklig separation och ensamhet i universum. Den hj\u00e4lper l\u00e4saren att k\u00e4nna sin gudomliga natur inte som en abstrakt id\u00e9, utan som ett verkligt tillst\u00e5nd som ger absolut frid och makt \u00f6ver sitt eget \u00f6de.<\/p>\n\n\n\n<h3 class=\"wp-block-heading\">12. <a href=\"https:\/\/manifestation.com.ua\/sv\/nevil-goddard-ya-znayu-svogo-batka-1960-povna-knyga\/\" data-type=\"page\" data-id=\"285\">Lagen och l\u00f6ftet (1961)<\/a><\/h3>\n\n\n\n<p>Den b\u00e4sta samlingen av fall, som konventionellt \u00e4r uppdelad i tv\u00e5 kompletterande delar. Den f\u00f6rsta delen \u00e4gnas \u00e5t &quot;Lagen&quot; - den praktiska till\u00e4mpningen av fantasi f\u00f6r att uppn\u00e5 m\u00e5l. H\u00e4r finns ett stort antal verkliga, dokumenterade brev fr\u00e5n Nevilles elever med detaljerade beskrivningar av deras segrar. Den andra delen fokuserar p\u00e5 &quot;L\u00f6ftet&quot; - det oundvikliga andliga uppvaknandet hos varje person. Om du tvivlar p\u00e5 att manifestationsbegreppen fungerar - se till att l\u00e4sa de otroliga vittnesm\u00e5len i den h\u00e4r boken.<\/p>\n\n\n\n<h3 class=\"wp-block-heading\">13. <a href=\"https:\/\/manifestation.com.ua\/sv\/nevil-goddard-vin-rozbyvaye-obolonku-1964-ridkisna-povna-knyga\/\" data-type=\"page\" data-id=\"344\">Han bryter skalet (1964)<\/a><\/h3>\n\n\n\n<p>En mystisk upplevelse av att v\u00e4cka det andliga jaget. H\u00e4r anv\u00e4nder f\u00f6rfattaren den kraftfulla metaforen om &quot;skalet&quot; (eller h\u00f6ljet), vilket representerar v\u00e5r fysiska kropp, d\u00f6dliga ego och begr\u00e4nsade tredimensionella uppfattning. Boken ber\u00e4ttar historien om processen av mystisk &quot;f\u00f6delse fr\u00e5n ovan&quot;, n\u00e4r medvetandet bryter igenom detta skal och tr\u00e4der fram i en st\u00f6rre verklighet. Detta \u00e4r en bok f\u00f6r dem som s\u00f6ker djupare upplysning, och markerar den avlidne Nevilles \u00f6verg\u00e5ng fr\u00e5n materiella beg\u00e4r till ren andlig evolution.<\/p>\n\n\n\n<h3 class=\"wp-block-heading\">14. <a href=\"https:\/\/manifestation.com.ua\/sv\/nevill-goddard-voskresinnya-1966-povna-knyga\/\" data-type=\"page\" data-id=\"347\">Uppst\u00e5ndelsen (1966)<\/a><\/h3>\n\n\n\n<p>F\u00f6rfattarens sista bok, som fungerar som en idealisk sammanfattning av hela hans liv och l\u00e4ror om m\u00e4nniskans eviga natur. Neville ompr\u00f6var radikalt begreppet uppst\u00e5ndelse och menar att det inte \u00e4r en h\u00e4ndelse som intr\u00e4ffar efter den fysiska d\u00f6den, utan en psykologisk process som \u00e4ger rum h\u00e4r och nu. Uppst\u00e5ndelse \u00e4r f\u00f6rm\u00e5gan att &quot;\u00e5teruppliva&quot; det \u00f6nskade medvetandetillst\u00e5ndet, att g\u00e5 fr\u00e5n det d\u00f6da f\u00f6rflutna till en levande, medveten skapelse. Den store mystikerns sista ackord, fyllt med de viktigaste uppenbarelserna.<\/p>\n\n\n\n<h2 class=\"wp-block-heading\">Vanliga fr\u00e5gor (FAQ)<\/h2>\n\n\n\n<h3 class=\"wp-block-heading\">Vilken Neville Goddard-bok ska jag b\u00f6rja med?<\/h3>\n\n\n\n<p>Det \u00e4r b\u00e4st att b\u00f6rja med en bok. <strong>\u201c&quot;K\u00e4nslor \u00e4r ett mysterium&quot;\u201d<\/strong>. Den \u00e4r kort, praktisk och ger en tydlig f\u00f6rst\u00e5else f\u00f6r f\u00f6rfattarens metod. Vi rekommenderar ocks\u00e5 <strong>\u201c&quot;Fem lektioner&quot;\u201d<\/strong> f\u00f6r praktisk beh\u00e4rskning av basen.<\/p>\n\n\n\n<h3 class=\"wp-block-heading\">Vad \u00e4r &quot;Antagandelagen&quot;?<\/h3>\n\n\n\n<p>Detta \u00e4r ett koncept av Neville Goddard, som s\u00e4ger: om du antar att din \u00f6nskan redan har uppfyllts och lever i detta tillst\u00e5nd, kommer den yttre v\u00e4rlden att tvingas anpassa sig till din inre \u00f6vertygelse.<\/p>\n\n\n\n<h3 class=\"wp-block-heading\">Finns Neville Goddards b\u00f6cker tillg\u00e4ngliga i ljudformat?<\/h3>\n\n\n\n<p>Du kan hitta amat\u00f6rr\u00f6ster p\u00e5 m\u00e5nga resurser, men om du l\u00e4ser hela texten (finns via l\u00e4nkarna ovan) kan du b\u00e4ttre f\u00f6rst\u00e5 f\u00f6rfattarens terminologi.<\/p>\n\n\n\n<p><em>Obs: Allt material tillhandah\u00e5lls endast i informationssyfte. Att l\u00e4sa Neville Goddards originalverk \u00e4r det f\u00f6rsta steget mot att f\u00f6r\u00e4ndra ditt medvetande.<\/em><\/p>","protected":false},"excerpt":{"rendered":"\u041d\u0435\u0432\u0456\u043b\u043b \u0413\u043e\u0434\u0434\u0430\u0440\u0434 \u2014 \u043b\u0435\u0433\u0435\u043d\u0434\u0430\u0440\u043d\u0438\u0439 \u043c\u0456\u0441\u0442\u0438\u043a \u0442\u0430 \u0430\u0432\u0442\u043e\u0440 \u043a\u043e\u043d\u0446\u0435\u043f\u0446\u0456\u0457 \u00ab\u0417\u0430\u043a\u043e\u043d\u0443 \u043f\u0440\u0438\u043f\u0443\u0449\u0435\u043d\u043d\u044f\u00bb. \u0419\u043e\u0433\u043e \u043f\u0440\u0430\u0446\u0456 \u0441\u0442\u0430\u043b\u0438 \u043e\u0441\u043d\u043e\u0432\u043e\u044e \u0434\u043b\u044f \u0441\u0443\u0447\u0430\u0441\u043d\u0438\u0445 \u0432\u0447\u0435\u043d\u044c \u043f\u0440\u043e&hellip;","protected":false},"author":1,"featured_media":0,"parent":0,"menu_order":0,"comment_status":"closed","ping_status":"closed","template":"","meta":{"csco_display_header_overlay":false,"csco_singular_sidebar":"","csco_page_header_type":"","footnotes":""},"class_list":{"0":"post-351","1":"page","2":"type-page","3":"status-publish","5":"cs-entry"},"_hostinger_reach_plugin_has_subscription_block":false,"_hostinger_reach_plugin_is_elementor":false,"_links":{"self":[{"href":"https:\/\/manifestation.com.ua\/sv\/wp-json\/wp\/v2\/pages\/351","targetHints":{"allow":["GET"]}}],"collection":[{"href":"https:\/\/manifestation.com.ua\/sv\/wp-json\/wp\/v2\/pages"}],"about":[{"href":"https:\/\/manifestation.com.ua\/sv\/wp-json\/wp\/v2\/types\/page"}],"author":[{"embeddable":true,"href":"https:\/\/manifestation.com.ua\/sv\/wp-json\/wp\/v2\/users\/1"}],"replies":[{"embeddable":true,"href":"https:\/\/manifestation.com.ua\/sv\/wp-json\/wp\/v2\/comments?post=351"}],"version-history":[{"count":5,"href":"https:\/\/manifestation.com.ua\/sv\/wp-json\/wp\/v2\/pages\/351\/revisions"}],"predecessor-version":[{"id":361,"href":"https:\/\/manifestation.com.ua\/sv\/wp-json\/wp\/v2\/pages\/351\/revisions\/361"}],"wp:attachment":[{"href":"https:\/\/manifestation.com.ua\/sv\/wp-json\/wp\/v2\/media?parent=351"}],"curies":[{"name":"wp","href":"https:\/\/api.w.org\/{rel}","templated":true}]}}