{"id":52,"date":"2026-03-23T13:50:24","date_gmt":"2026-03-23T11:50:24","guid":{"rendered":"https:\/\/manifestation.com.ua\/?page_id=52"},"modified":"2026-04-08T14:50:45","modified_gmt":"2026-04-08T14:50:45","slug":"om","status":"publish","type":"page","link":"https:\/\/manifestation.com.ua\/sv\/om\/","title":{"rendered":"Om webbplatsen"},"content":{"rendered":"<div class=\"wp-block-image\">\n<figure class=\"alignright size-full is-resized\"><img loading=\"lazy\" decoding=\"async\" width=\"640\" height=\"640\" src=\"https:\/\/manifestation.com.ua\/wp-content\/uploads\/2026\/04\/5197470157344202509.jpg\" alt=\"\" class=\"wp-image-384\" style=\"object-fit:contain;width:350px;height:350px\" srcset=\"https:\/\/manifestation.com.ua\/wp-content\/uploads\/2026\/04\/5197470157344202509.jpg 640w, https:\/\/manifestation.com.ua\/wp-content\/uploads\/2026\/04\/5197470157344202509-12x12.jpg 12w, https:\/\/manifestation.com.ua\/wp-content\/uploads\/2026\/04\/5197470157344202509-148x148.jpg 148w, https:\/\/manifestation.com.ua\/wp-content\/uploads\/2026\/04\/5197470157344202509-296x296.jpg 296w, https:\/\/manifestation.com.ua\/wp-content\/uploads\/2026\/04\/5197470157344202509-512x512.jpg 512w, https:\/\/manifestation.com.ua\/wp-content\/uploads\/2026\/04\/5197470157344202509-300x300.jpg 300w, https:\/\/manifestation.com.ua\/wp-content\/uploads\/2026\/04\/5197470157344202509-600x600.jpg 600w, https:\/\/manifestation.com.ua\/wp-content\/uploads\/2026\/04\/5197470157344202509-100x100.jpg 100w\" sizes=\"auto, (max-width: 640px) 100vw, 640px\" \/><\/figure>\n<\/div>\n\n\n<p>Hej. Jag heter Roman, och den h\u00e4r webbplatsen \u00e4r resultatet av mina m\u00e5nga \u00e5rs forskning i sk\u00e4rningspunkten mellan psykologi, metafysik och praktisk erfarenhet av livsf\u00f6rvandling.<br>Jag skapade den som en plattform f\u00f6r dem som har vuxit ifr\u00e5n ytliga r\u00e5d om &quot;positivt t\u00e4nkande&quot; och letar efter grundl\u00e4ggande svar p\u00e5 fr\u00e5gan: hur formar v\u00e5rt medvetande den objektiva verkligheten?<\/p>\n\n\n\n<p>Grunden f\u00f6r mitt tillv\u00e4gag\u00e5ngss\u00e4tt \u00e4r undervisning <strong>Neville Goddard<\/strong> \u2014 en av 1900-talets mest framst\u00e5ende metafysiker. Hans koncept <strong>Antagandenas lag<\/strong> (Antagandelagen) bevisar att v\u00e4rlden omkring oss bara \u00e4r en &quot;uttryckt&quot; kopia av v\u00e5rt inre tillst\u00e5nd.<\/p>\n\n\n\n<p>P\u00e5 den h\u00e4r sidan pratar vi inte bara om dr\u00f6mmar. Vi studerar mekaniken. <strong>Uppfyllelse av \u00f6nskningar<\/strong> genom:<\/p>\n\n\n\n<ul class=\"wp-block-list\">\n<li><strong>Tankens och fantasins kraft:<\/strong> Som verktyg f\u00f6r att f\u00f6r\u00e4ndra ditt inre sj\u00e4lvportr\u00e4tt.<\/li>\n\n\n\n<li><strong>Status f\u00f6r en uppfylld \u00f6nskan:<\/strong> Praktiska tekniker f\u00f6r att fixera medvetandet p\u00e5 slutresultatet.<\/li>\n\n\n\n<li><strong>Metafysisk analys:<\/strong> En djup tolkning av symbolik och antika texter genom den moderna psykologins prisma.<\/li>\n<\/ul>\n\n\n\n<p>Jag tror att var och en av oss har den medf\u00f6dda f\u00f6rm\u00e5gan att vara den medvetna arkitekten bakom v\u00e5rt eget \u00f6de. Mitt m\u00e5l \u00e4r att \u00f6vers\u00e4tta komplexa metafysiska principer till praktiska steg som hj\u00e4lper dig att f\u00f6r\u00e4ndra din verklighet: fr\u00e5n karri\u00e4r och ekonomi till personliga relationer och inre frid.<\/p>\n\n\n\n<p>Det h\u00e4r \u00e4r inte bara en blogg. Det h\u00e4r \u00e4r en plats f\u00f6r de som \u00e4r redo att ta fullt ansvar f\u00f6r sin v\u00e4rld och b\u00f6rja leva utifr\u00e5n en styrka, inte utifr\u00e5n omst\u00e4ndigheter.<\/p>\n\n\n\n<h3 class=\"wp-block-heading\">Vem kommer att vara intresserad av den h\u00e4r resursen?<\/h3>\n\n\n\n<p>Mitt tillv\u00e4gag\u00e5ngss\u00e4tt f\u00f6renar sanningss\u00f6kare fr\u00e5n olika omr\u00e5den, eftersom roten till f\u00f6r\u00e4ndring alltid \u00e4r densamma \u2013 v\u00e5rt medvetande. Om du \u00e4r n\u00e4ra id\u00e9erna <strong>Verklighetstransurfing<\/strong>, praxis <strong>Meditationer<\/strong> eller djup metafysik <strong>B\u00f6n<\/strong>, hittar du gemensamma n\u00e4mnare h\u00e4r. Vi utforskar hur <strong>Tankens kraft<\/strong> och <strong>Visualisering<\/strong> resonerar med moderna <strong>Kvantpsykologi<\/strong> och forskning <strong>Retrocasualities<\/strong>. Den h\u00e4r webbplatsen kommer att vara anv\u00e4ndbar f\u00f6r de som studerar <strong>Bibeln<\/strong> som en metafysisk guide, intresserad av <strong>Hermetism<\/strong> och <strong>Esoterisk kristendom<\/strong>, eller praxis <strong>Yoga<\/strong> f\u00f6r att uppn\u00e5 inre balans. Fr\u00e5n <strong>Affirmationer<\/strong> till <strong>Epigenetik<\/strong>, fr\u00e5n <strong>Klardr\u00f6mmande<\/strong> till principerna <strong>Stoicism<\/strong> \u2014 vi betraktar alla dessa \u00e4mnen genom ett praktiskt perspektiv och omvandlar kunskap till verkliga resultat i ditt liv.<\/p>\n\n\n\n<h2 class=\"wp-block-heading\">Webbplatsredigerare<\/h2>\n\n\n\n<div class=\"wp-block-columns is-layout-flex wp-container-core-columns-is-layout-9d6595d7 wp-block-columns-is-layout-flex\">\n<div class=\"wp-block-column is-layout-flow wp-block-column-is-layout-flow\" style=\"flex-basis:15%\">\n<figure class=\"wp-block-image size-full is-style-rounded\"><img loading=\"lazy\" decoding=\"async\" width=\"800\" height=\"800\" src=\"https:\/\/manifestation.com.ua\/wp-content\/uploads\/2026\/03\/image-1.png\" alt=\"\" class=\"wp-image-130\" style=\"aspect-ratio:1;object-fit:cover\" srcset=\"https:\/\/manifestation.com.ua\/wp-content\/uploads\/2026\/03\/image-1.png 800w, https:\/\/manifestation.com.ua\/wp-content\/uploads\/2026\/03\/image-1-300x300.png 300w, https:\/\/manifestation.com.ua\/wp-content\/uploads\/2026\/03\/image-1-100x100.png 100w, https:\/\/manifestation.com.ua\/wp-content\/uploads\/2026\/03\/image-1-600x600.png 600w, https:\/\/manifestation.com.ua\/wp-content\/uploads\/2026\/03\/image-1-150x150.png 150w, https:\/\/manifestation.com.ua\/wp-content\/uploads\/2026\/03\/image-1-768x768.png 768w\" sizes=\"auto, (max-width: 800px) 100vw, 800px\" \/><\/figure>\n<\/div>\n\n\n\n<div class=\"wp-block-column is-layout-flow wp-block-column-is-layout-flow\" style=\"flex-basis:66.66%\">\n<h3 class=\"wp-block-heading\">Roman S.<\/h3>\n\n\n\n<ul class=\"wp-block-social-links is-layout-flex wp-block-social-links-is-layout-flex\"><li class=\"wp-social-link wp-social-link-linkedin  wp-block-social-link\"><a href=\"https:\/\/www.linkedin.com\/in\/smyrnovee\/\" title=\"LinkedIn\" class=\"wp-block-social-link-anchor\" target=\"_blank\" rel=\"noopener\"><svg width=\"24\" height=\"24\" viewbox=\"0 0 24 24\" version=\"1.1\" xmlns=\"http:\/\/www.w3.org\/2000\/svg\" aria-hidden=\"true\" focusable=\"false\"><path d=\"M19.7,3H4.3C3.582,3,3,3.582,3,4.3v15.4C3,20.418,3.582,21,4.3,21h15.4c0.718,0,1.3-0.582,1.3-1.3V4.3 C21,3.582,20.418,3,19.7,3z M8.339,18.338H5.667v-8.59h2.672V18.338z M7.004,8.574c-0.857,0-1.549-0.694-1.549-1.548 c0-0.855,0.691-1.548,1.549-1.548c0.854,0,1.547,0.694,1.547,1.548C8.551,7.881,7.858,8.574,7.004,8.574z M18.339,18.338h-2.669 v-4.177c0-0.996-0.017-2.278-1.387-2.278c-1.389,0-1.601,1.086-1.601,2.206v4.249h-2.667v-8.59h2.559v1.174h0.037 c0.356-0.675,1.227-1.387,2.526-1.387c2.703,0,3.203,1.779,3.203,4.092V18.338z\"><\/path><\/svg><span class=\"wp-block-social-link-label screen-reader-text\">LinkedIn<\/span><\/a><\/li><\/ul>\n<\/div>\n<\/div>\n\n\n\n<p>F\u00f6r feedback, v\u00e4nligen skriv till kommentarsformul\u00e4ret nedan, eller till <a href=\"https:\/\/www.linkedin.com\/in\/smyrnovee\/\" data-type=\"link\" data-id=\"https:\/\/www.linkedin.com\/in\/smyrnovee\/\" target=\"_blank\" rel=\"noopener\">Linedin<\/a>, <a href=\"https:\/\/t.me\/manifestationua?direct\" data-type=\"link\" data-id=\"https:\/\/t.me\/manifestationua?direct\">Telegram Direkt<\/a>, <\/p>\n\n\n\n<p>Prenumerera p\u00e5 <a href=\"https:\/\/t.me\/manifestationua\" data-type=\"link\" data-id=\"https:\/\/t.me\/manifestationua\">Telegram-kanal<\/a><\/p>\n\n\n\n<p><a href=\"https:\/\/send.monobank.ua\/jar\/5hv2Sq1Ks4\" data-type=\"link\" data-id=\"https:\/\/send.monobank.ua\/jar\/5hv2Sq1Ks4\" target=\"_blank\" rel=\"noopener\">St\u00f6d webbplatsen<\/a><\/p>\n\n\n\n<p><\/p>\n\n\n<p><script src=\"https:\/\/cdn.pulse.is\/livechat\/loader.js\" data-live-chat-id=\"69d6386a993f9fa03c044097\" async><\/script><\/p>","protected":false},"excerpt":{"rendered":"\u0412\u0456\u0442\u0430\u044e. \u041c\u0435\u043d\u0435 \u0437\u0432\u0430\u0442\u0438 \u0420\u043e\u043c\u0430\u043d, \u0456 \u0446\u0435\u0439 \u0441\u0430\u0439\u0442 \u2014 \u0440\u0435\u0437\u0443\u043b\u044c\u0442\u0430\u0442 \u043c\u043e\u0433\u043e \u0431\u0430\u0433\u0430\u0442\u043e\u0440\u0456\u0447\u043d\u043e\u0433\u043e \u0434\u043e\u0441\u043b\u0456\u0434\u0436\u0435\u043d\u043d\u044f \u043f\u0435\u0440\u0435\u0442\u0438\u043d\u0443 \u043f\u0441\u0438\u0445\u043e\u043b\u043e\u0433\u0456\u0457, \u043c\u0435\u0442\u0430\u0444\u0456\u0437\u0438\u043a\u0438 \u0442\u0430 \u043f\u0440\u0430\u043a\u0442\u0438\u0447\u043d\u043e\u0433\u043e \u0434\u043e\u0441\u0432\u0456\u0434\u0443&hellip;","protected":false},"author":1,"featured_media":0,"parent":0,"menu_order":0,"comment_status":"closed","ping_status":"closed","template":"","meta":{"csco_display_header_overlay":false,"csco_singular_sidebar":"","csco_page_header_type":"title","footnotes":""},"class_list":{"0":"post-52","1":"page","2":"type-page","3":"status-publish","5":"cs-entry"},"_hostinger_reach_plugin_has_subscription_block":false,"_hostinger_reach_plugin_is_elementor":false,"_links":{"self":[{"href":"https:\/\/manifestation.com.ua\/sv\/wp-json\/wp\/v2\/pages\/52","targetHints":{"allow":["GET"]}}],"collection":[{"href":"https:\/\/manifestation.com.ua\/sv\/wp-json\/wp\/v2\/pages"}],"about":[{"href":"https:\/\/manifestation.com.ua\/sv\/wp-json\/wp\/v2\/types\/page"}],"author":[{"embeddable":true,"href":"https:\/\/manifestation.com.ua\/sv\/wp-json\/wp\/v2\/users\/1"}],"replies":[{"embeddable":true,"href":"https:\/\/manifestation.com.ua\/sv\/wp-json\/wp\/v2\/comments?post=52"}],"version-history":[{"count":3,"href":"https:\/\/manifestation.com.ua\/sv\/wp-json\/wp\/v2\/pages\/52\/revisions"}],"predecessor-version":[{"id":386,"href":"https:\/\/manifestation.com.ua\/sv\/wp-json\/wp\/v2\/pages\/52\/revisions\/386"}],"wp:attachment":[{"href":"https:\/\/manifestation.com.ua\/sv\/wp-json\/wp\/v2\/media?parent=52"}],"curies":[{"name":"wp","href":"https:\/\/api.w.org\/{rel}","templated":true}]}}